{"id":5397,"date":"2025-10-24T12:02:47","date_gmt":"2025-10-24T10:02:47","guid":{"rendered":"https:\/\/www.closdecaille.com\/?post_type=product&#038;p=5397"},"modified":"2026-03-09T15:01:43","modified_gmt":"2026-03-09T14:01:43","slug":"coffret-satin","status":"publish","type":"product","link":"https:\/\/www.closdecaille.com\/en\/product\/coffret-satin\/","title":{"rendered":"Satin Gift Set"},"content":{"rendered":"<p style=\"text-align: center;\" data-start=\"293\" data-end=\"497\">Offer the quintessence of ros\u00e9 with this gift set <strong data-start=\"561\" data-end=\"577\">\u201cSatin Rose\u201d<\/strong>, three bottles of\u2019<strong data-start=\"595\" data-end=\"610\">Anomis Ros\u00e9<\/strong> united in harmony <strong data-start=\"639\" data-end=\"687\">freshness, grace and Proven\u00e7al light<\/strong>.<\/p>\n<p data-start=\"609\" data-end=\"817\">This famous trio <strong data-start=\"625\" data-end=\"655\">the art of living in Provence<\/strong>, where freshness meets elegance, and finesse meets sensuality.<br data-start=\"726\" data-end=\"729\" \/>A silky, subtle and luminous ros\u00e9, to be shared during the most precious moments.<\/p>\n<p data-start=\"1066\" data-end=\"1256\">To preserve the purity of this experience, the box set features a <strong data-start=\"1144\" data-end=\"1176\">careful and reinforced packaging<\/strong>, ensuring a <strong data-start=\"1195\" data-end=\"1222\">impeccable presentation<\/strong> and one <strong data-start=\"1230\" data-end=\"1253\">optimal protection<\/strong>.<\/p>","protected":false},"excerpt":{"rendered":"<p>Offrez la quintessence du ros\u00e9 avec le coffret \u201cSatin Rose\u201d, trois flacons d\u2019Anomis Ros\u00e9 r\u00e9unis dans une harmonie de fra\u00eecheur, de gr\u00e2ce et de lumi\u00e8re proven\u00e7ale. Ce trio c\u00e9l\u00e8bre l\u2019art de vivre en Provence, o\u00f9 la fra\u00eecheur se marie \u00e0 l\u2019\u00e9l\u00e9gance, et la finesse \u00e0 la sensualit\u00e9.Un ros\u00e9 soyeux, subtil et lumineux, \u00e0 partager lors [&hellip;]<\/p>\n","protected":false},"featured_media":6450,"template":"","meta":{"_acf_changed":false,"_mo_disable_npp":""},"product_brand":[315],"product_cat":[320,49],"product_tag":[],"class_list":{"0":"post-5397","1":"product","2":"type-product","3":"status-publish","4":"has-post-thumbnail","6":"product_brand-anomis","7":"product_cat-coffrets","8":"product_cat-vins-roses","9":"product_shipping_class-coffret","11":"first","12":"instock","13":"shipping-taxable","14":"purchasable","15":"product-type-simple"},"group_of_quantity":0,"min_quantity":0,"max_quantity":"","exclude_order_quantity_value_rules":"no","exclude_category_quantity_rules":"no","combine_variations":"no","acf":[],"yoast_head":"<!-- This site is optimized with the Yoast SEO plugin v27.0 - https:\/\/yoast.com\/product\/yoast-seo-wordpress\/ -->\n<title>Coffret Satin - Clos de Caille<\/title>\n<meta name=\"description\" content=\"Satin Rose, un coffret exclusif de trois Anomis Ros\u00e9 : des vins soyeux et lumineux, n\u00e9s du soleil et de la terre de Provence.\" \/>\n<meta name=\"robots\" content=\"index, follow, max-snippet:-1, max-image-preview:large, max-video-preview:-1\" \/>\n<link rel=\"canonical\" href=\"https:\/\/www.closdecaille.com\/en\/product\/coffret-satin\/\" \/>\n<meta property=\"og:locale\" content=\"en_GB\" \/>\n<meta property=\"og:type\" content=\"article\" \/>\n<meta property=\"og:title\" content=\"Coffret Satin - Clos de Caille\" \/>\n<meta property=\"og:description\" content=\"Satin Rose, un coffret exclusif de trois Anomis Ros\u00e9 : des vins soyeux et lumineux, n\u00e9s du soleil et de la terre de Provence.\" \/>\n<meta property=\"og:url\" content=\"https:\/\/www.closdecaille.com\/en\/product\/coffret-satin\/\" \/>\n<meta property=\"og:site_name\" content=\"Clos de Caille\" \/>\n<meta property=\"article:modified_time\" content=\"2026-03-09T14:01:43+00:00\" \/>\n<meta property=\"og:image\" content=\"https:\/\/www.closdecaille.com\/wp-content\/uploads\/2025\/10\/anomis.jpg\" \/>\n\t<meta property=\"og:image:width\" content=\"2560\" \/>\n\t<meta property=\"og:image:height\" content=\"2560\" \/>\n\t<meta property=\"og:image:type\" content=\"image\/jpeg\" \/>\n<meta name=\"twitter:label1\" content=\"Estimated reading time\" \/>\n\t<meta name=\"twitter:data1\" content=\"1 minute\" \/>\n<script type=\"application\/ld+json\" class=\"yoast-schema-graph\">{\"@context\":\"https:\/\/schema.org\",\"@graph\":[{\"@type\":\"WebPage\",\"@id\":\"https:\/\/www.closdecaille.com\/produit\/coffret-satin\/\",\"url\":\"https:\/\/www.closdecaille.com\/produit\/coffret-satin\/\",\"name\":\"Coffret Satin - Clos de Caille\",\"isPartOf\":{\"@id\":\"https:\/\/www.closdecaille.com\/#website\"},\"primaryImageOfPage\":{\"@id\":\"https:\/\/www.closdecaille.com\/produit\/coffret-satin\/#primaryimage\"},\"image\":{\"@id\":\"https:\/\/www.closdecaille.com\/produit\/coffret-satin\/#primaryimage\"},\"thumbnailUrl\":\"https:\/\/www.closdecaille.com\/wp-content\/uploads\/2025\/10\/anomis.jpg\",\"datePublished\":\"2025-10-24T10:02:47+00:00\",\"dateModified\":\"2026-03-09T14:01:43+00:00\",\"description\":\"Satin Rose, un coffret exclusif de trois Anomis Ros\u00e9 : des vins soyeux et lumineux, n\u00e9s du soleil et de la terre de Provence.\",\"breadcrumb\":{\"@id\":\"https:\/\/www.closdecaille.com\/produit\/coffret-satin\/#breadcrumb\"},\"inLanguage\":\"en-GB\",\"potentialAction\":[{\"@type\":\"ReadAction\",\"target\":[\"https:\/\/www.closdecaille.com\/produit\/coffret-satin\/\"]}]},{\"@type\":\"ImageObject\",\"inLanguage\":\"en-GB\",\"@id\":\"https:\/\/www.closdecaille.com\/produit\/coffret-satin\/#primaryimage\",\"url\":\"https:\/\/www.closdecaille.com\/wp-content\/uploads\/2025\/10\/anomis.jpg\",\"contentUrl\":\"https:\/\/www.closdecaille.com\/wp-content\/uploads\/2025\/10\/anomis.jpg\",\"width\":2560,\"height\":2560,\"caption\":\"Clos de Caille - Packshot - Satin - Carr\u00e9\"},{\"@type\":\"BreadcrumbList\",\"@id\":\"https:\/\/www.closdecaille.com\/produit\/coffret-satin\/#breadcrumb\",\"itemListElement\":[{\"@type\":\"ListItem\",\"position\":1,\"name\":\"Nos Vins\",\"item\":\"https:\/\/www.closdecaille.com\/boutique\/\"},{\"@type\":\"ListItem\",\"position\":2,\"name\":\"Anomis\",\"item\":\"https:\/\/www.closdecaille.com\/brand\/anomis\/\"},{\"@type\":\"ListItem\",\"position\":3,\"name\":\"Coffret Satin\"}]},{\"@type\":\"WebSite\",\"@id\":\"https:\/\/www.closdecaille.com\/#website\",\"url\":\"https:\/\/www.closdecaille.com\/\",\"name\":\"Clos de Caille\",\"description\":\"Vins AOP C\u00f4tes de Provence\",\"publisher\":{\"@id\":\"https:\/\/www.closdecaille.com\/#organization\"},\"potentialAction\":[{\"@type\":\"SearchAction\",\"target\":{\"@type\":\"EntryPoint\",\"urlTemplate\":\"https:\/\/www.closdecaille.com\/?s={search_term_string}\"},\"query-input\":{\"@type\":\"PropertyValueSpecification\",\"valueRequired\":true,\"valueName\":\"search_term_string\"}}],\"inLanguage\":\"en-GB\"},{\"@type\":\"Organization\",\"@id\":\"https:\/\/www.closdecaille.com\/#organization\",\"name\":\"Clos de Caille\",\"url\":\"https:\/\/www.closdecaille.com\/\",\"logo\":{\"@type\":\"ImageObject\",\"inLanguage\":\"en-GB\",\"@id\":\"https:\/\/www.closdecaille.com\/#\/schema\/logo\/image\/\",\"url\":\"https:\/\/www.closdecaille.com\/wp-content\/uploads\/2023\/07\/favicon-2023.png\",\"contentUrl\":\"https:\/\/www.closdecaille.com\/wp-content\/uploads\/2023\/07\/favicon-2023.png\",\"width\":600,\"height\":600,\"caption\":\"Clos de Caille\"},\"image\":{\"@id\":\"https:\/\/www.closdecaille.com\/#\/schema\/logo\/image\/\"}}]}<\/script>\n<!-- \/ Yoast SEO plugin. -->","yoast_head_json":{"title":"Satin Box Set - Clos de Caille","description":"Satin Rose, an exclusive box set of three Anomis Ros\u00e9 wines: silky, luminous wines, born of the sun and soil of Provence.","robots":{"index":"index","follow":"follow","max-snippet":"max-snippet:-1","max-image-preview":"max-image-preview:large","max-video-preview":"max-video-preview:-1"},"canonical":"https:\/\/www.closdecaille.com\/en\/product\/coffret-satin\/","og_locale":"en_GB","og_type":"article","og_title":"Coffret Satin - Clos de Caille","og_description":"Satin Rose, un coffret exclusif de trois Anomis Ros\u00e9 : des vins soyeux et lumineux, n\u00e9s du soleil et de la terre de Provence.","og_url":"https:\/\/www.closdecaille.com\/en\/product\/coffret-satin\/","og_site_name":"Clos de Caille","article_modified_time":"2026-03-09T14:01:43+00:00","og_image":[{"width":2560,"height":2560,"url":"https:\/\/www.closdecaille.com\/wp-content\/uploads\/2025\/10\/anomis.jpg","type":"image\/jpeg"}],"twitter_misc":{"Estimated reading time":"1 minute"},"schema":{"@context":"https:\/\/schema.org","@graph":[{"@type":"WebPage","@id":"https:\/\/www.closdecaille.com\/produit\/coffret-satin\/","url":"https:\/\/www.closdecaille.com\/produit\/coffret-satin\/","name":"Satin Box Set - Clos de Caille","isPartOf":{"@id":"https:\/\/www.closdecaille.com\/#website"},"primaryImageOfPage":{"@id":"https:\/\/www.closdecaille.com\/produit\/coffret-satin\/#primaryimage"},"image":{"@id":"https:\/\/www.closdecaille.com\/produit\/coffret-satin\/#primaryimage"},"thumbnailUrl":"https:\/\/www.closdecaille.com\/wp-content\/uploads\/2025\/10\/anomis.jpg","datePublished":"2025-10-24T10:02:47+00:00","dateModified":"2026-03-09T14:01:43+00:00","description":"Satin Rose, an exclusive box set of three Anomis Ros\u00e9 wines: silky, luminous wines, born of the sun and soil of Provence.","breadcrumb":{"@id":"https:\/\/www.closdecaille.com\/produit\/coffret-satin\/#breadcrumb"},"inLanguage":"en-GB","potentialAction":[{"@type":"ReadAction","target":["https:\/\/www.closdecaille.com\/produit\/coffret-satin\/"]}]},{"@type":"ImageObject","inLanguage":"en-GB","@id":"https:\/\/www.closdecaille.com\/produit\/coffret-satin\/#primaryimage","url":"https:\/\/www.closdecaille.com\/wp-content\/uploads\/2025\/10\/anomis.jpg","contentUrl":"https:\/\/www.closdecaille.com\/wp-content\/uploads\/2025\/10\/anomis.jpg","width":2560,"height":2560,"caption":"Clos de Caille - Packshot - Satin - Carr\u00e9"},{"@type":"BreadcrumbList","@id":"https:\/\/www.closdecaille.com\/produit\/coffret-satin\/#breadcrumb","itemListElement":[{"@type":"ListItem","position":1,"name":"Nos Vins","item":"https:\/\/www.closdecaille.com\/boutique\/"},{"@type":"ListItem","position":2,"name":"Anomis","item":"https:\/\/www.closdecaille.com\/brand\/anomis\/"},{"@type":"ListItem","position":3,"name":"Coffret Satin"}]},{"@type":"WebSite","@id":"https:\/\/www.closdecaille.com\/#website","url":"https:\/\/www.closdecaille.com\/","name":"Clos de Caille","description":"C\u00f4tes de Provence AOP wines","publisher":{"@id":"https:\/\/www.closdecaille.com\/#organization"},"potentialAction":[{"@type":"SearchAction","target":{"@type":"EntryPoint","urlTemplate":"https:\/\/www.closdecaille.com\/?s={search_term_string}"},"query-input":{"@type":"PropertyValueSpecification","valueRequired":true,"valueName":"search_term_string"}}],"inLanguage":"en-GB"},{"@type":"Organization","@id":"https:\/\/www.closdecaille.com\/#organization","name":"Clos de Caille","url":"https:\/\/www.closdecaille.com\/","logo":{"@type":"ImageObject","inLanguage":"en-GB","@id":"https:\/\/www.closdecaille.com\/#\/schema\/logo\/image\/","url":"https:\/\/www.closdecaille.com\/wp-content\/uploads\/2023\/07\/favicon-2023.png","contentUrl":"https:\/\/www.closdecaille.com\/wp-content\/uploads\/2023\/07\/favicon-2023.png","width":600,"height":600,"caption":"Clos de Caille"},"image":{"@id":"https:\/\/www.closdecaille.com\/#\/schema\/logo\/image\/"}}]}},"_links":{"self":[{"href":"https:\/\/www.closdecaille.com\/en\/wp-json\/wp\/v2\/product\/5397","targetHints":{"allow":["GET"]}}],"collection":[{"href":"https:\/\/www.closdecaille.com\/en\/wp-json\/wp\/v2\/product"}],"about":[{"href":"https:\/\/www.closdecaille.com\/en\/wp-json\/wp\/v2\/types\/product"}],"wp:featuredmedia":[{"embeddable":true,"href":"https:\/\/www.closdecaille.com\/en\/wp-json\/wp\/v2\/media\/6450"}],"wp:attachment":[{"href":"https:\/\/www.closdecaille.com\/en\/wp-json\/wp\/v2\/media?parent=5397"}],"wp:term":[{"taxonomy":"product_brand","embeddable":true,"href":"https:\/\/www.closdecaille.com\/en\/wp-json\/wp\/v2\/product_brand?post=5397"},{"taxonomy":"product_cat","embeddable":true,"href":"https:\/\/www.closdecaille.com\/en\/wp-json\/wp\/v2\/product_cat?post=5397"},{"taxonomy":"product_tag","embeddable":true,"href":"https:\/\/www.closdecaille.com\/en\/wp-json\/wp\/v2\/product_tag?post=5397"}],"curies":[{"name":"wp","href":"https:\/\/api.w.org\/{rel}","templated":true}]}}