{"id":5381,"date":"2025-10-23T12:25:27","date_gmt":"2025-10-23T10:25:27","guid":{"rendered":"https:\/\/www.closdecaille.com\/?post_type=product&#038;p=5381"},"modified":"2026-03-09T15:01:46","modified_gmt":"2026-03-09T14:01:46","slug":"coffret-dentelle-blanche","status":"publish","type":"product","link":"https:\/\/www.closdecaille.com\/en\/product\/coffret-dentelle-blanche\/","title":{"rendered":"Lace Gift Set"},"content":{"rendered":"<blockquote>\n<p data-start=\"192\" data-end=\"361\">Offer the freshness and finesse of Provence with this <strong data-start=\"315\" data-end=\"354\">exclusive \u201cLace\u201d box set\u201d<\/strong>, a brilliant selection of <strong data-start=\"383\" data-end=\"416\">three exceptional white wines<\/strong>, symbol of balance and refinement:<\/p>\n<\/blockquote>\n<ul>\n<li><strong><a href=\"\/en\/?p=4130\">Clos de Caille \u2018Lucis\u2019 2023<\/a>\u00a0<\/strong>- <em>T\u00eate de Cuv\u00e9e<\/em><\/li>\n<li><strong><a href=\"\/en\/?p=2071\">Clos de Caille White 2025<\/a><\/strong><\/li>\n<li><strong><a href=\"\/en\/?p=2187\">The One 2024<\/a><\/strong><\/li>\n<\/ul>\n<p data-start=\"597\" data-end=\"881\">This trio reveals all the aromatic richness of the great white wines of Provence: pure fruit, mineral elegance and dazzling freshness.<br data-start=\"732\" data-end=\"735\" \/>Ideal for accompanying the finest moments of tasting, it illustrates the expertise and delicacy of the house's Haute Couture wines.<\/p>\n<p data-start=\"883\" data-end=\"1034\"><strong data-start=\"883\" data-end=\"914\">The Lace Box Set<\/strong>\u00a0is an invitation to discovery and conviviality, perfect to give as a gift or to savour, enhancing every moment.<\/p>\n<p data-start=\"1036\" data-end=\"1202\">To ensure a perfect experience, the box set is <strong data-start=\"1090\" data-end=\"1136\">delivered in reinforced, secure packaging<\/strong>, ensuring an elegant presentation and optimal protection.<\/p>","protected":false},"excerpt":{"rendered":"<p>Offrez la fra\u00eecheur et la finesse de la Provence avec ce coffret exclusif \u201cDentelle\u201d, une s\u00e9lection lumineuse de trois vins blancs d\u2019exception, symbole d\u2019\u00e9quilibre et de raffinement : Clos de Caille &lsquo;Lucis&rsquo; 2023\u00a0&#8211; T\u00eate de Cuv\u00e9e Clos de Caille Blanc 2025 The One 2024 Ce trio d\u00e9voile toute la richesse aromatique des grands blancs de [&hellip;]<\/p>\n","protected":false},"featured_media":6440,"template":"","meta":{"_acf_changed":false,"_mo_disable_npp":""},"product_brand":[316,317],"product_cat":[320,115],"product_tag":[],"class_list":{"0":"post-5381","1":"product","2":"type-product","3":"status-publish","4":"has-post-thumbnail","6":"product_brand-clos-de-caille","7":"product_brand-the-one","8":"product_cat-coffrets","9":"product_cat-vins-blancs","10":"product_shipping_class-coffret","12":"first","13":"instock","14":"shipping-taxable","15":"purchasable","16":"product-type-simple"},"group_of_quantity":0,"min_quantity":0,"max_quantity":"","exclude_order_quantity_value_rules":"no","exclude_category_quantity_rules":"no","combine_variations":"no","acf":[],"yoast_head":"<!-- This site is optimized with the Yoast SEO plugin v27.0 - https:\/\/yoast.com\/product\/yoast-seo-wordpress\/ -->\n<title>Coffret Dentelle - Clos de Caille<\/title>\n<meta name=\"description\" content=\"D\u00e9couvrez le Coffret Dentelle Blanche, une s\u00e9lection raffin\u00e9e de trois vins blancs de Provence, dont la t\u00eate de cuv\u00e9e Clarisse et The One en format 1L. Puret\u00e9, \u00e9l\u00e9gance et fra\u00eecheur \u00e0 offrir ou \u00e0 partager.\" \/>\n<meta name=\"robots\" content=\"index, follow, max-snippet:-1, max-image-preview:large, max-video-preview:-1\" \/>\n<link rel=\"canonical\" href=\"https:\/\/www.closdecaille.com\/en\/product\/coffret-dentelle-blanche\/\" \/>\n<meta property=\"og:locale\" content=\"en_GB\" \/>\n<meta property=\"og:type\" content=\"article\" \/>\n<meta property=\"og:title\" content=\"Coffret Dentelle - Clos de Caille\" \/>\n<meta property=\"og:description\" content=\"D\u00e9couvrez le Coffret Dentelle Blanche, une s\u00e9lection raffin\u00e9e de trois vins blancs de Provence, dont la t\u00eate de cuv\u00e9e Clarisse et The One en format 1L. Puret\u00e9, \u00e9l\u00e9gance et fra\u00eecheur \u00e0 offrir ou \u00e0 partager.\" \/>\n<meta property=\"og:url\" content=\"https:\/\/www.closdecaille.com\/en\/product\/coffret-dentelle-blanche\/\" \/>\n<meta property=\"og:site_name\" content=\"Clos de Caille\" \/>\n<meta property=\"article:modified_time\" content=\"2026-03-09T14:01:46+00:00\" \/>\n<meta property=\"og:image\" content=\"https:\/\/www.closdecaille.com\/wp-content\/uploads\/2025\/10\/coffret-dentelle-blanche.jpg\" \/>\n\t<meta property=\"og:image:width\" content=\"2560\" \/>\n\t<meta property=\"og:image:height\" content=\"2560\" \/>\n\t<meta property=\"og:image:type\" content=\"image\/jpeg\" \/>\n<meta name=\"twitter:label1\" content=\"Estimated reading time\" \/>\n\t<meta name=\"twitter:data1\" content=\"1 minute\" \/>\n<script type=\"application\/ld+json\" class=\"yoast-schema-graph\">{\"@context\":\"https:\/\/schema.org\",\"@graph\":[{\"@type\":\"WebPage\",\"@id\":\"https:\/\/www.closdecaille.com\/produit\/coffret-dentelle-blanche\/\",\"url\":\"https:\/\/www.closdecaille.com\/produit\/coffret-dentelle-blanche\/\",\"name\":\"Coffret Dentelle - Clos de Caille\",\"isPartOf\":{\"@id\":\"https:\/\/www.closdecaille.com\/#website\"},\"primaryImageOfPage\":{\"@id\":\"https:\/\/www.closdecaille.com\/produit\/coffret-dentelle-blanche\/#primaryimage\"},\"image\":{\"@id\":\"https:\/\/www.closdecaille.com\/produit\/coffret-dentelle-blanche\/#primaryimage\"},\"thumbnailUrl\":\"https:\/\/www.closdecaille.com\/wp-content\/uploads\/2025\/10\/coffret-dentelle-blanche.jpg\",\"datePublished\":\"2025-10-23T10:25:27+00:00\",\"dateModified\":\"2026-03-09T14:01:46+00:00\",\"description\":\"D\u00e9couvrez le Coffret Dentelle Blanche, une s\u00e9lection raffin\u00e9e de trois vins blancs de Provence, dont la t\u00eate de cuv\u00e9e Clarisse et The One en format 1L. Puret\u00e9, \u00e9l\u00e9gance et fra\u00eecheur \u00e0 offrir ou \u00e0 partager.\",\"breadcrumb\":{\"@id\":\"https:\/\/www.closdecaille.com\/produit\/coffret-dentelle-blanche\/#breadcrumb\"},\"inLanguage\":\"en-GB\",\"potentialAction\":[{\"@type\":\"ReadAction\",\"target\":[\"https:\/\/www.closdecaille.com\/produit\/coffret-dentelle-blanche\/\"]}]},{\"@type\":\"ImageObject\",\"inLanguage\":\"en-GB\",\"@id\":\"https:\/\/www.closdecaille.com\/produit\/coffret-dentelle-blanche\/#primaryimage\",\"url\":\"https:\/\/www.closdecaille.com\/wp-content\/uploads\/2025\/10\/coffret-dentelle-blanche.jpg\",\"contentUrl\":\"https:\/\/www.closdecaille.com\/wp-content\/uploads\/2025\/10\/coffret-dentelle-blanche.jpg\",\"width\":2560,\"height\":2560,\"caption\":\"Clos de Caille - Packshot - Dentelle Blanche - Carr\u00e9\"},{\"@type\":\"BreadcrumbList\",\"@id\":\"https:\/\/www.closdecaille.com\/produit\/coffret-dentelle-blanche\/#breadcrumb\",\"itemListElement\":[{\"@type\":\"ListItem\",\"position\":1,\"name\":\"Nos Vins\",\"item\":\"https:\/\/www.closdecaille.com\/boutique\/\"},{\"@type\":\"ListItem\",\"position\":2,\"name\":\"Clos de Caille\",\"item\":\"https:\/\/www.closdecaille.com\/brand\/clos-de-caille\/\"},{\"@type\":\"ListItem\",\"position\":3,\"name\":\"Coffret Dentelle\"}]},{\"@type\":\"WebSite\",\"@id\":\"https:\/\/www.closdecaille.com\/#website\",\"url\":\"https:\/\/www.closdecaille.com\/\",\"name\":\"Clos de Caille\",\"description\":\"Vins AOP C\u00f4tes de Provence\",\"publisher\":{\"@id\":\"https:\/\/www.closdecaille.com\/#organization\"},\"potentialAction\":[{\"@type\":\"SearchAction\",\"target\":{\"@type\":\"EntryPoint\",\"urlTemplate\":\"https:\/\/www.closdecaille.com\/?s={search_term_string}\"},\"query-input\":{\"@type\":\"PropertyValueSpecification\",\"valueRequired\":true,\"valueName\":\"search_term_string\"}}],\"inLanguage\":\"en-GB\"},{\"@type\":\"Organization\",\"@id\":\"https:\/\/www.closdecaille.com\/#organization\",\"name\":\"Clos de Caille\",\"url\":\"https:\/\/www.closdecaille.com\/\",\"logo\":{\"@type\":\"ImageObject\",\"inLanguage\":\"en-GB\",\"@id\":\"https:\/\/www.closdecaille.com\/#\/schema\/logo\/image\/\",\"url\":\"https:\/\/www.closdecaille.com\/wp-content\/uploads\/2023\/07\/favicon-2023.png\",\"contentUrl\":\"https:\/\/www.closdecaille.com\/wp-content\/uploads\/2023\/07\/favicon-2023.png\",\"width\":600,\"height\":600,\"caption\":\"Clos de Caille\"},\"image\":{\"@id\":\"https:\/\/www.closdecaille.com\/#\/schema\/logo\/image\/\"}}]}<\/script>\n<!-- \/ Yoast SEO plugin. -->","yoast_head_json":{"title":"Lace set - Clos de Caille","description":"Discover the White Lace Gift Set, a refined selection of three white wines from Provence, including the flagship Clarisse and The One in 1L format. Purity, elegance and freshness to give as a gift or share.","robots":{"index":"index","follow":"follow","max-snippet":"max-snippet:-1","max-image-preview":"max-image-preview:large","max-video-preview":"max-video-preview:-1"},"canonical":"https:\/\/www.closdecaille.com\/en\/product\/coffret-dentelle-blanche\/","og_locale":"en_GB","og_type":"article","og_title":"Coffret Dentelle - Clos de Caille","og_description":"D\u00e9couvrez le Coffret Dentelle Blanche, une s\u00e9lection raffin\u00e9e de trois vins blancs de Provence, dont la t\u00eate de cuv\u00e9e Clarisse et The One en format 1L. Puret\u00e9, \u00e9l\u00e9gance et fra\u00eecheur \u00e0 offrir ou \u00e0 partager.","og_url":"https:\/\/www.closdecaille.com\/en\/product\/coffret-dentelle-blanche\/","og_site_name":"Clos de Caille","article_modified_time":"2026-03-09T14:01:46+00:00","og_image":[{"width":2560,"height":2560,"url":"https:\/\/www.closdecaille.com\/wp-content\/uploads\/2025\/10\/coffret-dentelle-blanche.jpg","type":"image\/jpeg"}],"twitter_misc":{"Estimated reading time":"1 minute"},"schema":{"@context":"https:\/\/schema.org","@graph":[{"@type":"WebPage","@id":"https:\/\/www.closdecaille.com\/produit\/coffret-dentelle-blanche\/","url":"https:\/\/www.closdecaille.com\/produit\/coffret-dentelle-blanche\/","name":"Lace set - Clos de Caille","isPartOf":{"@id":"https:\/\/www.closdecaille.com\/#website"},"primaryImageOfPage":{"@id":"https:\/\/www.closdecaille.com\/produit\/coffret-dentelle-blanche\/#primaryimage"},"image":{"@id":"https:\/\/www.closdecaille.com\/produit\/coffret-dentelle-blanche\/#primaryimage"},"thumbnailUrl":"https:\/\/www.closdecaille.com\/wp-content\/uploads\/2025\/10\/coffret-dentelle-blanche.jpg","datePublished":"2025-10-23T10:25:27+00:00","dateModified":"2026-03-09T14:01:46+00:00","description":"Discover the White Lace Gift Set, a refined selection of three white wines from Provence, including the flagship Clarisse and The One in 1L format. Purity, elegance and freshness to give as a gift or share.","breadcrumb":{"@id":"https:\/\/www.closdecaille.com\/produit\/coffret-dentelle-blanche\/#breadcrumb"},"inLanguage":"en-GB","potentialAction":[{"@type":"ReadAction","target":["https:\/\/www.closdecaille.com\/produit\/coffret-dentelle-blanche\/"]}]},{"@type":"ImageObject","inLanguage":"en-GB","@id":"https:\/\/www.closdecaille.com\/produit\/coffret-dentelle-blanche\/#primaryimage","url":"https:\/\/www.closdecaille.com\/wp-content\/uploads\/2025\/10\/coffret-dentelle-blanche.jpg","contentUrl":"https:\/\/www.closdecaille.com\/wp-content\/uploads\/2025\/10\/coffret-dentelle-blanche.jpg","width":2560,"height":2560,"caption":"Clos de Caille - Packshot - Dentelle Blanche - Carr\u00e9"},{"@type":"BreadcrumbList","@id":"https:\/\/www.closdecaille.com\/produit\/coffret-dentelle-blanche\/#breadcrumb","itemListElement":[{"@type":"ListItem","position":1,"name":"Nos Vins","item":"https:\/\/www.closdecaille.com\/boutique\/"},{"@type":"ListItem","position":2,"name":"Clos de Caille","item":"https:\/\/www.closdecaille.com\/brand\/clos-de-caille\/"},{"@type":"ListItem","position":3,"name":"Coffret Dentelle"}]},{"@type":"WebSite","@id":"https:\/\/www.closdecaille.com\/#website","url":"https:\/\/www.closdecaille.com\/","name":"Clos de Caille","description":"C\u00f4tes de Provence AOP wines","publisher":{"@id":"https:\/\/www.closdecaille.com\/#organization"},"potentialAction":[{"@type":"SearchAction","target":{"@type":"EntryPoint","urlTemplate":"https:\/\/www.closdecaille.com\/?s={search_term_string}"},"query-input":{"@type":"PropertyValueSpecification","valueRequired":true,"valueName":"search_term_string"}}],"inLanguage":"en-GB"},{"@type":"Organization","@id":"https:\/\/www.closdecaille.com\/#organization","name":"Clos de Caille","url":"https:\/\/www.closdecaille.com\/","logo":{"@type":"ImageObject","inLanguage":"en-GB","@id":"https:\/\/www.closdecaille.com\/#\/schema\/logo\/image\/","url":"https:\/\/www.closdecaille.com\/wp-content\/uploads\/2023\/07\/favicon-2023.png","contentUrl":"https:\/\/www.closdecaille.com\/wp-content\/uploads\/2023\/07\/favicon-2023.png","width":600,"height":600,"caption":"Clos de Caille"},"image":{"@id":"https:\/\/www.closdecaille.com\/#\/schema\/logo\/image\/"}}]}},"_links":{"self":[{"href":"https:\/\/www.closdecaille.com\/en\/wp-json\/wp\/v2\/product\/5381","targetHints":{"allow":["GET"]}}],"collection":[{"href":"https:\/\/www.closdecaille.com\/en\/wp-json\/wp\/v2\/product"}],"about":[{"href":"https:\/\/www.closdecaille.com\/en\/wp-json\/wp\/v2\/types\/product"}],"wp:featuredmedia":[{"embeddable":true,"href":"https:\/\/www.closdecaille.com\/en\/wp-json\/wp\/v2\/media\/6440"}],"wp:attachment":[{"href":"https:\/\/www.closdecaille.com\/en\/wp-json\/wp\/v2\/media?parent=5381"}],"wp:term":[{"taxonomy":"product_brand","embeddable":true,"href":"https:\/\/www.closdecaille.com\/en\/wp-json\/wp\/v2\/product_brand?post=5381"},{"taxonomy":"product_cat","embeddable":true,"href":"https:\/\/www.closdecaille.com\/en\/wp-json\/wp\/v2\/product_cat?post=5381"},{"taxonomy":"product_tag","embeddable":true,"href":"https:\/\/www.closdecaille.com\/en\/wp-json\/wp\/v2\/product_tag?post=5381"}],"curies":[{"name":"wp","href":"https:\/\/api.w.org\/{rel}","templated":true}]}}