{"id":5372,"date":"2025-10-23T11:55:19","date_gmt":"2025-10-23T09:55:19","guid":{"rendered":"https:\/\/www.closdecaille.com\/?post_type=product&#038;p=5372"},"modified":"2026-03-09T15:01:52","modified_gmt":"2026-03-09T14:01:52","slug":"coffret-soie-rose","status":"publish","type":"product","link":"https:\/\/www.closdecaille.com\/en\/product\/coffret-soie-rose\/","title":{"rendered":"Silk Gift Set"},"content":{"rendered":"<p style=\"text-align: center;\" data-start=\"192\" data-end=\"361\">Offer the quintessence of ros\u00e9 with this <strong data-start=\"231\" data-end=\"264\">exclusive \u201cSilk\u201d gift set\u201d<\/strong>, a refined selection of <strong data-start=\"292\" data-end=\"318\">three exceptional wines<\/strong>, symbol of delicacy and freshness:<\/p>\n<ul>\n<li><strong><a href=\"\/en\/?p=2062\">Clos de Caille \u2018Clarisse\u2019 2025<\/a><\/strong> - <em>T\u00eate de Cuv\u00e9e<\/em><\/li>\n<li><strong><a href=\"\/en\/?p=2072\">Clos de Caille Ros\u00e9 2025<\/a><\/strong><\/li>\n<li><strong><a href=\"\/en\/?p=2170\">The One 2025<\/a><\/strong><\/li>\n<\/ul>\n<p data-start=\"486\" data-end=\"722\">This trio celebrates the Proven\u00e7al art of living: subtle, silky and luminous ros\u00e9s to be enjoyed during the most beautiful moments of sharing.<br data-start=\"624\" data-end=\"627\" \/>Elegance, freshness and finesse come together to offer an unforgettable sensory experience.<\/p>\n<p data-start=\"724\" data-end=\"893\"><strong data-start=\"724\" data-end=\"749\">The Silk Gift Set<\/strong>\u00a0is an exceptional gift or personal treat, reflecting the expertise and refinement of our Haute Couture wines from Provence.<\/p>\n<p data-start=\"895\" data-end=\"1084\">To preserve the perfection of this experience, the box set is <strong data-start=\"966\" data-end=\"1012\">delivered in reinforced, secure packaging<\/strong>, ensuring impeccable presentation and optimal protection.<\/p>","protected":false},"excerpt":{"rendered":"<p>Offrez la quintessence du ros\u00e9 avec ce coffret exclusif \u201cSoie\u201d, une s\u00e9lection raffin\u00e9e de trois vins d\u2019exception, symbole de d\u00e9licatesse et de fraicheur : Clos de Caille &lsquo;Clarisse&rsquo; 2025 &#8211; T\u00eate de Cuv\u00e9e Clos de Caille Ros\u00e9 2025 The One 2025 Ce trio c\u00e9l\u00e8bre l\u2019art de vivre \u00e0 la proven\u00e7ale : des ros\u00e9s subtils, soyeux [&hellip;]<\/p>\n","protected":false},"featured_media":6448,"template":"","meta":{"_acf_changed":false,"_mo_disable_npp":""},"product_brand":[316,317],"product_cat":[320,49],"product_tag":[],"class_list":{"0":"post-5372","1":"product","2":"type-product","3":"status-publish","4":"has-post-thumbnail","6":"product_brand-clos-de-caille","7":"product_brand-the-one","8":"product_cat-coffrets","9":"product_cat-vins-roses","10":"product_shipping_class-coffret","12":"first","13":"instock","14":"shipping-taxable","15":"purchasable","16":"product-type-simple"},"group_of_quantity":0,"min_quantity":0,"max_quantity":"","exclude_order_quantity_value_rules":"no","exclude_category_quantity_rules":"no","combine_variations":"no","acf":[],"yoast_head":"<!-- This site is optimized with the Yoast SEO plugin v27.0 - https:\/\/yoast.com\/product\/yoast-seo-wordpress\/ -->\n<title>Coffret Soie - Clos de Caille<\/title>\n<meta name=\"description\" content=\"D\u00e9couvrez le Coffret Soie Rose, une s\u00e9lection raffin\u00e9e de trois vins ros\u00e9s de Provence, dont la t\u00eate de cuv\u00e9e Clarisse et The One en format 1L. \u00c9l\u00e9gance, finesse et plaisir \u00e0 offrir ou \u00e0 partager.\" \/>\n<meta name=\"robots\" content=\"index, follow, max-snippet:-1, max-image-preview:large, max-video-preview:-1\" \/>\n<link rel=\"canonical\" href=\"https:\/\/www.closdecaille.com\/en\/product\/coffret-soie-rose\/\" \/>\n<meta property=\"og:locale\" content=\"en_GB\" \/>\n<meta property=\"og:type\" content=\"article\" \/>\n<meta property=\"og:title\" content=\"Coffret Soie - Clos de Caille\" \/>\n<meta property=\"og:description\" content=\"D\u00e9couvrez le Coffret Soie Rose, une s\u00e9lection raffin\u00e9e de trois vins ros\u00e9s de Provence, dont la t\u00eate de cuv\u00e9e Clarisse et The One en format 1L. \u00c9l\u00e9gance, finesse et plaisir \u00e0 offrir ou \u00e0 partager.\" \/>\n<meta property=\"og:url\" content=\"https:\/\/www.closdecaille.com\/en\/product\/coffret-soie-rose\/\" \/>\n<meta property=\"og:site_name\" content=\"Clos de Caille\" \/>\n<meta property=\"article:modified_time\" content=\"2026-03-09T14:01:52+00:00\" \/>\n<meta property=\"og:image\" content=\"https:\/\/www.closdecaille.com\/wp-content\/uploads\/2025\/10\/sans-titre-1.jpg\" \/>\n\t<meta property=\"og:image:width\" content=\"2560\" \/>\n\t<meta property=\"og:image:height\" content=\"2560\" \/>\n\t<meta property=\"og:image:type\" content=\"image\/jpeg\" \/>\n<meta name=\"twitter:label1\" content=\"Estimated reading time\" \/>\n\t<meta name=\"twitter:data1\" content=\"1 minute\" \/>\n<script type=\"application\/ld+json\" class=\"yoast-schema-graph\">{\"@context\":\"https:\/\/schema.org\",\"@graph\":[{\"@type\":\"WebPage\",\"@id\":\"https:\/\/www.closdecaille.com\/produit\/coffret-soie-rose\/\",\"url\":\"https:\/\/www.closdecaille.com\/produit\/coffret-soie-rose\/\",\"name\":\"Coffret Soie - Clos de Caille\",\"isPartOf\":{\"@id\":\"https:\/\/www.closdecaille.com\/#website\"},\"primaryImageOfPage\":{\"@id\":\"https:\/\/www.closdecaille.com\/produit\/coffret-soie-rose\/#primaryimage\"},\"image\":{\"@id\":\"https:\/\/www.closdecaille.com\/produit\/coffret-soie-rose\/#primaryimage\"},\"thumbnailUrl\":\"https:\/\/www.closdecaille.com\/wp-content\/uploads\/2025\/10\/sans-titre-1.jpg\",\"datePublished\":\"2025-10-23T09:55:19+00:00\",\"dateModified\":\"2026-03-09T14:01:52+00:00\",\"description\":\"D\u00e9couvrez le Coffret Soie Rose, une s\u00e9lection raffin\u00e9e de trois vins ros\u00e9s de Provence, dont la t\u00eate de cuv\u00e9e Clarisse et The One en format 1L. \u00c9l\u00e9gance, finesse et plaisir \u00e0 offrir ou \u00e0 partager.\",\"breadcrumb\":{\"@id\":\"https:\/\/www.closdecaille.com\/produit\/coffret-soie-rose\/#breadcrumb\"},\"inLanguage\":\"en-GB\",\"potentialAction\":[{\"@type\":\"ReadAction\",\"target\":[\"https:\/\/www.closdecaille.com\/produit\/coffret-soie-rose\/\"]}]},{\"@type\":\"ImageObject\",\"inLanguage\":\"en-GB\",\"@id\":\"https:\/\/www.closdecaille.com\/produit\/coffret-soie-rose\/#primaryimage\",\"url\":\"https:\/\/www.closdecaille.com\/wp-content\/uploads\/2025\/10\/sans-titre-1.jpg\",\"contentUrl\":\"https:\/\/www.closdecaille.com\/wp-content\/uploads\/2025\/10\/sans-titre-1.jpg\",\"width\":2560,\"height\":2560,\"caption\":\"Clos de Caille - Packshot - Soie Rose - Carr\u00e9\"},{\"@type\":\"BreadcrumbList\",\"@id\":\"https:\/\/www.closdecaille.com\/produit\/coffret-soie-rose\/#breadcrumb\",\"itemListElement\":[{\"@type\":\"ListItem\",\"position\":1,\"name\":\"Nos Vins\",\"item\":\"https:\/\/www.closdecaille.com\/boutique\/\"},{\"@type\":\"ListItem\",\"position\":2,\"name\":\"Clos de Caille\",\"item\":\"https:\/\/www.closdecaille.com\/brand\/clos-de-caille\/\"},{\"@type\":\"ListItem\",\"position\":3,\"name\":\"Coffret Soie\"}]},{\"@type\":\"WebSite\",\"@id\":\"https:\/\/www.closdecaille.com\/#website\",\"url\":\"https:\/\/www.closdecaille.com\/\",\"name\":\"Clos de Caille\",\"description\":\"Vins AOP C\u00f4tes de Provence\",\"publisher\":{\"@id\":\"https:\/\/www.closdecaille.com\/#organization\"},\"potentialAction\":[{\"@type\":\"SearchAction\",\"target\":{\"@type\":\"EntryPoint\",\"urlTemplate\":\"https:\/\/www.closdecaille.com\/?s={search_term_string}\"},\"query-input\":{\"@type\":\"PropertyValueSpecification\",\"valueRequired\":true,\"valueName\":\"search_term_string\"}}],\"inLanguage\":\"en-GB\"},{\"@type\":\"Organization\",\"@id\":\"https:\/\/www.closdecaille.com\/#organization\",\"name\":\"Clos de Caille\",\"url\":\"https:\/\/www.closdecaille.com\/\",\"logo\":{\"@type\":\"ImageObject\",\"inLanguage\":\"en-GB\",\"@id\":\"https:\/\/www.closdecaille.com\/#\/schema\/logo\/image\/\",\"url\":\"https:\/\/www.closdecaille.com\/wp-content\/uploads\/2023\/07\/favicon-2023.png\",\"contentUrl\":\"https:\/\/www.closdecaille.com\/wp-content\/uploads\/2023\/07\/favicon-2023.png\",\"width\":600,\"height\":600,\"caption\":\"Clos de Caille\"},\"image\":{\"@id\":\"https:\/\/www.closdecaille.com\/#\/schema\/logo\/image\/\"}}]}<\/script>\n<!-- \/ Yoast SEO plugin. -->","yoast_head_json":{"title":"Silk box set - Clos de Caille","description":"Discover the Pink Silk Gift Set, a refined selection of three Provence ros\u00e9 wines, including the flagship Clarisse and The One in 1L format. Elegance, finesse and pleasure to give or share.","robots":{"index":"index","follow":"follow","max-snippet":"max-snippet:-1","max-image-preview":"max-image-preview:large","max-video-preview":"max-video-preview:-1"},"canonical":"https:\/\/www.closdecaille.com\/en\/product\/coffret-soie-rose\/","og_locale":"en_GB","og_type":"article","og_title":"Coffret Soie - Clos de Caille","og_description":"D\u00e9couvrez le Coffret Soie Rose, une s\u00e9lection raffin\u00e9e de trois vins ros\u00e9s de Provence, dont la t\u00eate de cuv\u00e9e Clarisse et The One en format 1L. \u00c9l\u00e9gance, finesse et plaisir \u00e0 offrir ou \u00e0 partager.","og_url":"https:\/\/www.closdecaille.com\/en\/product\/coffret-soie-rose\/","og_site_name":"Clos de Caille","article_modified_time":"2026-03-09T14:01:52+00:00","og_image":[{"width":2560,"height":2560,"url":"https:\/\/www.closdecaille.com\/wp-content\/uploads\/2025\/10\/sans-titre-1.jpg","type":"image\/jpeg"}],"twitter_misc":{"Estimated reading time":"1 minute"},"schema":{"@context":"https:\/\/schema.org","@graph":[{"@type":"WebPage","@id":"https:\/\/www.closdecaille.com\/produit\/coffret-soie-rose\/","url":"https:\/\/www.closdecaille.com\/produit\/coffret-soie-rose\/","name":"Silk box set - Clos de Caille","isPartOf":{"@id":"https:\/\/www.closdecaille.com\/#website"},"primaryImageOfPage":{"@id":"https:\/\/www.closdecaille.com\/produit\/coffret-soie-rose\/#primaryimage"},"image":{"@id":"https:\/\/www.closdecaille.com\/produit\/coffret-soie-rose\/#primaryimage"},"thumbnailUrl":"https:\/\/www.closdecaille.com\/wp-content\/uploads\/2025\/10\/sans-titre-1.jpg","datePublished":"2025-10-23T09:55:19+00:00","dateModified":"2026-03-09T14:01:52+00:00","description":"Discover the Pink Silk Gift Set, a refined selection of three Provence ros\u00e9 wines, including the flagship Clarisse and The One in 1L format. Elegance, finesse and pleasure to give or share.","breadcrumb":{"@id":"https:\/\/www.closdecaille.com\/produit\/coffret-soie-rose\/#breadcrumb"},"inLanguage":"en-GB","potentialAction":[{"@type":"ReadAction","target":["https:\/\/www.closdecaille.com\/produit\/coffret-soie-rose\/"]}]},{"@type":"ImageObject","inLanguage":"en-GB","@id":"https:\/\/www.closdecaille.com\/produit\/coffret-soie-rose\/#primaryimage","url":"https:\/\/www.closdecaille.com\/wp-content\/uploads\/2025\/10\/sans-titre-1.jpg","contentUrl":"https:\/\/www.closdecaille.com\/wp-content\/uploads\/2025\/10\/sans-titre-1.jpg","width":2560,"height":2560,"caption":"Clos de Caille - Packshot - Soie Rose - Carr\u00e9"},{"@type":"BreadcrumbList","@id":"https:\/\/www.closdecaille.com\/produit\/coffret-soie-rose\/#breadcrumb","itemListElement":[{"@type":"ListItem","position":1,"name":"Nos Vins","item":"https:\/\/www.closdecaille.com\/boutique\/"},{"@type":"ListItem","position":2,"name":"Clos de Caille","item":"https:\/\/www.closdecaille.com\/brand\/clos-de-caille\/"},{"@type":"ListItem","position":3,"name":"Coffret Soie"}]},{"@type":"WebSite","@id":"https:\/\/www.closdecaille.com\/#website","url":"https:\/\/www.closdecaille.com\/","name":"Clos de Caille","description":"C\u00f4tes de Provence AOP wines","publisher":{"@id":"https:\/\/www.closdecaille.com\/#organization"},"potentialAction":[{"@type":"SearchAction","target":{"@type":"EntryPoint","urlTemplate":"https:\/\/www.closdecaille.com\/?s={search_term_string}"},"query-input":{"@type":"PropertyValueSpecification","valueRequired":true,"valueName":"search_term_string"}}],"inLanguage":"en-GB"},{"@type":"Organization","@id":"https:\/\/www.closdecaille.com\/#organization","name":"Clos de Caille","url":"https:\/\/www.closdecaille.com\/","logo":{"@type":"ImageObject","inLanguage":"en-GB","@id":"https:\/\/www.closdecaille.com\/#\/schema\/logo\/image\/","url":"https:\/\/www.closdecaille.com\/wp-content\/uploads\/2023\/07\/favicon-2023.png","contentUrl":"https:\/\/www.closdecaille.com\/wp-content\/uploads\/2023\/07\/favicon-2023.png","width":600,"height":600,"caption":"Clos de Caille"},"image":{"@id":"https:\/\/www.closdecaille.com\/#\/schema\/logo\/image\/"}}]}},"_links":{"self":[{"href":"https:\/\/www.closdecaille.com\/en\/wp-json\/wp\/v2\/product\/5372","targetHints":{"allow":["GET"]}}],"collection":[{"href":"https:\/\/www.closdecaille.com\/en\/wp-json\/wp\/v2\/product"}],"about":[{"href":"https:\/\/www.closdecaille.com\/en\/wp-json\/wp\/v2\/types\/product"}],"wp:featuredmedia":[{"embeddable":true,"href":"https:\/\/www.closdecaille.com\/en\/wp-json\/wp\/v2\/media\/6448"}],"wp:attachment":[{"href":"https:\/\/www.closdecaille.com\/en\/wp-json\/wp\/v2\/media?parent=5372"}],"wp:term":[{"taxonomy":"product_brand","embeddable":true,"href":"https:\/\/www.closdecaille.com\/en\/wp-json\/wp\/v2\/product_brand?post=5372"},{"taxonomy":"product_cat","embeddable":true,"href":"https:\/\/www.closdecaille.com\/en\/wp-json\/wp\/v2\/product_cat?post=5372"},{"taxonomy":"product_tag","embeddable":true,"href":"https:\/\/www.closdecaille.com\/en\/wp-json\/wp\/v2\/product_tag?post=5372"}],"curies":[{"name":"wp","href":"https:\/\/api.w.org\/{rel}","templated":true}]}}