{"id":5187,"date":"2025-09-19T14:06:58","date_gmt":"2025-09-19T12:06:58","guid":{"rendered":"https:\/\/www.closdecaille.com\/?post_type=product&#038;p=5187"},"modified":"2026-03-09T15:01:59","modified_gmt":"2026-03-09T14:01:59","slug":"coffret-haute-couture","status":"publish","type":"product","link":"https:\/\/www.closdecaille.com\/en\/product\/coffret-haute-couture\/","title":{"rendered":"Haute Couture Gift Set"},"content":{"rendered":"<p data-start=\"82\" data-end=\"222\">Discover our exceptional gift set, bringing together <strong>our T\u00eates de Cuv\u00e9e<\/strong>, produced exclusively from selected plots and vinified in our Chai d'\u0152uvre, a veritable showcase of high technology.<\/p>\n<ul>\n<li><a href=\"\/en\/?p=4130\"><strong data-start=\"260\" data-end=\"289\">Clos de Caille \u2018Lucis\u2019 White 2023<\/strong><\/a><\/li>\n<li><a href=\"\/en\/?p=2083\"><strong data-start=\"260\" data-end=\"289\">Clos de Caille \u2018Patrius\u2019 Red 2021<\/strong><\/a><\/li>\n<li><a href=\"\/en\/?p=2062\"><strong data-start=\"294\" data-end=\"322\">Clos de Caille \u2018Clarisse\u2019 Ros\u00e9 2025<\/strong><\/a><\/li>\n<\/ul>\n<p data-start=\"128\" data-end=\"359\">Haute Couture creations, these wines express the identity of our terroir and transform every moment into an exceptional experience.<br data-start=\"253\" data-end=\"256\" \/>Whether as a gift or to savour yourself, they enhance special occasions and celebrate the people who matter most.<\/p>\n<p data-start=\"361\" data-end=\"510\">To guarantee a flawless experience, each box is shipped in reinforced packaging specially designed to protect your bottles.<\/p>","protected":false},"excerpt":{"rendered":"<p>D\u00e9couvrez notre coffret d\u2019exception, r\u00e9unissant nos T\u00eates de Cuv\u00e9e, \u00e9labor\u00e9es exclusivement en s\u00e9lection parcellaire et vinifi\u00e9es dans notre Chai d\u2019\u0152uvre, v\u00e9ritable \u00e9crin de haute technologie. Clos de Caille &lsquo;Lucis&rsquo; Blanc 2023 Clos de Caille &lsquo;Patrius&rsquo; Rouge 2021 Clos de Caille &lsquo;Clarisse&rsquo; Ros\u00e9 2025 Cr\u00e9ations Haute Couture, ces vins expriment l\u2019identit\u00e9 de notre terroir et transforment [&hellip;]<\/p>\n","protected":false},"featured_media":6449,"template":"","meta":{"_acf_changed":false,"_mo_disable_npp":""},"product_brand":[316],"product_cat":[320,318,115,49,319],"product_tag":[],"class_list":{"0":"post-5187","1":"product","2":"type-product","3":"status-publish","4":"has-post-thumbnail","6":"product_brand-clos-de-caille","7":"product_cat-coffrets","8":"product_cat-tetes-de-cuvee","9":"product_cat-vins-blancs","10":"product_cat-vins-roses","11":"product_cat-vins-rouges","12":"product_shipping_class-coffret","14":"first","15":"instock","16":"shipping-taxable","17":"purchasable","18":"product-type-simple"},"group_of_quantity":0,"min_quantity":0,"max_quantity":"","exclude_order_quantity_value_rules":"no","exclude_category_quantity_rules":"no","combine_variations":"no","acf":[],"yoast_head":"<!-- This site is optimized with the Yoast SEO plugin v27.0 - https:\/\/yoast.com\/product\/yoast-seo-wordpress\/ -->\n<title>Coffret Haute Couture - Clos de Caille<\/title>\n<meta name=\"description\" content=\"D\u00e9couvrez nos T\u00eates de Cuv\u00e9e Clos de Caille en coffret prestige : blanc, rouge et ros\u00e9 pour offrir ou \u00e0 savourer.\" \/>\n<meta name=\"robots\" content=\"index, follow, max-snippet:-1, max-image-preview:large, max-video-preview:-1\" \/>\n<link rel=\"canonical\" href=\"https:\/\/www.closdecaille.com\/en\/product\/coffret-haute-couture\/\" \/>\n<meta property=\"og:locale\" content=\"en_GB\" \/>\n<meta property=\"og:type\" content=\"article\" \/>\n<meta property=\"og:title\" content=\"Coffret Haute Couture - Clos de Caille\" \/>\n<meta property=\"og:description\" content=\"D\u00e9couvrez nos T\u00eates de Cuv\u00e9e Clos de Caille en coffret prestige : blanc, rouge et ros\u00e9 pour offrir ou \u00e0 savourer.\" \/>\n<meta property=\"og:url\" content=\"https:\/\/www.closdecaille.com\/en\/product\/coffret-haute-couture\/\" \/>\n<meta property=\"og:site_name\" content=\"Clos de Caille\" \/>\n<meta property=\"article:modified_time\" content=\"2026-03-09T14:01:59+00:00\" \/>\n<meta property=\"og:image\" content=\"https:\/\/www.closdecaille.com\/wp-content\/uploads\/2025\/09\/sans-titre-1-v.jpg\" \/>\n\t<meta property=\"og:image:width\" content=\"2560\" \/>\n\t<meta property=\"og:image:height\" content=\"2560\" \/>\n\t<meta property=\"og:image:type\" content=\"image\/jpeg\" \/>\n<meta name=\"twitter:label1\" content=\"Estimated reading time\" \/>\n\t<meta name=\"twitter:data1\" content=\"1 minute\" \/>\n<script type=\"application\/ld+json\" class=\"yoast-schema-graph\">{\"@context\":\"https:\/\/schema.org\",\"@graph\":[{\"@type\":\"WebPage\",\"@id\":\"https:\/\/www.closdecaille.com\/produit\/coffret-haute-couture\/\",\"url\":\"https:\/\/www.closdecaille.com\/produit\/coffret-haute-couture\/\",\"name\":\"Coffret Haute Couture - Clos de Caille\",\"isPartOf\":{\"@id\":\"https:\/\/www.closdecaille.com\/#website\"},\"primaryImageOfPage\":{\"@id\":\"https:\/\/www.closdecaille.com\/produit\/coffret-haute-couture\/#primaryimage\"},\"image\":{\"@id\":\"https:\/\/www.closdecaille.com\/produit\/coffret-haute-couture\/#primaryimage\"},\"thumbnailUrl\":\"https:\/\/www.closdecaille.com\/wp-content\/uploads\/2025\/09\/sans-titre-1-v.jpg\",\"datePublished\":\"2025-09-19T12:06:58+00:00\",\"dateModified\":\"2026-03-09T14:01:59+00:00\",\"description\":\"D\u00e9couvrez nos T\u00eates de Cuv\u00e9e Clos de Caille en coffret prestige : blanc, rouge et ros\u00e9 pour offrir ou \u00e0 savourer.\",\"breadcrumb\":{\"@id\":\"https:\/\/www.closdecaille.com\/produit\/coffret-haute-couture\/#breadcrumb\"},\"inLanguage\":\"en-GB\",\"potentialAction\":[{\"@type\":\"ReadAction\",\"target\":[\"https:\/\/www.closdecaille.com\/produit\/coffret-haute-couture\/\"]}]},{\"@type\":\"ImageObject\",\"inLanguage\":\"en-GB\",\"@id\":\"https:\/\/www.closdecaille.com\/produit\/coffret-haute-couture\/#primaryimage\",\"url\":\"https:\/\/www.closdecaille.com\/wp-content\/uploads\/2025\/09\/sans-titre-1-v.jpg\",\"contentUrl\":\"https:\/\/www.closdecaille.com\/wp-content\/uploads\/2025\/09\/sans-titre-1-v.jpg\",\"width\":2560,\"height\":2560,\"caption\":\"Clos de Caille - Packshot - Haute Couture - Carr\u00e9\"},{\"@type\":\"BreadcrumbList\",\"@id\":\"https:\/\/www.closdecaille.com\/produit\/coffret-haute-couture\/#breadcrumb\",\"itemListElement\":[{\"@type\":\"ListItem\",\"position\":1,\"name\":\"Nos Vins\",\"item\":\"https:\/\/www.closdecaille.com\/boutique\/\"},{\"@type\":\"ListItem\",\"position\":2,\"name\":\"Clos de Caille\",\"item\":\"https:\/\/www.closdecaille.com\/brand\/clos-de-caille\/\"},{\"@type\":\"ListItem\",\"position\":3,\"name\":\"Coffret Haute Couture\"}]},{\"@type\":\"WebSite\",\"@id\":\"https:\/\/www.closdecaille.com\/#website\",\"url\":\"https:\/\/www.closdecaille.com\/\",\"name\":\"Clos de Caille\",\"description\":\"Vins AOP C\u00f4tes de Provence\",\"publisher\":{\"@id\":\"https:\/\/www.closdecaille.com\/#organization\"},\"potentialAction\":[{\"@type\":\"SearchAction\",\"target\":{\"@type\":\"EntryPoint\",\"urlTemplate\":\"https:\/\/www.closdecaille.com\/?s={search_term_string}\"},\"query-input\":{\"@type\":\"PropertyValueSpecification\",\"valueRequired\":true,\"valueName\":\"search_term_string\"}}],\"inLanguage\":\"en-GB\"},{\"@type\":\"Organization\",\"@id\":\"https:\/\/www.closdecaille.com\/#organization\",\"name\":\"Clos de Caille\",\"url\":\"https:\/\/www.closdecaille.com\/\",\"logo\":{\"@type\":\"ImageObject\",\"inLanguage\":\"en-GB\",\"@id\":\"https:\/\/www.closdecaille.com\/#\/schema\/logo\/image\/\",\"url\":\"https:\/\/www.closdecaille.com\/wp-content\/uploads\/2023\/07\/favicon-2023.png\",\"contentUrl\":\"https:\/\/www.closdecaille.com\/wp-content\/uploads\/2023\/07\/favicon-2023.png\",\"width\":600,\"height\":600,\"caption\":\"Clos de Caille\"},\"image\":{\"@id\":\"https:\/\/www.closdecaille.com\/#\/schema\/logo\/image\/\"}}]}<\/script>\n<!-- \/ Yoast SEO plugin. -->","yoast_head_json":{"title":"Haute Couture Gift Set - Clos de Caille","description":"Discover our T\u00eates de Cuv\u00e9e Clos de Caille in a prestige box set: white, red and ros\u00e9 to give as a gift or enjoy yourself.","robots":{"index":"index","follow":"follow","max-snippet":"max-snippet:-1","max-image-preview":"max-image-preview:large","max-video-preview":"max-video-preview:-1"},"canonical":"https:\/\/www.closdecaille.com\/en\/product\/coffret-haute-couture\/","og_locale":"en_GB","og_type":"article","og_title":"Coffret Haute Couture - Clos de Caille","og_description":"D\u00e9couvrez nos T\u00eates de Cuv\u00e9e Clos de Caille en coffret prestige : blanc, rouge et ros\u00e9 pour offrir ou \u00e0 savourer.","og_url":"https:\/\/www.closdecaille.com\/en\/product\/coffret-haute-couture\/","og_site_name":"Clos de Caille","article_modified_time":"2026-03-09T14:01:59+00:00","og_image":[{"width":2560,"height":2560,"url":"https:\/\/www.closdecaille.com\/wp-content\/uploads\/2025\/09\/sans-titre-1-v.jpg","type":"image\/jpeg"}],"twitter_misc":{"Estimated reading time":"1 minute"},"schema":{"@context":"https:\/\/schema.org","@graph":[{"@type":"WebPage","@id":"https:\/\/www.closdecaille.com\/produit\/coffret-haute-couture\/","url":"https:\/\/www.closdecaille.com\/produit\/coffret-haute-couture\/","name":"Haute Couture Gift Set - Clos de Caille","isPartOf":{"@id":"https:\/\/www.closdecaille.com\/#website"},"primaryImageOfPage":{"@id":"https:\/\/www.closdecaille.com\/produit\/coffret-haute-couture\/#primaryimage"},"image":{"@id":"https:\/\/www.closdecaille.com\/produit\/coffret-haute-couture\/#primaryimage"},"thumbnailUrl":"https:\/\/www.closdecaille.com\/wp-content\/uploads\/2025\/09\/sans-titre-1-v.jpg","datePublished":"2025-09-19T12:06:58+00:00","dateModified":"2026-03-09T14:01:59+00:00","description":"Discover our T\u00eates de Cuv\u00e9e Clos de Caille in a prestige box set: white, red and ros\u00e9 to give as a gift or enjoy yourself.","breadcrumb":{"@id":"https:\/\/www.closdecaille.com\/produit\/coffret-haute-couture\/#breadcrumb"},"inLanguage":"en-GB","potentialAction":[{"@type":"ReadAction","target":["https:\/\/www.closdecaille.com\/produit\/coffret-haute-couture\/"]}]},{"@type":"ImageObject","inLanguage":"en-GB","@id":"https:\/\/www.closdecaille.com\/produit\/coffret-haute-couture\/#primaryimage","url":"https:\/\/www.closdecaille.com\/wp-content\/uploads\/2025\/09\/sans-titre-1-v.jpg","contentUrl":"https:\/\/www.closdecaille.com\/wp-content\/uploads\/2025\/09\/sans-titre-1-v.jpg","width":2560,"height":2560,"caption":"Clos de Caille - Packshot - Haute Couture - Carr\u00e9"},{"@type":"BreadcrumbList","@id":"https:\/\/www.closdecaille.com\/produit\/coffret-haute-couture\/#breadcrumb","itemListElement":[{"@type":"ListItem","position":1,"name":"Nos Vins","item":"https:\/\/www.closdecaille.com\/boutique\/"},{"@type":"ListItem","position":2,"name":"Clos de Caille","item":"https:\/\/www.closdecaille.com\/brand\/clos-de-caille\/"},{"@type":"ListItem","position":3,"name":"Coffret Haute Couture"}]},{"@type":"WebSite","@id":"https:\/\/www.closdecaille.com\/#website","url":"https:\/\/www.closdecaille.com\/","name":"Clos de Caille","description":"C\u00f4tes de Provence AOP wines","publisher":{"@id":"https:\/\/www.closdecaille.com\/#organization"},"potentialAction":[{"@type":"SearchAction","target":{"@type":"EntryPoint","urlTemplate":"https:\/\/www.closdecaille.com\/?s={search_term_string}"},"query-input":{"@type":"PropertyValueSpecification","valueRequired":true,"valueName":"search_term_string"}}],"inLanguage":"en-GB"},{"@type":"Organization","@id":"https:\/\/www.closdecaille.com\/#organization","name":"Clos de Caille","url":"https:\/\/www.closdecaille.com\/","logo":{"@type":"ImageObject","inLanguage":"en-GB","@id":"https:\/\/www.closdecaille.com\/#\/schema\/logo\/image\/","url":"https:\/\/www.closdecaille.com\/wp-content\/uploads\/2023\/07\/favicon-2023.png","contentUrl":"https:\/\/www.closdecaille.com\/wp-content\/uploads\/2023\/07\/favicon-2023.png","width":600,"height":600,"caption":"Clos de Caille"},"image":{"@id":"https:\/\/www.closdecaille.com\/#\/schema\/logo\/image\/"}}]}},"_links":{"self":[{"href":"https:\/\/www.closdecaille.com\/en\/wp-json\/wp\/v2\/product\/5187","targetHints":{"allow":["GET"]}}],"collection":[{"href":"https:\/\/www.closdecaille.com\/en\/wp-json\/wp\/v2\/product"}],"about":[{"href":"https:\/\/www.closdecaille.com\/en\/wp-json\/wp\/v2\/types\/product"}],"wp:featuredmedia":[{"embeddable":true,"href":"https:\/\/www.closdecaille.com\/en\/wp-json\/wp\/v2\/media\/6449"}],"wp:attachment":[{"href":"https:\/\/www.closdecaille.com\/en\/wp-json\/wp\/v2\/media?parent=5187"}],"wp:term":[{"taxonomy":"product_brand","embeddable":true,"href":"https:\/\/www.closdecaille.com\/en\/wp-json\/wp\/v2\/product_brand?post=5187"},{"taxonomy":"product_cat","embeddable":true,"href":"https:\/\/www.closdecaille.com\/en\/wp-json\/wp\/v2\/product_cat?post=5187"},{"taxonomy":"product_tag","embeddable":true,"href":"https:\/\/www.closdecaille.com\/en\/wp-json\/wp\/v2\/product_tag?post=5187"}],"curies":[{"name":"wp","href":"https:\/\/api.w.org\/{rel}","templated":true}]}}