{"id":4130,"date":"2025-02-04T17:49:54","date_gmt":"2025-02-04T16:49:54","guid":{"rendered":"https:\/\/www.closdecaille.com\/?post_type=product&#038;p=4130"},"modified":"2026-04-28T13:37:32","modified_gmt":"2026-04-28T11:37:32","slug":"clos-de-caille-lucis","status":"publish","type":"product","link":"https:\/\/www.closdecaille.com\/en\/product\/clos-de-caille-lucis\/","title":{"rendered":"Clos de Caille \u00abLucis\u00bb white"},"content":{"rendered":"<p data-start=\"96\" data-end=\"449\"><strong data-start=\"96\" data-end=\"229\">Grand Blanc de Provence, Clos de Caille \u00abLucis\u00bb was born in the heart of an exceptional terroir, whose essence it expresses to the fullest.<\/strong> Identity-driven, it embodies the expertise of those who work passionately to create it. Its profile combines finesse, complexity and refinement, revealing a luminous elegance that enhances the finest dining tables.<\/p>\n<p>The fruit of a masterful blend of traditional and modern winemaking techniques, this wine is the result of Clos de Caille's rigorous parcel-by-parcel approach. After careful sorting and harvesting in small crates, the whole grapes are gently pressed by gravity to obtain clear, pure juice. Slightly cold-settled, the juice is then filled into new one and two-wine barrels, selected from trusted coopers. The eight-month ageing period, punctuated by regular stirring of the lees, gives the wine roundness, precision and complexity.<\/p>\n<p>Tribute to Lucia, mother of Jean-Pierre Mariotti, whose light \u2014 <em data-start=\"520\" data-end=\"527\">lucis<\/em> In Latin \u2014 continues to inspire our oenologist and our artisan winemakers, this cuv\u00e9e symbolises an ode to the quest for excellence and mastery of rigorous winemaking techniques.<br data-start=\"697\" data-end=\"700\" \/><strong data-start=\"700\" data-end=\"851\">\u00abLucis\u00bb transcends the moment to offer a true oenological experience: a tribute to light, beauty and the patient cycle of the vine.<\/strong><\/p>\n<p>&nbsp;<\/p>\n<blockquote><p><em>\u00abClos de Caille \u2018Lucis\u2019 embodies the estate's DNA: a quest for purity, precision and emotion. We wanted a Grand Blanc that reveals the potential of this high-altitude terroir, with just the right amount of ageing, without excess, to let the raw material speak for itself. It is a luminous, tense and deep wine, tailor-made for gastronomy.\u00bb<\/em><em><br \/>\n\u2014 Matthieu Cosse, oenologist <\/em><\/p><\/blockquote>","protected":false},"excerpt":{"rendered":"<p>Clos de Caille \u00ab Lucis \u00bb embodies a demanding, parcel-based approach to winemaking, revealing with finesse and depth the luminous expression of a Grand Blanc de Provence crafted for gastronomy.<\/p>","protected":false},"featured_media":6548,"template":"","meta":{"_acf_changed":false,"_mo_disable_npp":""},"product_brand":[326],"product_cat":[34,318,115],"product_tag":[321],"class_list":{"0":"post-4130","1":"product","2":"type-product","3":"status-publish","4":"has-post-thumbnail","6":"product_brand-clos-de-caille-tete-de-cuvee","7":"product_cat-vins","8":"product_cat-tetes-de-cuvee","9":"product_cat-vins-blancs","10":"product_tag-aop-cotes-de-provence","12":"first","13":"instock","14":"shipping-taxable","15":"purchasable","16":"product-type-variable","17":"has-default-attributes"},"group_of_quantity":6,"min_quantity":6,"max_quantity":"","exclude_order_quantity_value_rules":"no","exclude_category_quantity_rules":"no","combine_variations":"no","acf":[],"yoast_head":"<!-- This site is optimized with the Yoast SEO plugin v27.0 - https:\/\/yoast.com\/product\/yoast-seo-wordpress\/ -->\n<title>Clos de Caille \u00ab Lucis \u00bb blanc - Clos de Caille<\/title>\n<meta name=\"description\" content=\"Un vin audacieux, empreint d\u2019une \u00e9motion pure : notre t\u00eate de cuv\u00e9e, Clos de Caille \u201cLucis&quot; est un grand blanc de Provence, une ode \u00e0 la qu\u00eate d\u2019Excellence.\" \/>\n<meta name=\"robots\" content=\"index, follow, max-snippet:-1, max-image-preview:large, max-video-preview:-1\" \/>\n<link rel=\"canonical\" href=\"https:\/\/www.closdecaille.com\/en\/product\/clos-de-caille-lucis\/\" \/>\n<meta property=\"og:locale\" content=\"en_GB\" \/>\n<meta property=\"og:type\" content=\"article\" \/>\n<meta property=\"og:title\" content=\"Clos de Caille \u00ab Lucis \u00bb blanc - Clos de Caille\" \/>\n<meta property=\"og:description\" content=\"Un vin audacieux, empreint d\u2019une \u00e9motion pure : notre t\u00eate de cuv\u00e9e, Clos de Caille \u201cLucis&quot; est un grand blanc de Provence, une ode \u00e0 la qu\u00eate d\u2019Excellence.\" \/>\n<meta property=\"og:url\" content=\"https:\/\/www.closdecaille.com\/en\/product\/clos-de-caille-lucis\/\" \/>\n<meta property=\"og:site_name\" content=\"Clos de Caille\" \/>\n<meta property=\"article:modified_time\" content=\"2026-04-28T11:37:32+00:00\" \/>\n<meta property=\"og:image\" content=\"https:\/\/www.closdecaille.com\/wp-content\/uploads\/2025\/02\/sans-titre-4.jpg\" \/>\n\t<meta property=\"og:image:width\" content=\"2560\" \/>\n\t<meta property=\"og:image:height\" content=\"2560\" \/>\n\t<meta property=\"og:image:type\" content=\"image\/jpeg\" \/>\n<meta name=\"twitter:label1\" content=\"Estimated reading time\" \/>\n\t<meta name=\"twitter:data1\" content=\"2 minutes\" \/>\n<script type=\"application\/ld+json\" class=\"yoast-schema-graph\">{\"@context\":\"https:\/\/schema.org\",\"@graph\":[{\"@type\":\"WebPage\",\"@id\":\"https:\/\/www.closdecaille.com\/produit\/clos-de-caille-lucis\/\",\"url\":\"https:\/\/www.closdecaille.com\/produit\/clos-de-caille-lucis\/\",\"name\":\"Clos de Caille \u00ab Lucis \u00bb blanc - Clos de Caille\",\"isPartOf\":{\"@id\":\"https:\/\/www.closdecaille.com\/#website\"},\"primaryImageOfPage\":{\"@id\":\"https:\/\/www.closdecaille.com\/produit\/clos-de-caille-lucis\/#primaryimage\"},\"image\":{\"@id\":\"https:\/\/www.closdecaille.com\/produit\/clos-de-caille-lucis\/#primaryimage\"},\"thumbnailUrl\":\"https:\/\/www.closdecaille.com\/wp-content\/uploads\/2025\/02\/sans-titre-4.jpg\",\"datePublished\":\"2025-02-04T16:49:54+00:00\",\"dateModified\":\"2026-04-28T11:37:32+00:00\",\"description\":\"Un vin audacieux, empreint d\u2019une \u00e9motion pure : notre t\u00eate de cuv\u00e9e, Clos de Caille \u201cLucis\\\" est un grand blanc de Provence, une ode \u00e0 la qu\u00eate d\u2019Excellence.\",\"breadcrumb\":{\"@id\":\"https:\/\/www.closdecaille.com\/produit\/clos-de-caille-lucis\/#breadcrumb\"},\"inLanguage\":\"en-GB\",\"potentialAction\":[{\"@type\":\"ReadAction\",\"target\":[\"https:\/\/www.closdecaille.com\/produit\/clos-de-caille-lucis\/\"]}]},{\"@type\":\"ImageObject\",\"inLanguage\":\"en-GB\",\"@id\":\"https:\/\/www.closdecaille.com\/produit\/clos-de-caille-lucis\/#primaryimage\",\"url\":\"https:\/\/www.closdecaille.com\/wp-content\/uploads\/2025\/02\/sans-titre-4.jpg\",\"contentUrl\":\"https:\/\/www.closdecaille.com\/wp-content\/uploads\/2025\/02\/sans-titre-4.jpg\",\"width\":2560,\"height\":2560,\"caption\":\"Clos de Caille - Packshot - Lucis Blanc - Carr\u00e9\"},{\"@type\":\"BreadcrumbList\",\"@id\":\"https:\/\/www.closdecaille.com\/produit\/clos-de-caille-lucis\/#breadcrumb\",\"itemListElement\":[{\"@type\":\"ListItem\",\"position\":1,\"name\":\"Nos Vins\",\"item\":\"https:\/\/www.closdecaille.com\/boutique\/\"},{\"@type\":\"ListItem\",\"position\":2,\"name\":\"Clos de Caille - T\u00eate de Cuv\u00e9e\",\"item\":\"https:\/\/www.closdecaille.com\/brand\/clos-de-caille-tete-de-cuvee\/\"},{\"@type\":\"ListItem\",\"position\":3,\"name\":\"Clos de Caille \u00ab Lucis \u00bb blanc\"}]},{\"@type\":\"WebSite\",\"@id\":\"https:\/\/www.closdecaille.com\/#website\",\"url\":\"https:\/\/www.closdecaille.com\/\",\"name\":\"Clos de Caille\",\"description\":\"Vins AOP C\u00f4tes de Provence\",\"publisher\":{\"@id\":\"https:\/\/www.closdecaille.com\/#organization\"},\"potentialAction\":[{\"@type\":\"SearchAction\",\"target\":{\"@type\":\"EntryPoint\",\"urlTemplate\":\"https:\/\/www.closdecaille.com\/?s={search_term_string}\"},\"query-input\":{\"@type\":\"PropertyValueSpecification\",\"valueRequired\":true,\"valueName\":\"search_term_string\"}}],\"inLanguage\":\"en-GB\"},{\"@type\":\"Organization\",\"@id\":\"https:\/\/www.closdecaille.com\/#organization\",\"name\":\"Clos de Caille\",\"url\":\"https:\/\/www.closdecaille.com\/\",\"logo\":{\"@type\":\"ImageObject\",\"inLanguage\":\"en-GB\",\"@id\":\"https:\/\/www.closdecaille.com\/#\/schema\/logo\/image\/\",\"url\":\"https:\/\/www.closdecaille.com\/wp-content\/uploads\/2023\/07\/favicon-2023.png\",\"contentUrl\":\"https:\/\/www.closdecaille.com\/wp-content\/uploads\/2023\/07\/favicon-2023.png\",\"width\":600,\"height\":600,\"caption\":\"Clos de Caille\"},\"image\":{\"@id\":\"https:\/\/www.closdecaille.com\/#\/schema\/logo\/image\/\"}}]}<\/script>\n<!-- \/ Yoast SEO plugin. -->","yoast_head_json":{"title":"Clos de Caille \u00abLucis\u00bb white - Clos de Caille","description":"A bold wine, imbued with pure emotion: our flagship wine, Clos de Caille \u201cLucis\", is a great white wine from Provence, an ode to the pursuit of excellence.","robots":{"index":"index","follow":"follow","max-snippet":"max-snippet:-1","max-image-preview":"max-image-preview:large","max-video-preview":"max-video-preview:-1"},"canonical":"https:\/\/www.closdecaille.com\/en\/product\/clos-de-caille-lucis\/","og_locale":"en_GB","og_type":"article","og_title":"Clos de Caille \u00ab Lucis \u00bb blanc - Clos de Caille","og_description":"Un vin audacieux, empreint d\u2019une \u00e9motion pure : notre t\u00eate de cuv\u00e9e, Clos de Caille \u201cLucis\" est un grand blanc de Provence, une ode \u00e0 la qu\u00eate d\u2019Excellence.","og_url":"https:\/\/www.closdecaille.com\/en\/product\/clos-de-caille-lucis\/","og_site_name":"Clos de Caille","article_modified_time":"2026-04-28T11:37:32+00:00","og_image":[{"width":2560,"height":2560,"url":"https:\/\/www.closdecaille.com\/wp-content\/uploads\/2025\/02\/sans-titre-4.jpg","type":"image\/jpeg"}],"twitter_misc":{"Estimated reading time":"2 minutes"},"schema":{"@context":"https:\/\/schema.org","@graph":[{"@type":"WebPage","@id":"https:\/\/www.closdecaille.com\/produit\/clos-de-caille-lucis\/","url":"https:\/\/www.closdecaille.com\/produit\/clos-de-caille-lucis\/","name":"Clos de Caille \u00abLucis\u00bb white - Clos de Caille","isPartOf":{"@id":"https:\/\/www.closdecaille.com\/#website"},"primaryImageOfPage":{"@id":"https:\/\/www.closdecaille.com\/produit\/clos-de-caille-lucis\/#primaryimage"},"image":{"@id":"https:\/\/www.closdecaille.com\/produit\/clos-de-caille-lucis\/#primaryimage"},"thumbnailUrl":"https:\/\/www.closdecaille.com\/wp-content\/uploads\/2025\/02\/sans-titre-4.jpg","datePublished":"2025-02-04T16:49:54+00:00","dateModified":"2026-04-28T11:37:32+00:00","description":"A bold wine, imbued with pure emotion: our flagship wine, Clos de Caille \u201cLucis\", is a great white wine from Provence, an ode to the pursuit of excellence.","breadcrumb":{"@id":"https:\/\/www.closdecaille.com\/produit\/clos-de-caille-lucis\/#breadcrumb"},"inLanguage":"en-GB","potentialAction":[{"@type":"ReadAction","target":["https:\/\/www.closdecaille.com\/produit\/clos-de-caille-lucis\/"]}]},{"@type":"ImageObject","inLanguage":"en-GB","@id":"https:\/\/www.closdecaille.com\/produit\/clos-de-caille-lucis\/#primaryimage","url":"https:\/\/www.closdecaille.com\/wp-content\/uploads\/2025\/02\/sans-titre-4.jpg","contentUrl":"https:\/\/www.closdecaille.com\/wp-content\/uploads\/2025\/02\/sans-titre-4.jpg","width":2560,"height":2560,"caption":"Clos de Caille - Packshot - Lucis Blanc - Carr\u00e9"},{"@type":"BreadcrumbList","@id":"https:\/\/www.closdecaille.com\/produit\/clos-de-caille-lucis\/#breadcrumb","itemListElement":[{"@type":"ListItem","position":1,"name":"Nos Vins","item":"https:\/\/www.closdecaille.com\/boutique\/"},{"@type":"ListItem","position":2,"name":"Clos de Caille - T\u00eate de Cuv\u00e9e","item":"https:\/\/www.closdecaille.com\/brand\/clos-de-caille-tete-de-cuvee\/"},{"@type":"ListItem","position":3,"name":"Clos de Caille \u00ab Lucis \u00bb blanc"}]},{"@type":"WebSite","@id":"https:\/\/www.closdecaille.com\/#website","url":"https:\/\/www.closdecaille.com\/","name":"Clos de Caille","description":"C\u00f4tes de Provence AOP wines","publisher":{"@id":"https:\/\/www.closdecaille.com\/#organization"},"potentialAction":[{"@type":"SearchAction","target":{"@type":"EntryPoint","urlTemplate":"https:\/\/www.closdecaille.com\/?s={search_term_string}"},"query-input":{"@type":"PropertyValueSpecification","valueRequired":true,"valueName":"search_term_string"}}],"inLanguage":"en-GB"},{"@type":"Organization","@id":"https:\/\/www.closdecaille.com\/#organization","name":"Clos de Caille","url":"https:\/\/www.closdecaille.com\/","logo":{"@type":"ImageObject","inLanguage":"en-GB","@id":"https:\/\/www.closdecaille.com\/#\/schema\/logo\/image\/","url":"https:\/\/www.closdecaille.com\/wp-content\/uploads\/2023\/07\/favicon-2023.png","contentUrl":"https:\/\/www.closdecaille.com\/wp-content\/uploads\/2023\/07\/favicon-2023.png","width":600,"height":600,"caption":"Clos de Caille"},"image":{"@id":"https:\/\/www.closdecaille.com\/#\/schema\/logo\/image\/"}}]}},"_links":{"self":[{"href":"https:\/\/www.closdecaille.com\/en\/wp-json\/wp\/v2\/product\/4130","targetHints":{"allow":["GET"]}}],"collection":[{"href":"https:\/\/www.closdecaille.com\/en\/wp-json\/wp\/v2\/product"}],"about":[{"href":"https:\/\/www.closdecaille.com\/en\/wp-json\/wp\/v2\/types\/product"}],"wp:featuredmedia":[{"embeddable":true,"href":"https:\/\/www.closdecaille.com\/en\/wp-json\/wp\/v2\/media\/6548"}],"wp:attachment":[{"href":"https:\/\/www.closdecaille.com\/en\/wp-json\/wp\/v2\/media?parent=4130"}],"wp:term":[{"taxonomy":"product_brand","embeddable":true,"href":"https:\/\/www.closdecaille.com\/en\/wp-json\/wp\/v2\/product_brand?post=4130"},{"taxonomy":"product_cat","embeddable":true,"href":"https:\/\/www.closdecaille.com\/en\/wp-json\/wp\/v2\/product_cat?post=4130"},{"taxonomy":"product_tag","embeddable":true,"href":"https:\/\/www.closdecaille.com\/en\/wp-json\/wp\/v2\/product_tag?post=4130"}],"curies":[{"name":"wp","href":"https:\/\/api.w.org\/{rel}","templated":true}]}}