{"id":4051,"date":"2025-01-13T21:51:43","date_gmt":"2025-01-13T20:51:43","guid":{"rendered":"https:\/\/www.closdecaille.com\/?post_type=product&#038;p=4051"},"modified":"2026-03-09T15:02:11","modified_gmt":"2026-03-09T14:02:11","slug":"coffret-trio-collection","status":"publish","type":"product","link":"https:\/\/www.closdecaille.com\/en\/product\/coffret-trio-collection\/","title":{"rendered":"Collection Gift Set"},"content":{"rendered":"<p>Offer the excellence of Provence with this exclusive gift set featuring our selection of three iconic wines.<\/p>\n<ul>\n<li><a href=\"\/en\/?p=2071\">Clos de Caille White 2025<\/a><\/li>\n<li><a href=\"\/en\/?p=2085\">Clos de Caille Red 2021<\/a><\/li>\n<li><a href=\"\/en\/?p=2072\">Clos de Caille Ros\u00e9 2025<\/a><\/li>\n<\/ul>\n<p>&nbsp;<\/p>\n<p>Make every moment special with our Haute-Couture wines from Provence, whether red, ros\u00e9 or white, to give as a gift or to savour, to mark the lives of those who matter.<\/p>\n<p>To ensure this taste experience, the box is delivered in reinforced, specialised packaging.<\/p>","protected":false},"excerpt":{"rendered":"<p>Offrez l\u2019excellence de la Provence avec ce coffret exclusif comprenant notre s\u00e9lection de 3 vins iconiques Clos de Caille Blanc 2025 Clos de Caille Rouge 2021 Clos de Caille Ros\u00e9 2025 &nbsp; Faites de chaque instant un moment d\u2019exception avec nos vins Haute-Couture de Provence, qu\u2019ils soient rouges, ros\u00e9s ou blancs, \u00e0 offrir ou \u00e0 [&hellip;]<\/p>\n","protected":false},"featured_media":6447,"template":"","meta":{"_acf_changed":false,"_mo_disable_npp":""},"product_brand":[316],"product_cat":[320,115,49,319],"product_tag":[],"class_list":{"0":"post-4051","1":"product","2":"type-product","3":"status-publish","4":"has-post-thumbnail","6":"product_brand-clos-de-caille","7":"product_cat-coffrets","8":"product_cat-vins-blancs","9":"product_cat-vins-roses","10":"product_cat-vins-rouges","11":"product_shipping_class-coffret","13":"first","14":"instock","15":"shipping-taxable","16":"purchasable","17":"product-type-simple"},"group_of_quantity":0,"min_quantity":0,"max_quantity":"","exclude_order_quantity_value_rules":"no","exclude_category_quantity_rules":"no","combine_variations":"no","acf":[],"yoast_head":"<!-- This site is optimized with the Yoast SEO plugin v27.0 - https:\/\/yoast.com\/product\/yoast-seo-wordpress\/ -->\n<title>Coffret Collection - Clos de Caille<\/title>\n<meta name=\"description\" content=\"Offrez un cadeau d&#039;exception en partageant l&#039;Excellence du Clos de Caille avec vos proches \u00e0 travers des coffrets \u00e9l\u00e9gamment con\u00e7us pour leur offrir un moment de d\u00e9gustation unique\" \/>\n<meta name=\"robots\" content=\"index, follow, max-snippet:-1, max-image-preview:large, max-video-preview:-1\" \/>\n<link rel=\"canonical\" href=\"https:\/\/www.closdecaille.com\/en\/product\/coffret-trio-collection\/\" \/>\n<meta property=\"og:locale\" content=\"en_GB\" \/>\n<meta property=\"og:type\" content=\"article\" \/>\n<meta property=\"og:title\" content=\"Coffret Collection - Clos de Caille\" \/>\n<meta property=\"og:description\" content=\"Offrez un cadeau d&#039;exception en partageant l&#039;Excellence du Clos de Caille avec vos proches \u00e0 travers des coffrets \u00e9l\u00e9gamment con\u00e7us pour leur offrir un moment de d\u00e9gustation unique\" \/>\n<meta property=\"og:url\" content=\"https:\/\/www.closdecaille.com\/en\/product\/coffret-trio-collection\/\" \/>\n<meta property=\"og:site_name\" content=\"Clos de Caille\" \/>\n<meta property=\"article:modified_time\" content=\"2026-03-09T14:02:11+00:00\" \/>\n<meta property=\"og:image\" content=\"https:\/\/www.closdecaille.com\/wp-content\/uploads\/2025\/01\/coffret-collection.jpg\" \/>\n\t<meta property=\"og:image:width\" content=\"2560\" \/>\n\t<meta property=\"og:image:height\" content=\"2560\" \/>\n\t<meta property=\"og:image:type\" content=\"image\/jpeg\" \/>\n<meta name=\"twitter:label1\" content=\"Estimated reading time\" \/>\n\t<meta name=\"twitter:data1\" content=\"1 minute\" \/>\n<script type=\"application\/ld+json\" class=\"yoast-schema-graph\">{\"@context\":\"https:\/\/schema.org\",\"@graph\":[{\"@type\":\"WebPage\",\"@id\":\"https:\/\/www.closdecaille.com\/produit\/coffret-trio-collection\/\",\"url\":\"https:\/\/www.closdecaille.com\/produit\/coffret-trio-collection\/\",\"name\":\"Coffret Collection - Clos de Caille\",\"isPartOf\":{\"@id\":\"https:\/\/www.closdecaille.com\/#website\"},\"primaryImageOfPage\":{\"@id\":\"https:\/\/www.closdecaille.com\/produit\/coffret-trio-collection\/#primaryimage\"},\"image\":{\"@id\":\"https:\/\/www.closdecaille.com\/produit\/coffret-trio-collection\/#primaryimage\"},\"thumbnailUrl\":\"https:\/\/www.closdecaille.com\/wp-content\/uploads\/2025\/01\/coffret-collection.jpg\",\"datePublished\":\"2025-01-13T20:51:43+00:00\",\"dateModified\":\"2026-03-09T14:02:11+00:00\",\"description\":\"Offrez un cadeau d'exception en partageant l'Excellence du Clos de Caille avec vos proches \u00e0 travers des coffrets \u00e9l\u00e9gamment con\u00e7us pour leur offrir un moment de d\u00e9gustation unique\",\"breadcrumb\":{\"@id\":\"https:\/\/www.closdecaille.com\/produit\/coffret-trio-collection\/#breadcrumb\"},\"inLanguage\":\"en-GB\",\"potentialAction\":[{\"@type\":\"ReadAction\",\"target\":[\"https:\/\/www.closdecaille.com\/produit\/coffret-trio-collection\/\"]}]},{\"@type\":\"ImageObject\",\"inLanguage\":\"en-GB\",\"@id\":\"https:\/\/www.closdecaille.com\/produit\/coffret-trio-collection\/#primaryimage\",\"url\":\"https:\/\/www.closdecaille.com\/wp-content\/uploads\/2025\/01\/coffret-collection.jpg\",\"contentUrl\":\"https:\/\/www.closdecaille.com\/wp-content\/uploads\/2025\/01\/coffret-collection.jpg\",\"width\":2560,\"height\":2560,\"caption\":\"Clos de Caille - Packshot - Collection - Carr\u00e9\"},{\"@type\":\"BreadcrumbList\",\"@id\":\"https:\/\/www.closdecaille.com\/produit\/coffret-trio-collection\/#breadcrumb\",\"itemListElement\":[{\"@type\":\"ListItem\",\"position\":1,\"name\":\"Nos Vins\",\"item\":\"https:\/\/www.closdecaille.com\/boutique\/\"},{\"@type\":\"ListItem\",\"position\":2,\"name\":\"Clos de Caille\",\"item\":\"https:\/\/www.closdecaille.com\/brand\/clos-de-caille\/\"},{\"@type\":\"ListItem\",\"position\":3,\"name\":\"Coffret Collection\"}]},{\"@type\":\"WebSite\",\"@id\":\"https:\/\/www.closdecaille.com\/#website\",\"url\":\"https:\/\/www.closdecaille.com\/\",\"name\":\"Clos de Caille\",\"description\":\"Vins AOP C\u00f4tes de Provence\",\"publisher\":{\"@id\":\"https:\/\/www.closdecaille.com\/#organization\"},\"potentialAction\":[{\"@type\":\"SearchAction\",\"target\":{\"@type\":\"EntryPoint\",\"urlTemplate\":\"https:\/\/www.closdecaille.com\/?s={search_term_string}\"},\"query-input\":{\"@type\":\"PropertyValueSpecification\",\"valueRequired\":true,\"valueName\":\"search_term_string\"}}],\"inLanguage\":\"en-GB\"},{\"@type\":\"Organization\",\"@id\":\"https:\/\/www.closdecaille.com\/#organization\",\"name\":\"Clos de Caille\",\"url\":\"https:\/\/www.closdecaille.com\/\",\"logo\":{\"@type\":\"ImageObject\",\"inLanguage\":\"en-GB\",\"@id\":\"https:\/\/www.closdecaille.com\/#\/schema\/logo\/image\/\",\"url\":\"https:\/\/www.closdecaille.com\/wp-content\/uploads\/2023\/07\/favicon-2023.png\",\"contentUrl\":\"https:\/\/www.closdecaille.com\/wp-content\/uploads\/2023\/07\/favicon-2023.png\",\"width\":600,\"height\":600,\"caption\":\"Clos de Caille\"},\"image\":{\"@id\":\"https:\/\/www.closdecaille.com\/#\/schema\/logo\/image\/\"}}]}<\/script>\n<!-- \/ Yoast SEO plugin. -->","yoast_head_json":{"title":"Collection Box Set - Clos de Caille","description":"Offer an exceptional gift by sharing the excellence of Clos de Caille with your loved ones through elegantly designed gift sets that will give them a unique tasting experience.","robots":{"index":"index","follow":"follow","max-snippet":"max-snippet:-1","max-image-preview":"max-image-preview:large","max-video-preview":"max-video-preview:-1"},"canonical":"https:\/\/www.closdecaille.com\/en\/product\/coffret-trio-collection\/","og_locale":"en_GB","og_type":"article","og_title":"Coffret Collection - Clos de Caille","og_description":"Offrez un cadeau d'exception en partageant l'Excellence du Clos de Caille avec vos proches \u00e0 travers des coffrets \u00e9l\u00e9gamment con\u00e7us pour leur offrir un moment de d\u00e9gustation unique","og_url":"https:\/\/www.closdecaille.com\/en\/product\/coffret-trio-collection\/","og_site_name":"Clos de Caille","article_modified_time":"2026-03-09T14:02:11+00:00","og_image":[{"width":2560,"height":2560,"url":"https:\/\/www.closdecaille.com\/wp-content\/uploads\/2025\/01\/coffret-collection.jpg","type":"image\/jpeg"}],"twitter_misc":{"Estimated reading time":"1 minute"},"schema":{"@context":"https:\/\/schema.org","@graph":[{"@type":"WebPage","@id":"https:\/\/www.closdecaille.com\/produit\/coffret-trio-collection\/","url":"https:\/\/www.closdecaille.com\/produit\/coffret-trio-collection\/","name":"Collection Box Set - Clos de Caille","isPartOf":{"@id":"https:\/\/www.closdecaille.com\/#website"},"primaryImageOfPage":{"@id":"https:\/\/www.closdecaille.com\/produit\/coffret-trio-collection\/#primaryimage"},"image":{"@id":"https:\/\/www.closdecaille.com\/produit\/coffret-trio-collection\/#primaryimage"},"thumbnailUrl":"https:\/\/www.closdecaille.com\/wp-content\/uploads\/2025\/01\/coffret-collection.jpg","datePublished":"2025-01-13T20:51:43+00:00","dateModified":"2026-03-09T14:02:11+00:00","description":"Offer an exceptional gift by sharing the excellence of Clos de Caille with your loved ones through elegantly designed gift sets that will give them a unique tasting experience.","breadcrumb":{"@id":"https:\/\/www.closdecaille.com\/produit\/coffret-trio-collection\/#breadcrumb"},"inLanguage":"en-GB","potentialAction":[{"@type":"ReadAction","target":["https:\/\/www.closdecaille.com\/produit\/coffret-trio-collection\/"]}]},{"@type":"ImageObject","inLanguage":"en-GB","@id":"https:\/\/www.closdecaille.com\/produit\/coffret-trio-collection\/#primaryimage","url":"https:\/\/www.closdecaille.com\/wp-content\/uploads\/2025\/01\/coffret-collection.jpg","contentUrl":"https:\/\/www.closdecaille.com\/wp-content\/uploads\/2025\/01\/coffret-collection.jpg","width":2560,"height":2560,"caption":"Clos de Caille - Packshot - Collection - Carr\u00e9"},{"@type":"BreadcrumbList","@id":"https:\/\/www.closdecaille.com\/produit\/coffret-trio-collection\/#breadcrumb","itemListElement":[{"@type":"ListItem","position":1,"name":"Nos Vins","item":"https:\/\/www.closdecaille.com\/boutique\/"},{"@type":"ListItem","position":2,"name":"Clos de Caille","item":"https:\/\/www.closdecaille.com\/brand\/clos-de-caille\/"},{"@type":"ListItem","position":3,"name":"Coffret Collection"}]},{"@type":"WebSite","@id":"https:\/\/www.closdecaille.com\/#website","url":"https:\/\/www.closdecaille.com\/","name":"Clos de Caille","description":"C\u00f4tes de Provence AOP wines","publisher":{"@id":"https:\/\/www.closdecaille.com\/#organization"},"potentialAction":[{"@type":"SearchAction","target":{"@type":"EntryPoint","urlTemplate":"https:\/\/www.closdecaille.com\/?s={search_term_string}"},"query-input":{"@type":"PropertyValueSpecification","valueRequired":true,"valueName":"search_term_string"}}],"inLanguage":"en-GB"},{"@type":"Organization","@id":"https:\/\/www.closdecaille.com\/#organization","name":"Clos de Caille","url":"https:\/\/www.closdecaille.com\/","logo":{"@type":"ImageObject","inLanguage":"en-GB","@id":"https:\/\/www.closdecaille.com\/#\/schema\/logo\/image\/","url":"https:\/\/www.closdecaille.com\/wp-content\/uploads\/2023\/07\/favicon-2023.png","contentUrl":"https:\/\/www.closdecaille.com\/wp-content\/uploads\/2023\/07\/favicon-2023.png","width":600,"height":600,"caption":"Clos de Caille"},"image":{"@id":"https:\/\/www.closdecaille.com\/#\/schema\/logo\/image\/"}}]}},"_links":{"self":[{"href":"https:\/\/www.closdecaille.com\/en\/wp-json\/wp\/v2\/product\/4051","targetHints":{"allow":["GET"]}}],"collection":[{"href":"https:\/\/www.closdecaille.com\/en\/wp-json\/wp\/v2\/product"}],"about":[{"href":"https:\/\/www.closdecaille.com\/en\/wp-json\/wp\/v2\/types\/product"}],"wp:featuredmedia":[{"embeddable":true,"href":"https:\/\/www.closdecaille.com\/en\/wp-json\/wp\/v2\/media\/6447"}],"wp:attachment":[{"href":"https:\/\/www.closdecaille.com\/en\/wp-json\/wp\/v2\/media?parent=4051"}],"wp:term":[{"taxonomy":"product_brand","embeddable":true,"href":"https:\/\/www.closdecaille.com\/en\/wp-json\/wp\/v2\/product_brand?post=4051"},{"taxonomy":"product_cat","embeddable":true,"href":"https:\/\/www.closdecaille.com\/en\/wp-json\/wp\/v2\/product_cat?post=4051"},{"taxonomy":"product_tag","embeddable":true,"href":"https:\/\/www.closdecaille.com\/en\/wp-json\/wp\/v2\/product_tag?post=4051"}],"curies":[{"name":"wp","href":"https:\/\/api.w.org\/{rel}","templated":true}]}}