{"id":2170,"date":"2023-07-06T17:30:42","date_gmt":"2023-07-06T16:30:42","guid":{"rendered":"https:\/\/www.closdecaille.com\/?post_type=product&#038;p=2170"},"modified":"2026-03-09T15:06:07","modified_gmt":"2026-03-09T14:06:07","slug":"the-one-rose","status":"publish","type":"product","link":"https:\/\/www.closdecaille.com\/en\/product\/the-one-rose\/","title":{"rendered":"The One Ros\u00e9"},"content":{"rendered":"<p data-start=\"705\" data-end=\"970\"><strong data-start=\"63\" data-end=\"179\">The One celebrates conviviality, while reflecting the heritage of the Clos de Caille and its Mediterranean terroir.<\/strong> This fresh and intensely aromatic ros\u00e9 is available in 0.50 L and 1 L formats, designed for shared moments \u2014 whether it's lunch on sunny beaches or aperitifs after a day on the slopes.<\/p>\n<p data-start=\"972\" data-end=\"1399\">The Mariotti family is once again shaking up the norms of C\u00f4tes de Provence with a vibrant cuv\u00e9e, instantly recognisable by its bold format and elegant colours. Designed to offer as many people as possible an authentic and accessible AOP C\u00f4tes de Provence ros\u00e9, <strong data-start=\"1251\" data-end=\"1339\">The One embodies the faithful expression of the precise expertise of our artisan winemakers.<\/strong> and naturally finds its way into the trendiest places.<\/p>\n<p data-start=\"1401\" data-end=\"1616\">A confident marriage of aromatic expression and freshness on the palate, <strong data-start=\"1468\" data-end=\"1484\">The One Ros\u00e9<\/strong> is the soul of the party, the essential wine for celebrating moments of sharing and prolonging the magic of summer throughout the year.<\/p>","protected":false},"excerpt":{"rendered":"<p>The One c\u00e9l\u00e8bre la convivialit\u00e9, tout en refl\u00e9tant l\u2019h\u00e9ritage du Clos de Caille et de son terroir m\u00e9diterran\u00e9en. Ce ros\u00e9 frais et intens\u00e9ment aromatique se d\u00e9cline en formats 0,50 L et 1 L, pens\u00e9s pour les moments partag\u00e9s \u2014 qu\u2019il s\u2019agisse de d\u00e9jeuners sur les plages ensoleill\u00e9es ou d\u2019ap\u00e9ritifs de retour des pistes. La famille [&hellip;]<\/p>\n","protected":false},"featured_media":6171,"template":"","meta":{"_acf_changed":false,"_mo_disable_npp":""},"product_brand":[317],"product_cat":[34,49],"product_tag":[321],"class_list":{"0":"post-2170","1":"product","2":"type-product","3":"status-publish","4":"has-post-thumbnail","6":"product_brand-the-one","7":"product_cat-vins","8":"product_cat-vins-roses","9":"product_tag-aop-cotes-de-provence","11":"first","12":"instock","13":"shipping-taxable","14":"purchasable","15":"product-type-variable","16":"has-default-attributes"},"group_of_quantity":0,"min_quantity":0,"max_quantity":"","exclude_order_quantity_value_rules":"no","exclude_category_quantity_rules":"no","combine_variations":"no","acf":[],"yoast_head":"<!-- This site is optimized with the Yoast SEO plugin v27.0 - https:\/\/yoast.com\/product\/yoast-seo-wordpress\/ -->\n<title>The One Ros\u00e9 - Clos de Caille<\/title>\n<meta name=\"description\" content=\"Assemblage signature compos\u00e9 majoritairement de Grenache et Cinsault, The One, vin ros\u00e9 de Provence est a\u00e9rien et \u00e9l\u00e9gant et disponible en 0,50cl et 1L\" \/>\n<meta name=\"robots\" content=\"index, follow, max-snippet:-1, max-image-preview:large, max-video-preview:-1\" \/>\n<link rel=\"canonical\" href=\"https:\/\/www.closdecaille.com\/en\/product\/the-one-rose\/\" \/>\n<meta property=\"og:locale\" content=\"en_GB\" \/>\n<meta property=\"og:type\" content=\"article\" \/>\n<meta property=\"og:title\" content=\"The One Ros\u00e9 - Clos de Caille\" \/>\n<meta property=\"og:description\" content=\"Assemblage signature compos\u00e9 majoritairement de Grenache et Cinsault, The One, vin ros\u00e9 de Provence est a\u00e9rien et \u00e9l\u00e9gant et disponible en 0,50cl et 1L\" \/>\n<meta property=\"og:url\" content=\"https:\/\/www.closdecaille.com\/en\/product\/the-one-rose\/\" \/>\n<meta property=\"og:site_name\" content=\"Clos de Caille\" \/>\n<meta property=\"article:modified_time\" content=\"2026-03-09T14:06:07+00:00\" \/>\n<meta property=\"og:image\" content=\"https:\/\/www.closdecaille.com\/wp-content\/uploads\/2022\/10\/The-One-Packshot-Rose-Terracotta-25-BG.jpg\" \/>\n\t<meta property=\"og:image:width\" content=\"1440\" \/>\n\t<meta property=\"og:image:height\" content=\"1440\" \/>\n\t<meta property=\"og:image:type\" content=\"image\/jpeg\" \/>\n<meta name=\"twitter:label1\" content=\"Estimated reading time\" \/>\n\t<meta name=\"twitter:data1\" content=\"1 minute\" \/>\n<script type=\"application\/ld+json\" class=\"yoast-schema-graph\">{\"@context\":\"https:\/\/schema.org\",\"@graph\":[{\"@type\":\"WebPage\",\"@id\":\"https:\/\/www.closdecaille.com\/produit\/the-one-rose\/\",\"url\":\"https:\/\/www.closdecaille.com\/produit\/the-one-rose\/\",\"name\":\"The One Ros\u00e9 - Clos de Caille\",\"isPartOf\":{\"@id\":\"https:\/\/www.closdecaille.com\/#website\"},\"primaryImageOfPage\":{\"@id\":\"https:\/\/www.closdecaille.com\/produit\/the-one-rose\/#primaryimage\"},\"image\":{\"@id\":\"https:\/\/www.closdecaille.com\/produit\/the-one-rose\/#primaryimage\"},\"thumbnailUrl\":\"https:\/\/www.closdecaille.com\/wp-content\/uploads\/2022\/10\/The-One-Packshot-Rose-Terracotta-25-BG.jpg\",\"datePublished\":\"2023-07-06T16:30:42+00:00\",\"dateModified\":\"2026-03-09T14:06:07+00:00\",\"description\":\"Assemblage signature compos\u00e9 majoritairement de Grenache et Cinsault, The One, vin ros\u00e9 de Provence est a\u00e9rien et \u00e9l\u00e9gant et disponible en 0,50cl et 1L\",\"breadcrumb\":{\"@id\":\"https:\/\/www.closdecaille.com\/produit\/the-one-rose\/#breadcrumb\"},\"inLanguage\":\"en-GB\",\"potentialAction\":[{\"@type\":\"ReadAction\",\"target\":[\"https:\/\/www.closdecaille.com\/produit\/the-one-rose\/\"]}]},{\"@type\":\"ImageObject\",\"inLanguage\":\"en-GB\",\"@id\":\"https:\/\/www.closdecaille.com\/produit\/the-one-rose\/#primaryimage\",\"url\":\"https:\/\/www.closdecaille.com\/wp-content\/uploads\/2022\/10\/The-One-Packshot-Rose-Terracotta-25-BG.jpg\",\"contentUrl\":\"https:\/\/www.closdecaille.com\/wp-content\/uploads\/2022\/10\/The-One-Packshot-Rose-Terracotta-25-BG.jpg\",\"width\":1440,\"height\":1440},{\"@type\":\"BreadcrumbList\",\"@id\":\"https:\/\/www.closdecaille.com\/produit\/the-one-rose\/#breadcrumb\",\"itemListElement\":[{\"@type\":\"ListItem\",\"position\":1,\"name\":\"Nos Vins\",\"item\":\"https:\/\/www.closdecaille.com\/boutique\/\"},{\"@type\":\"ListItem\",\"position\":2,\"name\":\"The One\",\"item\":\"https:\/\/www.closdecaille.com\/brand\/the-one\/\"},{\"@type\":\"ListItem\",\"position\":3,\"name\":\"The One Ros\u00e9\"}]},{\"@type\":\"WebSite\",\"@id\":\"https:\/\/www.closdecaille.com\/#website\",\"url\":\"https:\/\/www.closdecaille.com\/\",\"name\":\"Clos de Caille\",\"description\":\"Vins AOP C\u00f4tes de Provence\",\"publisher\":{\"@id\":\"https:\/\/www.closdecaille.com\/#organization\"},\"potentialAction\":[{\"@type\":\"SearchAction\",\"target\":{\"@type\":\"EntryPoint\",\"urlTemplate\":\"https:\/\/www.closdecaille.com\/?s={search_term_string}\"},\"query-input\":{\"@type\":\"PropertyValueSpecification\",\"valueRequired\":true,\"valueName\":\"search_term_string\"}}],\"inLanguage\":\"en-GB\"},{\"@type\":\"Organization\",\"@id\":\"https:\/\/www.closdecaille.com\/#organization\",\"name\":\"Clos de Caille\",\"url\":\"https:\/\/www.closdecaille.com\/\",\"logo\":{\"@type\":\"ImageObject\",\"inLanguage\":\"en-GB\",\"@id\":\"https:\/\/www.closdecaille.com\/#\/schema\/logo\/image\/\",\"url\":\"https:\/\/www.closdecaille.com\/wp-content\/uploads\/2023\/07\/favicon-2023.png\",\"contentUrl\":\"https:\/\/www.closdecaille.com\/wp-content\/uploads\/2023\/07\/favicon-2023.png\",\"width\":600,\"height\":600,\"caption\":\"Clos de Caille\"},\"image\":{\"@id\":\"https:\/\/www.closdecaille.com\/#\/schema\/logo\/image\/\"}}]}<\/script>\n<!-- \/ Yoast SEO plugin. -->","yoast_head_json":{"title":"The One Ros\u00e9 - Clos de Caille","description":"A signature blend composed mainly of Grenache and Cinsault, The One, a Provence ros\u00e9 wine, is light and elegant and available in 0.50cl and 1L bottles.","robots":{"index":"index","follow":"follow","max-snippet":"max-snippet:-1","max-image-preview":"max-image-preview:large","max-video-preview":"max-video-preview:-1"},"canonical":"https:\/\/www.closdecaille.com\/en\/product\/the-one-rose\/","og_locale":"en_GB","og_type":"article","og_title":"The One Ros\u00e9 - Clos de Caille","og_description":"Assemblage signature compos\u00e9 majoritairement de Grenache et Cinsault, The One, vin ros\u00e9 de Provence est a\u00e9rien et \u00e9l\u00e9gant et disponible en 0,50cl et 1L","og_url":"https:\/\/www.closdecaille.com\/en\/product\/the-one-rose\/","og_site_name":"Clos de Caille","article_modified_time":"2026-03-09T14:06:07+00:00","og_image":[{"width":1440,"height":1440,"url":"https:\/\/www.closdecaille.com\/wp-content\/uploads\/2022\/10\/The-One-Packshot-Rose-Terracotta-25-BG.jpg","type":"image\/jpeg"}],"twitter_misc":{"Estimated reading time":"1 minute"},"schema":{"@context":"https:\/\/schema.org","@graph":[{"@type":"WebPage","@id":"https:\/\/www.closdecaille.com\/produit\/the-one-rose\/","url":"https:\/\/www.closdecaille.com\/produit\/the-one-rose\/","name":"The One Ros\u00e9 - Clos de Caille","isPartOf":{"@id":"https:\/\/www.closdecaille.com\/#website"},"primaryImageOfPage":{"@id":"https:\/\/www.closdecaille.com\/produit\/the-one-rose\/#primaryimage"},"image":{"@id":"https:\/\/www.closdecaille.com\/produit\/the-one-rose\/#primaryimage"},"thumbnailUrl":"https:\/\/www.closdecaille.com\/wp-content\/uploads\/2022\/10\/The-One-Packshot-Rose-Terracotta-25-BG.jpg","datePublished":"2023-07-06T16:30:42+00:00","dateModified":"2026-03-09T14:06:07+00:00","description":"A signature blend composed mainly of Grenache and Cinsault, The One, a Provence ros\u00e9 wine, is light and elegant and available in 0.50cl and 1L bottles.","breadcrumb":{"@id":"https:\/\/www.closdecaille.com\/produit\/the-one-rose\/#breadcrumb"},"inLanguage":"en-GB","potentialAction":[{"@type":"ReadAction","target":["https:\/\/www.closdecaille.com\/produit\/the-one-rose\/"]}]},{"@type":"ImageObject","inLanguage":"en-GB","@id":"https:\/\/www.closdecaille.com\/produit\/the-one-rose\/#primaryimage","url":"https:\/\/www.closdecaille.com\/wp-content\/uploads\/2022\/10\/The-One-Packshot-Rose-Terracotta-25-BG.jpg","contentUrl":"https:\/\/www.closdecaille.com\/wp-content\/uploads\/2022\/10\/The-One-Packshot-Rose-Terracotta-25-BG.jpg","width":1440,"height":1440},{"@type":"BreadcrumbList","@id":"https:\/\/www.closdecaille.com\/produit\/the-one-rose\/#breadcrumb","itemListElement":[{"@type":"ListItem","position":1,"name":"Nos Vins","item":"https:\/\/www.closdecaille.com\/boutique\/"},{"@type":"ListItem","position":2,"name":"The One","item":"https:\/\/www.closdecaille.com\/brand\/the-one\/"},{"@type":"ListItem","position":3,"name":"The One Ros\u00e9"}]},{"@type":"WebSite","@id":"https:\/\/www.closdecaille.com\/#website","url":"https:\/\/www.closdecaille.com\/","name":"Clos de Caille","description":"C\u00f4tes de Provence AOP wines","publisher":{"@id":"https:\/\/www.closdecaille.com\/#organization"},"potentialAction":[{"@type":"SearchAction","target":{"@type":"EntryPoint","urlTemplate":"https:\/\/www.closdecaille.com\/?s={search_term_string}"},"query-input":{"@type":"PropertyValueSpecification","valueRequired":true,"valueName":"search_term_string"}}],"inLanguage":"en-GB"},{"@type":"Organization","@id":"https:\/\/www.closdecaille.com\/#organization","name":"Clos de Caille","url":"https:\/\/www.closdecaille.com\/","logo":{"@type":"ImageObject","inLanguage":"en-GB","@id":"https:\/\/www.closdecaille.com\/#\/schema\/logo\/image\/","url":"https:\/\/www.closdecaille.com\/wp-content\/uploads\/2023\/07\/favicon-2023.png","contentUrl":"https:\/\/www.closdecaille.com\/wp-content\/uploads\/2023\/07\/favicon-2023.png","width":600,"height":600,"caption":"Clos de Caille"},"image":{"@id":"https:\/\/www.closdecaille.com\/#\/schema\/logo\/image\/"}}]}},"_links":{"self":[{"href":"https:\/\/www.closdecaille.com\/en\/wp-json\/wp\/v2\/product\/2170","targetHints":{"allow":["GET"]}}],"collection":[{"href":"https:\/\/www.closdecaille.com\/en\/wp-json\/wp\/v2\/product"}],"about":[{"href":"https:\/\/www.closdecaille.com\/en\/wp-json\/wp\/v2\/types\/product"}],"wp:featuredmedia":[{"embeddable":true,"href":"https:\/\/www.closdecaille.com\/en\/wp-json\/wp\/v2\/media\/6171"}],"wp:attachment":[{"href":"https:\/\/www.closdecaille.com\/en\/wp-json\/wp\/v2\/media?parent=2170"}],"wp:term":[{"taxonomy":"product_brand","embeddable":true,"href":"https:\/\/www.closdecaille.com\/en\/wp-json\/wp\/v2\/product_brand?post=2170"},{"taxonomy":"product_cat","embeddable":true,"href":"https:\/\/www.closdecaille.com\/en\/wp-json\/wp\/v2\/product_cat?post=2170"},{"taxonomy":"product_tag","embeddable":true,"href":"https:\/\/www.closdecaille.com\/en\/wp-json\/wp\/v2\/product_tag?post=2170"}],"curies":[{"name":"wp","href":"https:\/\/api.w.org\/{rel}","templated":true}]}}