{"id":2085,"date":"2022-10-06T11:33:35","date_gmt":"2022-10-06T10:33:35","guid":{"rendered":"https:\/\/www.closdecaille.com\/?post_type=product&#038;p=2085"},"modified":"2026-04-28T20:19:09","modified_gmt":"2026-04-28T18:19:09","slug":"clos-de-caille-rouge","status":"publish","type":"product","link":"https:\/\/www.closdecaille.com\/en\/product\/clos-de-caille-rouge\/","title":{"rendered":"Clos de Caille Red"},"content":{"rendered":"<p data-start=\"87\" data-end=\"397\">Clos de Caille made its debut on the Provencal wine scene, and quickly won over customers with the finesse and elegance of its wines. True to this demanding philosophy, and the fruit of several years' work, the Domaine has now signed its first red vintages, marking a major step in its history.<\/p>\n<p data-start=\"404\" data-end=\"696\">Born from a precise blend and meticulous work carried out by its master winemakers, Clos de Caille Rouge embodies the family's ambition: to create wines of the highest precision, revealing the depth of an exceptional terroir and naturally establishing themselves among the great reds of Provence.<\/p>\n<p data-start=\"703\" data-end=\"868\" data-is-last-node=\"\">Each vintage, including 2024, which is entirely vinified by Matthieu Cosse, follows the same quest for balance, precision and pure expression of terroir.<\/p>\n<blockquote><p><em>\u00abEach wine we produce is a faithful reflection of a place and a year. We must let the vintage, the terroir and the place speak for themselves. Otherwise, what is the point of making wine? Our role is not to impose a signature, but to humbly reveal what nature entrusts to us, translating it with precision and respect.\u00bb <\/em><br \/>\n<em>\u2014 G\u00e9rald Abbou, Director of Operations<\/em><\/p><\/blockquote>","protected":false},"excerpt":{"rendered":"<p>Apr\u00e8s une entr\u00e9e remarqu\u00e9e dans le paysage proven\u00e7al, le Clos de Caille a rapidement s\u00e9duit par la finesse et l\u2019\u00e9l\u00e9gance de ses vins. Fid\u00e8le \u00e0 cette philosophie d\u2019exigence, et fruit de plusieurs ann\u00e9es de travail, le Domaine signe ses premiers mill\u00e9simes rouges, marquant une \u00e9tape majeure dans son histoire. N\u00e9 d\u2019un assemblage pr\u00e9cis et d\u2019un [&hellip;]<\/p>\n","protected":false},"featured_media":6460,"template":"","meta":{"_acf_changed":false,"_mo_disable_npp":""},"product_brand":[316],"product_cat":[34,319],"product_tag":[321],"class_list":{"0":"post-2085","1":"product","2":"type-product","3":"status-publish","4":"has-post-thumbnail","6":"product_brand-clos-de-caille","7":"product_cat-vins","8":"product_cat-vins-rouges","9":"product_tag-aop-cotes-de-provence","11":"first","12":"instock","13":"shipping-taxable","14":"purchasable","15":"product-type-variable","16":"has-default-attributes"},"group_of_quantity":6,"min_quantity":6,"max_quantity":"","exclude_order_quantity_value_rules":"no","exclude_category_quantity_rules":"no","combine_variations":"no","acf":[],"yoast_head":"<!-- This site is optimized with the Yoast SEO plugin v27.0 - https:\/\/yoast.com\/product\/yoast-seo-wordpress\/ -->\n<title>Clos de Caille Rouge - Clos de Caille<\/title>\n<meta name=\"description\" content=\"Le fruit est \u00e0 l&#039;honneur avec un rouge AOP C\u00f4tes de Provence toute en rondeur, aux tanins de velours. Un vin rouge complexe, fruit\u00e9 \u00e0 d\u00e9guster avec vos plats \u00e9t\u00e9 comme hiver\" \/>\n<meta name=\"robots\" content=\"index, follow, max-snippet:-1, max-image-preview:large, max-video-preview:-1\" \/>\n<link rel=\"canonical\" href=\"https:\/\/www.closdecaille.com\/en\/product\/clos-de-caille-rouge\/\" \/>\n<meta property=\"og:locale\" content=\"en_GB\" \/>\n<meta property=\"og:type\" content=\"article\" \/>\n<meta property=\"og:title\" content=\"Clos de Caille Rouge - Clos de Caille\" \/>\n<meta property=\"og:description\" content=\"Le fruit est \u00e0 l&#039;honneur avec un rouge AOP C\u00f4tes de Provence toute en rondeur, aux tanins de velours. Un vin rouge complexe, fruit\u00e9 \u00e0 d\u00e9guster avec vos plats \u00e9t\u00e9 comme hiver\" \/>\n<meta property=\"og:url\" content=\"https:\/\/www.closdecaille.com\/en\/product\/clos-de-caille-rouge\/\" \/>\n<meta property=\"og:site_name\" content=\"Clos de Caille\" \/>\n<meta property=\"article:modified_time\" content=\"2026-04-28T18:19:09+00:00\" \/>\n<meta property=\"og:image\" content=\"https:\/\/www.closdecaille.com\/wp-content\/uploads\/2022\/10\/sans-titre-2.png\" \/>\n\t<meta property=\"og:image:width\" content=\"2560\" \/>\n\t<meta property=\"og:image:height\" content=\"2560\" \/>\n\t<meta property=\"og:image:type\" content=\"image\/png\" \/>\n<meta name=\"twitter:label1\" content=\"Estimated reading time\" \/>\n\t<meta name=\"twitter:data1\" content=\"1 minute\" \/>\n<script type=\"application\/ld+json\" class=\"yoast-schema-graph\">{\"@context\":\"https:\/\/schema.org\",\"@graph\":[{\"@type\":\"WebPage\",\"@id\":\"https:\/\/www.closdecaille.com\/produit\/clos-de-caille-rouge\/\",\"url\":\"https:\/\/www.closdecaille.com\/produit\/clos-de-caille-rouge\/\",\"name\":\"Clos de Caille Rouge - Clos de Caille\",\"isPartOf\":{\"@id\":\"https:\/\/www.closdecaille.com\/#website\"},\"primaryImageOfPage\":{\"@id\":\"https:\/\/www.closdecaille.com\/produit\/clos-de-caille-rouge\/#primaryimage\"},\"image\":{\"@id\":\"https:\/\/www.closdecaille.com\/produit\/clos-de-caille-rouge\/#primaryimage\"},\"thumbnailUrl\":\"https:\/\/www.closdecaille.com\/wp-content\/uploads\/2022\/10\/sans-titre-2.png\",\"datePublished\":\"2022-10-06T10:33:35+00:00\",\"dateModified\":\"2026-04-28T18:19:09+00:00\",\"description\":\"Le fruit est \u00e0 l'honneur avec un rouge AOP C\u00f4tes de Provence toute en rondeur, aux tanins de velours. Un vin rouge complexe, fruit\u00e9 \u00e0 d\u00e9guster avec vos plats \u00e9t\u00e9 comme hiver\",\"breadcrumb\":{\"@id\":\"https:\/\/www.closdecaille.com\/produit\/clos-de-caille-rouge\/#breadcrumb\"},\"inLanguage\":\"en-GB\",\"potentialAction\":[{\"@type\":\"ReadAction\",\"target\":[\"https:\/\/www.closdecaille.com\/produit\/clos-de-caille-rouge\/\"]}]},{\"@type\":\"ImageObject\",\"inLanguage\":\"en-GB\",\"@id\":\"https:\/\/www.closdecaille.com\/produit\/clos-de-caille-rouge\/#primaryimage\",\"url\":\"https:\/\/www.closdecaille.com\/wp-content\/uploads\/2022\/10\/sans-titre-2.png\",\"contentUrl\":\"https:\/\/www.closdecaille.com\/wp-content\/uploads\/2022\/10\/sans-titre-2.png\",\"width\":2560,\"height\":2560,\"caption\":\"Clos de Caille - Packshot - Rouge - Terracotta 25 BG\"},{\"@type\":\"BreadcrumbList\",\"@id\":\"https:\/\/www.closdecaille.com\/produit\/clos-de-caille-rouge\/#breadcrumb\",\"itemListElement\":[{\"@type\":\"ListItem\",\"position\":1,\"name\":\"Nos Vins\",\"item\":\"https:\/\/www.closdecaille.com\/boutique\/\"},{\"@type\":\"ListItem\",\"position\":2,\"name\":\"Clos de Caille\",\"item\":\"https:\/\/www.closdecaille.com\/brand\/clos-de-caille\/\"},{\"@type\":\"ListItem\",\"position\":3,\"name\":\"Clos de Caille Rouge\"}]},{\"@type\":\"WebSite\",\"@id\":\"https:\/\/www.closdecaille.com\/#website\",\"url\":\"https:\/\/www.closdecaille.com\/\",\"name\":\"Clos de Caille\",\"description\":\"Vins AOP C\u00f4tes de Provence\",\"publisher\":{\"@id\":\"https:\/\/www.closdecaille.com\/#organization\"},\"potentialAction\":[{\"@type\":\"SearchAction\",\"target\":{\"@type\":\"EntryPoint\",\"urlTemplate\":\"https:\/\/www.closdecaille.com\/?s={search_term_string}\"},\"query-input\":{\"@type\":\"PropertyValueSpecification\",\"valueRequired\":true,\"valueName\":\"search_term_string\"}}],\"inLanguage\":\"en-GB\"},{\"@type\":\"Organization\",\"@id\":\"https:\/\/www.closdecaille.com\/#organization\",\"name\":\"Clos de Caille\",\"url\":\"https:\/\/www.closdecaille.com\/\",\"logo\":{\"@type\":\"ImageObject\",\"inLanguage\":\"en-GB\",\"@id\":\"https:\/\/www.closdecaille.com\/#\/schema\/logo\/image\/\",\"url\":\"https:\/\/www.closdecaille.com\/wp-content\/uploads\/2023\/07\/favicon-2023.png\",\"contentUrl\":\"https:\/\/www.closdecaille.com\/wp-content\/uploads\/2023\/07\/favicon-2023.png\",\"width\":600,\"height\":600,\"caption\":\"Clos de Caille\"},\"image\":{\"@id\":\"https:\/\/www.closdecaille.com\/#\/schema\/logo\/image\/\"}}]}<\/script>\n<!-- \/ Yoast SEO plugin. -->","yoast_head_json":{"title":"Clos de Caille Red - Clos de Caille","description":"Fruit takes centre stage with a rounded C\u00f4tes de Provence AOP red wine with velvety tannins. A complex, fruity red wine to enjoy with your dishes in both summer and winter.","robots":{"index":"index","follow":"follow","max-snippet":"max-snippet:-1","max-image-preview":"max-image-preview:large","max-video-preview":"max-video-preview:-1"},"canonical":"https:\/\/www.closdecaille.com\/en\/product\/clos-de-caille-rouge\/","og_locale":"en_GB","og_type":"article","og_title":"Clos de Caille Rouge - Clos de Caille","og_description":"Le fruit est \u00e0 l'honneur avec un rouge AOP C\u00f4tes de Provence toute en rondeur, aux tanins de velours. Un vin rouge complexe, fruit\u00e9 \u00e0 d\u00e9guster avec vos plats \u00e9t\u00e9 comme hiver","og_url":"https:\/\/www.closdecaille.com\/en\/product\/clos-de-caille-rouge\/","og_site_name":"Clos de Caille","article_modified_time":"2026-04-28T18:19:09+00:00","og_image":[{"width":2560,"height":2560,"url":"https:\/\/www.closdecaille.com\/wp-content\/uploads\/2022\/10\/sans-titre-2.png","type":"image\/png"}],"twitter_misc":{"Estimated reading time":"1 minute"},"schema":{"@context":"https:\/\/schema.org","@graph":[{"@type":"WebPage","@id":"https:\/\/www.closdecaille.com\/produit\/clos-de-caille-rouge\/","url":"https:\/\/www.closdecaille.com\/produit\/clos-de-caille-rouge\/","name":"Clos de Caille Red - Clos de Caille","isPartOf":{"@id":"https:\/\/www.closdecaille.com\/#website"},"primaryImageOfPage":{"@id":"https:\/\/www.closdecaille.com\/produit\/clos-de-caille-rouge\/#primaryimage"},"image":{"@id":"https:\/\/www.closdecaille.com\/produit\/clos-de-caille-rouge\/#primaryimage"},"thumbnailUrl":"https:\/\/www.closdecaille.com\/wp-content\/uploads\/2022\/10\/sans-titre-2.png","datePublished":"2022-10-06T10:33:35+00:00","dateModified":"2026-04-28T18:19:09+00:00","description":"Fruit takes centre stage with a rounded C\u00f4tes de Provence AOP red wine with velvety tannins. A complex, fruity red wine to enjoy with your dishes in both summer and winter.","breadcrumb":{"@id":"https:\/\/www.closdecaille.com\/produit\/clos-de-caille-rouge\/#breadcrumb"},"inLanguage":"en-GB","potentialAction":[{"@type":"ReadAction","target":["https:\/\/www.closdecaille.com\/produit\/clos-de-caille-rouge\/"]}]},{"@type":"ImageObject","inLanguage":"en-GB","@id":"https:\/\/www.closdecaille.com\/produit\/clos-de-caille-rouge\/#primaryimage","url":"https:\/\/www.closdecaille.com\/wp-content\/uploads\/2022\/10\/sans-titre-2.png","contentUrl":"https:\/\/www.closdecaille.com\/wp-content\/uploads\/2022\/10\/sans-titre-2.png","width":2560,"height":2560,"caption":"Clos de Caille - Packshot - Rouge - Terracotta 25 BG"},{"@type":"BreadcrumbList","@id":"https:\/\/www.closdecaille.com\/produit\/clos-de-caille-rouge\/#breadcrumb","itemListElement":[{"@type":"ListItem","position":1,"name":"Nos Vins","item":"https:\/\/www.closdecaille.com\/boutique\/"},{"@type":"ListItem","position":2,"name":"Clos de Caille","item":"https:\/\/www.closdecaille.com\/brand\/clos-de-caille\/"},{"@type":"ListItem","position":3,"name":"Clos de Caille Rouge"}]},{"@type":"WebSite","@id":"https:\/\/www.closdecaille.com\/#website","url":"https:\/\/www.closdecaille.com\/","name":"Clos de Caille","description":"C\u00f4tes de Provence AOP wines","publisher":{"@id":"https:\/\/www.closdecaille.com\/#organization"},"potentialAction":[{"@type":"SearchAction","target":{"@type":"EntryPoint","urlTemplate":"https:\/\/www.closdecaille.com\/?s={search_term_string}"},"query-input":{"@type":"PropertyValueSpecification","valueRequired":true,"valueName":"search_term_string"}}],"inLanguage":"en-GB"},{"@type":"Organization","@id":"https:\/\/www.closdecaille.com\/#organization","name":"Clos de Caille","url":"https:\/\/www.closdecaille.com\/","logo":{"@type":"ImageObject","inLanguage":"en-GB","@id":"https:\/\/www.closdecaille.com\/#\/schema\/logo\/image\/","url":"https:\/\/www.closdecaille.com\/wp-content\/uploads\/2023\/07\/favicon-2023.png","contentUrl":"https:\/\/www.closdecaille.com\/wp-content\/uploads\/2023\/07\/favicon-2023.png","width":600,"height":600,"caption":"Clos de Caille"},"image":{"@id":"https:\/\/www.closdecaille.com\/#\/schema\/logo\/image\/"}}]}},"_links":{"self":[{"href":"https:\/\/www.closdecaille.com\/en\/wp-json\/wp\/v2\/product\/2085","targetHints":{"allow":["GET"]}}],"collection":[{"href":"https:\/\/www.closdecaille.com\/en\/wp-json\/wp\/v2\/product"}],"about":[{"href":"https:\/\/www.closdecaille.com\/en\/wp-json\/wp\/v2\/types\/product"}],"wp:featuredmedia":[{"embeddable":true,"href":"https:\/\/www.closdecaille.com\/en\/wp-json\/wp\/v2\/media\/6460"}],"wp:attachment":[{"href":"https:\/\/www.closdecaille.com\/en\/wp-json\/wp\/v2\/media?parent=2085"}],"wp:term":[{"taxonomy":"product_brand","embeddable":true,"href":"https:\/\/www.closdecaille.com\/en\/wp-json\/wp\/v2\/product_brand?post=2085"},{"taxonomy":"product_cat","embeddable":true,"href":"https:\/\/www.closdecaille.com\/en\/wp-json\/wp\/v2\/product_cat?post=2085"},{"taxonomy":"product_tag","embeddable":true,"href":"https:\/\/www.closdecaille.com\/en\/wp-json\/wp\/v2\/product_tag?post=2085"}],"curies":[{"name":"wp","href":"https:\/\/api.w.org\/{rel}","templated":true}]}}