{"id":2073,"date":"2022-10-05T20:15:20","date_gmt":"2022-10-05T19:15:20","guid":{"rendered":"https:\/\/www.closdecaille.com\/?post_type=product&#038;p=2073"},"modified":"2026-04-28T17:28:16","modified_gmt":"2026-04-28T15:28:16","slug":"anomis-rose","status":"publish","type":"product","link":"https:\/\/www.closdecaille.com\/en\/product\/anomis-rose\/","title":{"rendered":"Anomis Ros\u00e9"},"content":{"rendered":"<p data-start=\"142\" data-end=\"540\">Inspired by an exceptional terroir and a unique Mediterranean microclimate, <strong data-start=\"218\" data-end=\"228\">Anomis, <\/strong>reveals a precious duality: sometimes voluptuous and airy, sometimes assertive and unique. Its luminous colour reveals a delicate bouquet of fleshy fruits, the signature of a multi-varietal ros\u00e9 crafted with the utmost respect for parcel-by-parcel vinification. Finesse, freshness and precision define its character.<\/p>\n<p data-start=\"542\" data-end=\"778\">Here, ros\u00e9 wine flourishes: structured and deeply rooted in the environment that gave birth to it. A true terroir ros\u00e9, <strong data-start=\"662\" data-end=\"672\">Anomis<\/strong> offers rare aromatic depth and great complexity, combining sunny brightness with controlled elegance.<\/p>\n<p data-start=\"780\" data-end=\"959\"><strong data-start=\"780\" data-end=\"892\">Anomis embodies the passion that drives us: a passion for beautiful things, precious moments and the essentials.<\/strong> A ros\u00e9 wine of unrivalled freshness, where the Mediterranean light shapes a unique sensory experience.<\/p>","protected":false},"excerpt":{"rendered":"<div class=\"text-base my-auto mx-auto pb-10 [--thread-content-margin:--spacing(4)] @w-sm\/main:[--thread-content-margin:--spacing(6)] @w-lg\/main:[--thread-content-margin:--spacing(16)] px-(--thread-content-margin)\">\n<div class=\"[--thread-content-max-width:40rem] @w-lg\/main:[--thread-content-max-width:48rem] mx-auto max-w-(--thread-content-max-width) flex-1 group\/turn-messages focus-visible:outline-hidden relative flex w-full min-w-0 flex-col agent-turn\" tabindex=\"-1\">\n<div class=\"flex max-w-full flex-col grow\">\n<div class=\"min-h-8 text-message relative flex w-full flex-col items-end gap-2 text-start break-words whitespace-normal [.text-message+&amp;]:mt-1\" dir=\"auto\" data-message-author-role=\"assistant\" data-message-id=\"6618b3f8-3346-471c-8544-8d32441b790c\" data-message-model-slug=\"gpt-5-2\">\n<div class=\"flex w-full flex-col gap-1 empty:hidden first:pt-[1px]\">\n<div class=\"markdown prose dark:prose-invert w-full wrap-break-word dark markdown-new-styling\">\n<p data-start=\"0\" data-end=\"197\" data-is-last-node=\"\" data-is-only-node=\"\">Inspir\u00e9 par un terroir m\u00e9diterran\u00e9en d\u2019exception, <strong data-start=\"50\" data-end=\"60\">Anomis<\/strong> est un ros\u00e9 lumineux et structur\u00e9, d\u00e9voilant un bouquet d\u00e9licat de fruits \u00e0 chair blanche et une \u00e9l\u00e9gance fra\u00eeche d\u2019une rare complexit\u00e9.<\/p>\n<\/div>\n<\/div>\n<\/div>\n<\/div>\n<\/div>\n<\/div>\n","protected":false},"featured_media":6153,"template":"","meta":{"_acf_changed":false,"_mo_disable_npp":""},"product_brand":[315],"product_cat":[34,49],"product_tag":[321],"class_list":{"0":"post-2073","1":"product","2":"type-product","3":"status-publish","4":"has-post-thumbnail","6":"product_brand-anomis","7":"product_cat-vins","8":"product_cat-vins-roses","9":"product_tag-aop-cotes-de-provence","11":"first","12":"instock","13":"shipping-taxable","14":"purchasable","15":"product-type-variable","16":"has-default-attributes"},"group_of_quantity":0,"min_quantity":0,"max_quantity":"","exclude_order_quantity_value_rules":"no","exclude_category_quantity_rules":"no","combine_variations":"no","acf":[],"yoast_head":"<!-- This site is optimized with the Yoast SEO plugin v27.0 - https:\/\/yoast.com\/product\/yoast-seo-wordpress\/ -->\n<title>Anomis Ros\u00e9 - Clos de Caille<\/title>\n<meta name=\"description\" content=\"Inspir\u00e9e par un terroir d\u2019exception et un microclimat m\u00e9diterran\u00e9en, la Cuv\u00e9e Ros\u00e9 Anomis est produite dans le respect de la vinification parcellaire et se distingue par sa finesse et sa fra\u00eecheur\" \/>\n<meta name=\"robots\" content=\"index, follow, max-snippet:-1, max-image-preview:large, max-video-preview:-1\" \/>\n<link rel=\"canonical\" href=\"https:\/\/www.closdecaille.com\/en\/product\/anomis-rose\/\" \/>\n<meta property=\"og:locale\" content=\"en_GB\" \/>\n<meta property=\"og:type\" content=\"article\" \/>\n<meta property=\"og:title\" content=\"Anomis Ros\u00e9 - Clos de Caille\" \/>\n<meta property=\"og:description\" content=\"Inspir\u00e9e par un terroir d\u2019exception et un microclimat m\u00e9diterran\u00e9en, la Cuv\u00e9e Ros\u00e9 Anomis est produite dans le respect de la vinification parcellaire et se distingue par sa finesse et sa fra\u00eecheur\" \/>\n<meta property=\"og:url\" content=\"https:\/\/www.closdecaille.com\/en\/product\/anomis-rose\/\" \/>\n<meta property=\"og:site_name\" content=\"Clos de Caille\" \/>\n<meta property=\"article:modified_time\" content=\"2026-04-28T15:28:16+00:00\" \/>\n<meta property=\"og:image\" content=\"https:\/\/www.closdecaille.com\/wp-content\/uploads\/2022\/10\/Anomis-Packshot-Rose-Terracotta-25-BG.jpg\" \/>\n\t<meta property=\"og:image:width\" content=\"1440\" \/>\n\t<meta property=\"og:image:height\" content=\"1440\" \/>\n\t<meta property=\"og:image:type\" content=\"image\/jpeg\" \/>\n<meta name=\"twitter:label1\" content=\"Estimated reading time\" \/>\n\t<meta name=\"twitter:data1\" content=\"1 minute\" \/>\n<script type=\"application\/ld+json\" class=\"yoast-schema-graph\">{\"@context\":\"https:\/\/schema.org\",\"@graph\":[{\"@type\":\"WebPage\",\"@id\":\"https:\/\/www.closdecaille.com\/produit\/anomis-rose\/\",\"url\":\"https:\/\/www.closdecaille.com\/produit\/anomis-rose\/\",\"name\":\"Anomis Ros\u00e9 - Clos de Caille\",\"isPartOf\":{\"@id\":\"https:\/\/www.closdecaille.com\/#website\"},\"primaryImageOfPage\":{\"@id\":\"https:\/\/www.closdecaille.com\/produit\/anomis-rose\/#primaryimage\"},\"image\":{\"@id\":\"https:\/\/www.closdecaille.com\/produit\/anomis-rose\/#primaryimage\"},\"thumbnailUrl\":\"https:\/\/www.closdecaille.com\/wp-content\/uploads\/2022\/10\/Anomis-Packshot-Rose-Terracotta-25-BG.jpg\",\"datePublished\":\"2022-10-05T19:15:20+00:00\",\"dateModified\":\"2026-04-28T15:28:16+00:00\",\"description\":\"Inspir\u00e9e par un terroir d\u2019exception et un microclimat m\u00e9diterran\u00e9en, la Cuv\u00e9e Ros\u00e9 Anomis est produite dans le respect de la vinification parcellaire et se distingue par sa finesse et sa fra\u00eecheur\",\"breadcrumb\":{\"@id\":\"https:\/\/www.closdecaille.com\/produit\/anomis-rose\/#breadcrumb\"},\"inLanguage\":\"en-GB\",\"potentialAction\":[{\"@type\":\"ReadAction\",\"target\":[\"https:\/\/www.closdecaille.com\/produit\/anomis-rose\/\"]}]},{\"@type\":\"ImageObject\",\"inLanguage\":\"en-GB\",\"@id\":\"https:\/\/www.closdecaille.com\/produit\/anomis-rose\/#primaryimage\",\"url\":\"https:\/\/www.closdecaille.com\/wp-content\/uploads\/2022\/10\/Anomis-Packshot-Rose-Terracotta-25-BG.jpg\",\"contentUrl\":\"https:\/\/www.closdecaille.com\/wp-content\/uploads\/2022\/10\/Anomis-Packshot-Rose-Terracotta-25-BG.jpg\",\"width\":1440,\"height\":1440},{\"@type\":\"BreadcrumbList\",\"@id\":\"https:\/\/www.closdecaille.com\/produit\/anomis-rose\/#breadcrumb\",\"itemListElement\":[{\"@type\":\"ListItem\",\"position\":1,\"name\":\"Nos Vins\",\"item\":\"https:\/\/www.closdecaille.com\/boutique\/\"},{\"@type\":\"ListItem\",\"position\":2,\"name\":\"Anomis\",\"item\":\"https:\/\/www.closdecaille.com\/brand\/anomis\/\"},{\"@type\":\"ListItem\",\"position\":3,\"name\":\"Anomis Ros\u00e9\"}]},{\"@type\":\"WebSite\",\"@id\":\"https:\/\/www.closdecaille.com\/#website\",\"url\":\"https:\/\/www.closdecaille.com\/\",\"name\":\"Clos de Caille\",\"description\":\"Vins AOP C\u00f4tes de Provence\",\"publisher\":{\"@id\":\"https:\/\/www.closdecaille.com\/#organization\"},\"potentialAction\":[{\"@type\":\"SearchAction\",\"target\":{\"@type\":\"EntryPoint\",\"urlTemplate\":\"https:\/\/www.closdecaille.com\/?s={search_term_string}\"},\"query-input\":{\"@type\":\"PropertyValueSpecification\",\"valueRequired\":true,\"valueName\":\"search_term_string\"}}],\"inLanguage\":\"en-GB\"},{\"@type\":\"Organization\",\"@id\":\"https:\/\/www.closdecaille.com\/#organization\",\"name\":\"Clos de Caille\",\"url\":\"https:\/\/www.closdecaille.com\/\",\"logo\":{\"@type\":\"ImageObject\",\"inLanguage\":\"en-GB\",\"@id\":\"https:\/\/www.closdecaille.com\/#\/schema\/logo\/image\/\",\"url\":\"https:\/\/www.closdecaille.com\/wp-content\/uploads\/2023\/07\/favicon-2023.png\",\"contentUrl\":\"https:\/\/www.closdecaille.com\/wp-content\/uploads\/2023\/07\/favicon-2023.png\",\"width\":600,\"height\":600,\"caption\":\"Clos de Caille\"},\"image\":{\"@id\":\"https:\/\/www.closdecaille.com\/#\/schema\/logo\/image\/\"}}]}<\/script>\n<!-- \/ Yoast SEO plugin. -->","yoast_head_json":{"title":"Anomis Ros\u00e9 - Clos de Caille","description":"Inspired by an exceptional terroir and a Mediterranean microclimate, the Cuv\u00e9e Ros\u00e9 Anomis is produced using plot-by-plot vinification and stands out for its finesse and freshness.","robots":{"index":"index","follow":"follow","max-snippet":"max-snippet:-1","max-image-preview":"max-image-preview:large","max-video-preview":"max-video-preview:-1"},"canonical":"https:\/\/www.closdecaille.com\/en\/product\/anomis-rose\/","og_locale":"en_GB","og_type":"article","og_title":"Anomis Ros\u00e9 - Clos de Caille","og_description":"Inspir\u00e9e par un terroir d\u2019exception et un microclimat m\u00e9diterran\u00e9en, la Cuv\u00e9e Ros\u00e9 Anomis est produite dans le respect de la vinification parcellaire et se distingue par sa finesse et sa fra\u00eecheur","og_url":"https:\/\/www.closdecaille.com\/en\/product\/anomis-rose\/","og_site_name":"Clos de Caille","article_modified_time":"2026-04-28T15:28:16+00:00","og_image":[{"width":1440,"height":1440,"url":"https:\/\/www.closdecaille.com\/wp-content\/uploads\/2022\/10\/Anomis-Packshot-Rose-Terracotta-25-BG.jpg","type":"image\/jpeg"}],"twitter_misc":{"Estimated reading time":"1 minute"},"schema":{"@context":"https:\/\/schema.org","@graph":[{"@type":"WebPage","@id":"https:\/\/www.closdecaille.com\/produit\/anomis-rose\/","url":"https:\/\/www.closdecaille.com\/produit\/anomis-rose\/","name":"Anomis Ros\u00e9 - Clos de Caille","isPartOf":{"@id":"https:\/\/www.closdecaille.com\/#website"},"primaryImageOfPage":{"@id":"https:\/\/www.closdecaille.com\/produit\/anomis-rose\/#primaryimage"},"image":{"@id":"https:\/\/www.closdecaille.com\/produit\/anomis-rose\/#primaryimage"},"thumbnailUrl":"https:\/\/www.closdecaille.com\/wp-content\/uploads\/2022\/10\/Anomis-Packshot-Rose-Terracotta-25-BG.jpg","datePublished":"2022-10-05T19:15:20+00:00","dateModified":"2026-04-28T15:28:16+00:00","description":"Inspired by an exceptional terroir and a Mediterranean microclimate, the Cuv\u00e9e Ros\u00e9 Anomis is produced using plot-by-plot vinification and stands out for its finesse and freshness.","breadcrumb":{"@id":"https:\/\/www.closdecaille.com\/produit\/anomis-rose\/#breadcrumb"},"inLanguage":"en-GB","potentialAction":[{"@type":"ReadAction","target":["https:\/\/www.closdecaille.com\/produit\/anomis-rose\/"]}]},{"@type":"ImageObject","inLanguage":"en-GB","@id":"https:\/\/www.closdecaille.com\/produit\/anomis-rose\/#primaryimage","url":"https:\/\/www.closdecaille.com\/wp-content\/uploads\/2022\/10\/Anomis-Packshot-Rose-Terracotta-25-BG.jpg","contentUrl":"https:\/\/www.closdecaille.com\/wp-content\/uploads\/2022\/10\/Anomis-Packshot-Rose-Terracotta-25-BG.jpg","width":1440,"height":1440},{"@type":"BreadcrumbList","@id":"https:\/\/www.closdecaille.com\/produit\/anomis-rose\/#breadcrumb","itemListElement":[{"@type":"ListItem","position":1,"name":"Nos Vins","item":"https:\/\/www.closdecaille.com\/boutique\/"},{"@type":"ListItem","position":2,"name":"Anomis","item":"https:\/\/www.closdecaille.com\/brand\/anomis\/"},{"@type":"ListItem","position":3,"name":"Anomis Ros\u00e9"}]},{"@type":"WebSite","@id":"https:\/\/www.closdecaille.com\/#website","url":"https:\/\/www.closdecaille.com\/","name":"Clos de Caille","description":"C\u00f4tes de Provence AOP wines","publisher":{"@id":"https:\/\/www.closdecaille.com\/#organization"},"potentialAction":[{"@type":"SearchAction","target":{"@type":"EntryPoint","urlTemplate":"https:\/\/www.closdecaille.com\/?s={search_term_string}"},"query-input":{"@type":"PropertyValueSpecification","valueRequired":true,"valueName":"search_term_string"}}],"inLanguage":"en-GB"},{"@type":"Organization","@id":"https:\/\/www.closdecaille.com\/#organization","name":"Clos de Caille","url":"https:\/\/www.closdecaille.com\/","logo":{"@type":"ImageObject","inLanguage":"en-GB","@id":"https:\/\/www.closdecaille.com\/#\/schema\/logo\/image\/","url":"https:\/\/www.closdecaille.com\/wp-content\/uploads\/2023\/07\/favicon-2023.png","contentUrl":"https:\/\/www.closdecaille.com\/wp-content\/uploads\/2023\/07\/favicon-2023.png","width":600,"height":600,"caption":"Clos de Caille"},"image":{"@id":"https:\/\/www.closdecaille.com\/#\/schema\/logo\/image\/"}}]}},"_links":{"self":[{"href":"https:\/\/www.closdecaille.com\/en\/wp-json\/wp\/v2\/product\/2073","targetHints":{"allow":["GET"]}}],"collection":[{"href":"https:\/\/www.closdecaille.com\/en\/wp-json\/wp\/v2\/product"}],"about":[{"href":"https:\/\/www.closdecaille.com\/en\/wp-json\/wp\/v2\/types\/product"}],"wp:featuredmedia":[{"embeddable":true,"href":"https:\/\/www.closdecaille.com\/en\/wp-json\/wp\/v2\/media\/6153"}],"wp:attachment":[{"href":"https:\/\/www.closdecaille.com\/en\/wp-json\/wp\/v2\/media?parent=2073"}],"wp:term":[{"taxonomy":"product_brand","embeddable":true,"href":"https:\/\/www.closdecaille.com\/en\/wp-json\/wp\/v2\/product_brand?post=2073"},{"taxonomy":"product_cat","embeddable":true,"href":"https:\/\/www.closdecaille.com\/en\/wp-json\/wp\/v2\/product_cat?post=2073"},{"taxonomy":"product_tag","embeddable":true,"href":"https:\/\/www.closdecaille.com\/en\/wp-json\/wp\/v2\/product_tag?post=2073"}],"curies":[{"name":"wp","href":"https:\/\/api.w.org\/{rel}","templated":true}]}}