{"id":2072,"date":"2022-10-05T20:13:50","date_gmt":"2022-10-05T19:13:50","guid":{"rendered":"https:\/\/www.closdecaille.com\/?post_type=product&#038;p=2072"},"modified":"2026-04-28T14:01:06","modified_gmt":"2026-04-28T12:01:06","slug":"clos-de-caille-rose","status":"publish","type":"product","link":"https:\/\/www.closdecaille.com\/en\/product\/clos-de-caille-rose\/","title":{"rendered":"Clos de Caille Ros\u00e9"},"content":{"rendered":"<p data-start=\"146\" data-end=\"486\"><strong data-start=\"146\" data-end=\"203\">Clos de Caille embodies the very essence of Provence.<\/strong> Discover this iconic AOP C\u00f4tes de Provence ros\u00e9 wine, created by renowned oenologist Matthieu Cosse. Beneath its delicate rose gold colour, expressive aromas unfold, with subtle notes of summer fruits intertwining harmoniously in a perfectly balanced texture.<\/p>\n<p data-start=\"488\" data-end=\"794\"><strong data-start=\"488\" data-end=\"520\">A true gem of freshness<\/strong>, This ros\u00e9 is produced in the exceptional winery designed by renowned architect Rudy Ricciotti. As the estate's first signature wine, it reflects, vintage after vintage, our desire to reveal the richness and diversity of the C\u00f4tes de Provence terroirs.<\/p>\n<p data-start=\"796\" data-end=\"1069\">Produced from the finest plots of the vineyard, located at an altitude of nearly 200 metres, <strong data-start=\"880\" data-end=\"903\">Clos de Caille Ros\u00e9<\/strong> expresses all the expertise of the Mariotti family and its artisan winemakers, offering a ros\u00e9 worthy of Provence: pure, luminous and intensely refined.<\/p>","protected":false},"excerpt":{"rendered":"<p>Clos de Caille is an emblematic C\u00f4tes de Provence ros\u00e9, luminous and elegant, signed Matthieu Cosse, expressing with freshness and precision the richness of a high altitude terroir shaped by the know-how of the Mariotti family.<\/p>","protected":false},"featured_media":6165,"template":"","meta":{"_acf_changed":false,"_mo_disable_npp":""},"product_brand":[316],"product_cat":[34,49],"product_tag":[321],"class_list":{"0":"post-2072","1":"product","2":"type-product","3":"status-publish","4":"has-post-thumbnail","6":"product_brand-clos-de-caille","7":"product_cat-vins","8":"product_cat-vins-roses","9":"product_tag-aop-cotes-de-provence","11":"first","12":"instock","13":"shipping-taxable","14":"purchasable","15":"product-type-variable","16":"has-default-attributes"},"group_of_quantity":0,"min_quantity":0,"max_quantity":"","exclude_order_quantity_value_rules":"no","exclude_category_quantity_rules":"no","combine_variations":"no","acf":[],"yoast_head":"<!-- This site is optimized with the Yoast SEO plugin v27.0 - https:\/\/yoast.com\/product\/yoast-seo-wordpress\/ -->\n<title>Clos de Caille Ros\u00e9 - Clos de Caille<\/title>\n<meta name=\"description\" content=\"Soigneusement s\u00e9lectionn\u00e9s, nos vins ros\u00e9s AOP C\u00f4tes de Provence sont \u00e9labor\u00e9s \u00e0 partir de c\u00e9pages m\u00e9diterran\u00e9ens, au sol argilo-calcaire. Des vins au Go\u00fbt de l&#039;Excellence\" \/>\n<meta name=\"robots\" content=\"index, follow, max-snippet:-1, max-image-preview:large, max-video-preview:-1\" \/>\n<link rel=\"canonical\" href=\"https:\/\/www.closdecaille.com\/en\/product\/clos-de-caille-rose\/\" \/>\n<meta property=\"og:locale\" content=\"en_GB\" \/>\n<meta property=\"og:type\" content=\"article\" \/>\n<meta property=\"og:title\" content=\"Clos de Caille Ros\u00e9 - Clos de Caille\" \/>\n<meta property=\"og:description\" content=\"Soigneusement s\u00e9lectionn\u00e9s, nos vins ros\u00e9s AOP C\u00f4tes de Provence sont \u00e9labor\u00e9s \u00e0 partir de c\u00e9pages m\u00e9diterran\u00e9ens, au sol argilo-calcaire. Des vins au Go\u00fbt de l&#039;Excellence\" \/>\n<meta property=\"og:url\" content=\"https:\/\/www.closdecaille.com\/en\/product\/clos-de-caille-rose\/\" \/>\n<meta property=\"og:site_name\" content=\"Clos de Caille\" \/>\n<meta property=\"article:modified_time\" content=\"2026-04-28T12:01:06+00:00\" \/>\n<meta property=\"og:image\" content=\"https:\/\/www.closdecaille.com\/wp-content\/uploads\/2022\/10\/Clos-de-Caille-Packshot-Rose-Terracotta-25-BG.jpg\" \/>\n\t<meta property=\"og:image:width\" content=\"1440\" \/>\n\t<meta property=\"og:image:height\" content=\"1440\" \/>\n\t<meta property=\"og:image:type\" content=\"image\/jpeg\" \/>\n<meta name=\"twitter:label1\" content=\"Estimated reading time\" \/>\n\t<meta name=\"twitter:data1\" content=\"1 minute\" \/>\n<script type=\"application\/ld+json\" class=\"yoast-schema-graph\">{\"@context\":\"https:\/\/schema.org\",\"@graph\":[{\"@type\":\"WebPage\",\"@id\":\"https:\/\/www.closdecaille.com\/produit\/clos-de-caille-rose\/\",\"url\":\"https:\/\/www.closdecaille.com\/produit\/clos-de-caille-rose\/\",\"name\":\"Clos de Caille Ros\u00e9 - Clos de Caille\",\"isPartOf\":{\"@id\":\"https:\/\/www.closdecaille.com\/#website\"},\"primaryImageOfPage\":{\"@id\":\"https:\/\/www.closdecaille.com\/produit\/clos-de-caille-rose\/#primaryimage\"},\"image\":{\"@id\":\"https:\/\/www.closdecaille.com\/produit\/clos-de-caille-rose\/#primaryimage\"},\"thumbnailUrl\":\"https:\/\/www.closdecaille.com\/wp-content\/uploads\/2022\/10\/Clos-de-Caille-Packshot-Rose-Terracotta-25-BG.jpg\",\"datePublished\":\"2022-10-05T19:13:50+00:00\",\"dateModified\":\"2026-04-28T12:01:06+00:00\",\"description\":\"Soigneusement s\u00e9lectionn\u00e9s, nos vins ros\u00e9s AOP C\u00f4tes de Provence sont \u00e9labor\u00e9s \u00e0 partir de c\u00e9pages m\u00e9diterran\u00e9ens, au sol argilo-calcaire. Des vins au Go\u00fbt de l'Excellence\",\"breadcrumb\":{\"@id\":\"https:\/\/www.closdecaille.com\/produit\/clos-de-caille-rose\/#breadcrumb\"},\"inLanguage\":\"en-GB\",\"potentialAction\":[{\"@type\":\"ReadAction\",\"target\":[\"https:\/\/www.closdecaille.com\/produit\/clos-de-caille-rose\/\"]}]},{\"@type\":\"ImageObject\",\"inLanguage\":\"en-GB\",\"@id\":\"https:\/\/www.closdecaille.com\/produit\/clos-de-caille-rose\/#primaryimage\",\"url\":\"https:\/\/www.closdecaille.com\/wp-content\/uploads\/2022\/10\/Clos-de-Caille-Packshot-Rose-Terracotta-25-BG.jpg\",\"contentUrl\":\"https:\/\/www.closdecaille.com\/wp-content\/uploads\/2022\/10\/Clos-de-Caille-Packshot-Rose-Terracotta-25-BG.jpg\",\"width\":1440,\"height\":1440},{\"@type\":\"BreadcrumbList\",\"@id\":\"https:\/\/www.closdecaille.com\/produit\/clos-de-caille-rose\/#breadcrumb\",\"itemListElement\":[{\"@type\":\"ListItem\",\"position\":1,\"name\":\"Nos Vins\",\"item\":\"https:\/\/www.closdecaille.com\/boutique\/\"},{\"@type\":\"ListItem\",\"position\":2,\"name\":\"Clos de Caille\",\"item\":\"https:\/\/www.closdecaille.com\/brand\/clos-de-caille\/\"},{\"@type\":\"ListItem\",\"position\":3,\"name\":\"Clos de Caille Ros\u00e9\"}]},{\"@type\":\"WebSite\",\"@id\":\"https:\/\/www.closdecaille.com\/#website\",\"url\":\"https:\/\/www.closdecaille.com\/\",\"name\":\"Clos de Caille\",\"description\":\"Vins AOP C\u00f4tes de Provence\",\"publisher\":{\"@id\":\"https:\/\/www.closdecaille.com\/#organization\"},\"potentialAction\":[{\"@type\":\"SearchAction\",\"target\":{\"@type\":\"EntryPoint\",\"urlTemplate\":\"https:\/\/www.closdecaille.com\/?s={search_term_string}\"},\"query-input\":{\"@type\":\"PropertyValueSpecification\",\"valueRequired\":true,\"valueName\":\"search_term_string\"}}],\"inLanguage\":\"en-GB\"},{\"@type\":\"Organization\",\"@id\":\"https:\/\/www.closdecaille.com\/#organization\",\"name\":\"Clos de Caille\",\"url\":\"https:\/\/www.closdecaille.com\/\",\"logo\":{\"@type\":\"ImageObject\",\"inLanguage\":\"en-GB\",\"@id\":\"https:\/\/www.closdecaille.com\/#\/schema\/logo\/image\/\",\"url\":\"https:\/\/www.closdecaille.com\/wp-content\/uploads\/2023\/07\/favicon-2023.png\",\"contentUrl\":\"https:\/\/www.closdecaille.com\/wp-content\/uploads\/2023\/07\/favicon-2023.png\",\"width\":600,\"height\":600,\"caption\":\"Clos de Caille\"},\"image\":{\"@id\":\"https:\/\/www.closdecaille.com\/#\/schema\/logo\/image\/\"}}]}<\/script>\n<!-- \/ Yoast SEO plugin. -->","yoast_head_json":{"title":"Clos de Caille Ros\u00e9 - Clos de Caille","description":"Carefully selected, our AOP C\u00f4tes de Provence ros\u00e9 wines are made from Mediterranean grape varieties grown on clay-limestone soil. Wines with a Taste of Excellence","robots":{"index":"index","follow":"follow","max-snippet":"max-snippet:-1","max-image-preview":"max-image-preview:large","max-video-preview":"max-video-preview:-1"},"canonical":"https:\/\/www.closdecaille.com\/en\/product\/clos-de-caille-rose\/","og_locale":"en_GB","og_type":"article","og_title":"Clos de Caille Ros\u00e9 - Clos de Caille","og_description":"Soigneusement s\u00e9lectionn\u00e9s, nos vins ros\u00e9s AOP C\u00f4tes de Provence sont \u00e9labor\u00e9s \u00e0 partir de c\u00e9pages m\u00e9diterran\u00e9ens, au sol argilo-calcaire. Des vins au Go\u00fbt de l'Excellence","og_url":"https:\/\/www.closdecaille.com\/en\/product\/clos-de-caille-rose\/","og_site_name":"Clos de Caille","article_modified_time":"2026-04-28T12:01:06+00:00","og_image":[{"width":1440,"height":1440,"url":"https:\/\/www.closdecaille.com\/wp-content\/uploads\/2022\/10\/Clos-de-Caille-Packshot-Rose-Terracotta-25-BG.jpg","type":"image\/jpeg"}],"twitter_misc":{"Estimated reading time":"1 minute"},"schema":{"@context":"https:\/\/schema.org","@graph":[{"@type":"WebPage","@id":"https:\/\/www.closdecaille.com\/produit\/clos-de-caille-rose\/","url":"https:\/\/www.closdecaille.com\/produit\/clos-de-caille-rose\/","name":"Clos de Caille Ros\u00e9 - Clos de Caille","isPartOf":{"@id":"https:\/\/www.closdecaille.com\/#website"},"primaryImageOfPage":{"@id":"https:\/\/www.closdecaille.com\/produit\/clos-de-caille-rose\/#primaryimage"},"image":{"@id":"https:\/\/www.closdecaille.com\/produit\/clos-de-caille-rose\/#primaryimage"},"thumbnailUrl":"https:\/\/www.closdecaille.com\/wp-content\/uploads\/2022\/10\/Clos-de-Caille-Packshot-Rose-Terracotta-25-BG.jpg","datePublished":"2022-10-05T19:13:50+00:00","dateModified":"2026-04-28T12:01:06+00:00","description":"Carefully selected, our AOP C\u00f4tes de Provence ros\u00e9 wines are made from Mediterranean grape varieties grown on clay-limestone soil. Wines with a Taste of Excellence","breadcrumb":{"@id":"https:\/\/www.closdecaille.com\/produit\/clos-de-caille-rose\/#breadcrumb"},"inLanguage":"en-GB","potentialAction":[{"@type":"ReadAction","target":["https:\/\/www.closdecaille.com\/produit\/clos-de-caille-rose\/"]}]},{"@type":"ImageObject","inLanguage":"en-GB","@id":"https:\/\/www.closdecaille.com\/produit\/clos-de-caille-rose\/#primaryimage","url":"https:\/\/www.closdecaille.com\/wp-content\/uploads\/2022\/10\/Clos-de-Caille-Packshot-Rose-Terracotta-25-BG.jpg","contentUrl":"https:\/\/www.closdecaille.com\/wp-content\/uploads\/2022\/10\/Clos-de-Caille-Packshot-Rose-Terracotta-25-BG.jpg","width":1440,"height":1440},{"@type":"BreadcrumbList","@id":"https:\/\/www.closdecaille.com\/produit\/clos-de-caille-rose\/#breadcrumb","itemListElement":[{"@type":"ListItem","position":1,"name":"Nos Vins","item":"https:\/\/www.closdecaille.com\/boutique\/"},{"@type":"ListItem","position":2,"name":"Clos de Caille","item":"https:\/\/www.closdecaille.com\/brand\/clos-de-caille\/"},{"@type":"ListItem","position":3,"name":"Clos de Caille Ros\u00e9"}]},{"@type":"WebSite","@id":"https:\/\/www.closdecaille.com\/#website","url":"https:\/\/www.closdecaille.com\/","name":"Clos de Caille","description":"C\u00f4tes de Provence AOP wines","publisher":{"@id":"https:\/\/www.closdecaille.com\/#organization"},"potentialAction":[{"@type":"SearchAction","target":{"@type":"EntryPoint","urlTemplate":"https:\/\/www.closdecaille.com\/?s={search_term_string}"},"query-input":{"@type":"PropertyValueSpecification","valueRequired":true,"valueName":"search_term_string"}}],"inLanguage":"en-GB"},{"@type":"Organization","@id":"https:\/\/www.closdecaille.com\/#organization","name":"Clos de Caille","url":"https:\/\/www.closdecaille.com\/","logo":{"@type":"ImageObject","inLanguage":"en-GB","@id":"https:\/\/www.closdecaille.com\/#\/schema\/logo\/image\/","url":"https:\/\/www.closdecaille.com\/wp-content\/uploads\/2023\/07\/favicon-2023.png","contentUrl":"https:\/\/www.closdecaille.com\/wp-content\/uploads\/2023\/07\/favicon-2023.png","width":600,"height":600,"caption":"Clos de Caille"},"image":{"@id":"https:\/\/www.closdecaille.com\/#\/schema\/logo\/image\/"}}]}},"_links":{"self":[{"href":"https:\/\/www.closdecaille.com\/en\/wp-json\/wp\/v2\/product\/2072","targetHints":{"allow":["GET"]}}],"collection":[{"href":"https:\/\/www.closdecaille.com\/en\/wp-json\/wp\/v2\/product"}],"about":[{"href":"https:\/\/www.closdecaille.com\/en\/wp-json\/wp\/v2\/types\/product"}],"wp:featuredmedia":[{"embeddable":true,"href":"https:\/\/www.closdecaille.com\/en\/wp-json\/wp\/v2\/media\/6165"}],"wp:attachment":[{"href":"https:\/\/www.closdecaille.com\/en\/wp-json\/wp\/v2\/media?parent=2072"}],"wp:term":[{"taxonomy":"product_brand","embeddable":true,"href":"https:\/\/www.closdecaille.com\/en\/wp-json\/wp\/v2\/product_brand?post=2072"},{"taxonomy":"product_cat","embeddable":true,"href":"https:\/\/www.closdecaille.com\/en\/wp-json\/wp\/v2\/product_cat?post=2072"},{"taxonomy":"product_tag","embeddable":true,"href":"https:\/\/www.closdecaille.com\/en\/wp-json\/wp\/v2\/product_tag?post=2072"}],"curies":[{"name":"wp","href":"https:\/\/api.w.org\/{rel}","templated":true}]}}