{"id":2071,"date":"2022-10-05T20:12:17","date_gmt":"2022-10-05T19:12:17","guid":{"rendered":"https:\/\/www.closdecaille.com\/?post_type=product&#038;p=2071"},"modified":"2026-04-30T08:43:32","modified_gmt":"2026-04-30T06:43:32","slug":"clos-de-caille-blanc","status":"publish","type":"product","link":"https:\/\/www.closdecaille.com\/en\/product\/clos-de-caille-blanc\/","title":{"rendered":"Clos de Caille White"},"content":{"rendered":"<p data-start=\"151\" data-end=\"550\">The distinctive style of the <strong data-start=\"175\" data-end=\"199\">Clos de Caille White<\/strong> remains faithful to the discreet and balanced charm of Rolle de Provence, impressive for its finesse and persistence. Under the leadership of Matthieu Cosse and the Mariotti family, Clos de Caille wines are produced and blended with the utmost care at the <em data-start=\"468\" data-end=\"482\">Masterpiece<\/em>, to become the natural accompaniment to your finest meals.<\/p>\n<p data-start=\"552\" data-end=\"879\">Its sparkling yellow colour and delicate, fruity aromas reveal all the richness of our estate, a Proven\u00e7al terroir predestined for excellence. Produced in the C\u00f4tes de Provence AOP, this signature white wine combines generous flavours, precision in plot-by-plot vinification and the expertise of our artisan winemakers.<\/p>\n<p data-start=\"881\" data-end=\"1137\">With rare sophistication, this vintage comes alive with harmonious notes from the Rolle grape, displaying a clear aromatic expression and a full, complex palate. <strong data-start=\"1045\" data-end=\"1137\">A perfect symbol of the Clos de Caille, where elegance, precision and identity come together.<\/strong><\/p>\n<p data-start=\"881\" data-end=\"1137\">\n<p><em>\u00abWith Clos de Caille Blanc, the balance is redefined. Freshness and structure meet, tension dialogues with roundness, brilliance extends the substance. The wine's precision prevails over its expression, while the minerality reveals all its depth in the length. Here, the light doesn't just illuminate: it structures the wine and gives it its identity.\u00bb<\/em><\/p>\n<p class=\"last-child\"><em>\u2014 Mathieu Mariotti<\/em><\/p>","protected":false},"excerpt":{"rendered":"<p>Clos de Caille Blanc, signed Matthieu Cosse and the Mariotti family, embodies all the finesse of Rolle de Provence, offering a luminous, full-bodied and sophisticated white, where elegance, parcel-by-parcel precision and terroir excellence come together in harmony.<\/p>","protected":false},"featured_media":6155,"template":"","meta":{"_acf_changed":false,"_mo_disable_npp":""},"product_brand":[316],"product_cat":[34,115],"product_tag":[321],"class_list":{"0":"post-2071","1":"product","2":"type-product","3":"status-publish","4":"has-post-thumbnail","6":"product_brand-clos-de-caille","7":"product_cat-vins","8":"product_cat-vins-blancs","9":"product_tag-aop-cotes-de-provence","11":"first","12":"instock","13":"shipping-taxable","14":"purchasable","15":"product-type-variable","16":"has-default-attributes"},"group_of_quantity":6,"min_quantity":6,"max_quantity":"","exclude_order_quantity_value_rules":"no","exclude_category_quantity_rules":"no","combine_variations":"no","acf":[],"yoast_head":"<!-- This site is optimized with the Yoast SEO plugin v27.0 - https:\/\/yoast.com\/product\/yoast-seo-wordpress\/ -->\n<title>Clos de Caille Blanc - Clos de Caille<\/title>\n<meta name=\"description\" content=\"Notre vin de Provence \u00e0 la robe teint\u00e9e d&#039;or blanc et aux reflets dor\u00e9s. Bouche ample et complexe, ronde sur des notes de poire et de cr\u00e8me p\u00e2tissi\u00e8re\" \/>\n<meta name=\"robots\" content=\"index, follow, max-snippet:-1, max-image-preview:large, max-video-preview:-1\" \/>\n<link rel=\"canonical\" href=\"https:\/\/www.closdecaille.com\/en\/product\/clos-de-caille-blanc\/\" \/>\n<meta property=\"og:locale\" content=\"en_GB\" \/>\n<meta property=\"og:type\" content=\"article\" \/>\n<meta property=\"og:title\" content=\"Clos de Caille Blanc - Clos de Caille\" \/>\n<meta property=\"og:description\" content=\"Notre vin de Provence \u00e0 la robe teint\u00e9e d&#039;or blanc et aux reflets dor\u00e9s. Bouche ample et complexe, ronde sur des notes de poire et de cr\u00e8me p\u00e2tissi\u00e8re\" \/>\n<meta property=\"og:url\" content=\"https:\/\/www.closdecaille.com\/en\/product\/clos-de-caille-blanc\/\" \/>\n<meta property=\"og:site_name\" content=\"Clos de Caille\" \/>\n<meta property=\"article:modified_time\" content=\"2026-04-30T06:43:32+00:00\" \/>\n<meta property=\"og:image\" content=\"https:\/\/www.closdecaille.com\/wp-content\/uploads\/2022\/10\/Clos-de-Caille-Packshot-Blanc-Terracotta-25-BG.jpg\" \/>\n\t<meta property=\"og:image:width\" content=\"1440\" \/>\n\t<meta property=\"og:image:height\" content=\"1440\" \/>\n\t<meta property=\"og:image:type\" content=\"image\/jpeg\" \/>\n<meta name=\"twitter:label1\" content=\"Estimated reading time\" \/>\n\t<meta name=\"twitter:data1\" content=\"2 minutes\" \/>\n<script type=\"application\/ld+json\" class=\"yoast-schema-graph\">{\"@context\":\"https:\/\/schema.org\",\"@graph\":[{\"@type\":\"WebPage\",\"@id\":\"https:\/\/www.closdecaille.com\/produit\/clos-de-caille-blanc\/\",\"url\":\"https:\/\/www.closdecaille.com\/produit\/clos-de-caille-blanc\/\",\"name\":\"Clos de Caille Blanc - Clos de Caille\",\"isPartOf\":{\"@id\":\"https:\/\/www.closdecaille.com\/#website\"},\"primaryImageOfPage\":{\"@id\":\"https:\/\/www.closdecaille.com\/produit\/clos-de-caille-blanc\/#primaryimage\"},\"image\":{\"@id\":\"https:\/\/www.closdecaille.com\/produit\/clos-de-caille-blanc\/#primaryimage\"},\"thumbnailUrl\":\"https:\/\/www.closdecaille.com\/wp-content\/uploads\/2022\/10\/Clos-de-Caille-Packshot-Blanc-Terracotta-25-BG.jpg\",\"datePublished\":\"2022-10-05T19:12:17+00:00\",\"dateModified\":\"2026-04-30T06:43:32+00:00\",\"description\":\"Notre vin de Provence \u00e0 la robe teint\u00e9e d'or blanc et aux reflets dor\u00e9s. Bouche ample et complexe, ronde sur des notes de poire et de cr\u00e8me p\u00e2tissi\u00e8re\",\"breadcrumb\":{\"@id\":\"https:\/\/www.closdecaille.com\/produit\/clos-de-caille-blanc\/#breadcrumb\"},\"inLanguage\":\"en-GB\",\"potentialAction\":[{\"@type\":\"ReadAction\",\"target\":[\"https:\/\/www.closdecaille.com\/produit\/clos-de-caille-blanc\/\"]}]},{\"@type\":\"ImageObject\",\"inLanguage\":\"en-GB\",\"@id\":\"https:\/\/www.closdecaille.com\/produit\/clos-de-caille-blanc\/#primaryimage\",\"url\":\"https:\/\/www.closdecaille.com\/wp-content\/uploads\/2022\/10\/Clos-de-Caille-Packshot-Blanc-Terracotta-25-BG.jpg\",\"contentUrl\":\"https:\/\/www.closdecaille.com\/wp-content\/uploads\/2022\/10\/Clos-de-Caille-Packshot-Blanc-Terracotta-25-BG.jpg\",\"width\":1440,\"height\":1440},{\"@type\":\"BreadcrumbList\",\"@id\":\"https:\/\/www.closdecaille.com\/produit\/clos-de-caille-blanc\/#breadcrumb\",\"itemListElement\":[{\"@type\":\"ListItem\",\"position\":1,\"name\":\"Nos Vins\",\"item\":\"https:\/\/www.closdecaille.com\/boutique\/\"},{\"@type\":\"ListItem\",\"position\":2,\"name\":\"Clos de Caille\",\"item\":\"https:\/\/www.closdecaille.com\/brand\/clos-de-caille\/\"},{\"@type\":\"ListItem\",\"position\":3,\"name\":\"Clos de Caille Blanc\"}]},{\"@type\":\"WebSite\",\"@id\":\"https:\/\/www.closdecaille.com\/#website\",\"url\":\"https:\/\/www.closdecaille.com\/\",\"name\":\"Clos de Caille\",\"description\":\"Vins AOP C\u00f4tes de Provence\",\"publisher\":{\"@id\":\"https:\/\/www.closdecaille.com\/#organization\"},\"potentialAction\":[{\"@type\":\"SearchAction\",\"target\":{\"@type\":\"EntryPoint\",\"urlTemplate\":\"https:\/\/www.closdecaille.com\/?s={search_term_string}\"},\"query-input\":{\"@type\":\"PropertyValueSpecification\",\"valueRequired\":true,\"valueName\":\"search_term_string\"}}],\"inLanguage\":\"en-GB\"},{\"@type\":\"Organization\",\"@id\":\"https:\/\/www.closdecaille.com\/#organization\",\"name\":\"Clos de Caille\",\"url\":\"https:\/\/www.closdecaille.com\/\",\"logo\":{\"@type\":\"ImageObject\",\"inLanguage\":\"en-GB\",\"@id\":\"https:\/\/www.closdecaille.com\/#\/schema\/logo\/image\/\",\"url\":\"https:\/\/www.closdecaille.com\/wp-content\/uploads\/2023\/07\/favicon-2023.png\",\"contentUrl\":\"https:\/\/www.closdecaille.com\/wp-content\/uploads\/2023\/07\/favicon-2023.png\",\"width\":600,\"height\":600,\"caption\":\"Clos de Caille\"},\"image\":{\"@id\":\"https:\/\/www.closdecaille.com\/#\/schema\/logo\/image\/\"}}]}<\/script>\n<!-- \/ Yoast SEO plugin. -->","yoast_head_json":{"title":"Clos de Caille White - Clos de Caille","description":"Our Provence wine has a white gold colour with golden highlights. Full-bodied and complex on the palate, with rounded notes of pear and custard.","robots":{"index":"index","follow":"follow","max-snippet":"max-snippet:-1","max-image-preview":"max-image-preview:large","max-video-preview":"max-video-preview:-1"},"canonical":"https:\/\/www.closdecaille.com\/en\/product\/clos-de-caille-blanc\/","og_locale":"en_GB","og_type":"article","og_title":"Clos de Caille Blanc - Clos de Caille","og_description":"Notre vin de Provence \u00e0 la robe teint\u00e9e d'or blanc et aux reflets dor\u00e9s. Bouche ample et complexe, ronde sur des notes de poire et de cr\u00e8me p\u00e2tissi\u00e8re","og_url":"https:\/\/www.closdecaille.com\/en\/product\/clos-de-caille-blanc\/","og_site_name":"Clos de Caille","article_modified_time":"2026-04-30T06:43:32+00:00","og_image":[{"width":1440,"height":1440,"url":"https:\/\/www.closdecaille.com\/wp-content\/uploads\/2022\/10\/Clos-de-Caille-Packshot-Blanc-Terracotta-25-BG.jpg","type":"image\/jpeg"}],"twitter_misc":{"Estimated reading time":"2 minutes"},"schema":{"@context":"https:\/\/schema.org","@graph":[{"@type":"WebPage","@id":"https:\/\/www.closdecaille.com\/produit\/clos-de-caille-blanc\/","url":"https:\/\/www.closdecaille.com\/produit\/clos-de-caille-blanc\/","name":"Clos de Caille White - Clos de Caille","isPartOf":{"@id":"https:\/\/www.closdecaille.com\/#website"},"primaryImageOfPage":{"@id":"https:\/\/www.closdecaille.com\/produit\/clos-de-caille-blanc\/#primaryimage"},"image":{"@id":"https:\/\/www.closdecaille.com\/produit\/clos-de-caille-blanc\/#primaryimage"},"thumbnailUrl":"https:\/\/www.closdecaille.com\/wp-content\/uploads\/2022\/10\/Clos-de-Caille-Packshot-Blanc-Terracotta-25-BG.jpg","datePublished":"2022-10-05T19:12:17+00:00","dateModified":"2026-04-30T06:43:32+00:00","description":"Our Provence wine has a white gold colour with golden highlights. Full-bodied and complex on the palate, with rounded notes of pear and custard.","breadcrumb":{"@id":"https:\/\/www.closdecaille.com\/produit\/clos-de-caille-blanc\/#breadcrumb"},"inLanguage":"en-GB","potentialAction":[{"@type":"ReadAction","target":["https:\/\/www.closdecaille.com\/produit\/clos-de-caille-blanc\/"]}]},{"@type":"ImageObject","inLanguage":"en-GB","@id":"https:\/\/www.closdecaille.com\/produit\/clos-de-caille-blanc\/#primaryimage","url":"https:\/\/www.closdecaille.com\/wp-content\/uploads\/2022\/10\/Clos-de-Caille-Packshot-Blanc-Terracotta-25-BG.jpg","contentUrl":"https:\/\/www.closdecaille.com\/wp-content\/uploads\/2022\/10\/Clos-de-Caille-Packshot-Blanc-Terracotta-25-BG.jpg","width":1440,"height":1440},{"@type":"BreadcrumbList","@id":"https:\/\/www.closdecaille.com\/produit\/clos-de-caille-blanc\/#breadcrumb","itemListElement":[{"@type":"ListItem","position":1,"name":"Nos Vins","item":"https:\/\/www.closdecaille.com\/boutique\/"},{"@type":"ListItem","position":2,"name":"Clos de Caille","item":"https:\/\/www.closdecaille.com\/brand\/clos-de-caille\/"},{"@type":"ListItem","position":3,"name":"Clos de Caille Blanc"}]},{"@type":"WebSite","@id":"https:\/\/www.closdecaille.com\/#website","url":"https:\/\/www.closdecaille.com\/","name":"Clos de Caille","description":"C\u00f4tes de Provence AOP wines","publisher":{"@id":"https:\/\/www.closdecaille.com\/#organization"},"potentialAction":[{"@type":"SearchAction","target":{"@type":"EntryPoint","urlTemplate":"https:\/\/www.closdecaille.com\/?s={search_term_string}"},"query-input":{"@type":"PropertyValueSpecification","valueRequired":true,"valueName":"search_term_string"}}],"inLanguage":"en-GB"},{"@type":"Organization","@id":"https:\/\/www.closdecaille.com\/#organization","name":"Clos de Caille","url":"https:\/\/www.closdecaille.com\/","logo":{"@type":"ImageObject","inLanguage":"en-GB","@id":"https:\/\/www.closdecaille.com\/#\/schema\/logo\/image\/","url":"https:\/\/www.closdecaille.com\/wp-content\/uploads\/2023\/07\/favicon-2023.png","contentUrl":"https:\/\/www.closdecaille.com\/wp-content\/uploads\/2023\/07\/favicon-2023.png","width":600,"height":600,"caption":"Clos de Caille"},"image":{"@id":"https:\/\/www.closdecaille.com\/#\/schema\/logo\/image\/"}}]}},"_links":{"self":[{"href":"https:\/\/www.closdecaille.com\/en\/wp-json\/wp\/v2\/product\/2071","targetHints":{"allow":["GET"]}}],"collection":[{"href":"https:\/\/www.closdecaille.com\/en\/wp-json\/wp\/v2\/product"}],"about":[{"href":"https:\/\/www.closdecaille.com\/en\/wp-json\/wp\/v2\/types\/product"}],"wp:featuredmedia":[{"embeddable":true,"href":"https:\/\/www.closdecaille.com\/en\/wp-json\/wp\/v2\/media\/6155"}],"wp:attachment":[{"href":"https:\/\/www.closdecaille.com\/en\/wp-json\/wp\/v2\/media?parent=2071"}],"wp:term":[{"taxonomy":"product_brand","embeddable":true,"href":"https:\/\/www.closdecaille.com\/en\/wp-json\/wp\/v2\/product_brand?post=2071"},{"taxonomy":"product_cat","embeddable":true,"href":"https:\/\/www.closdecaille.com\/en\/wp-json\/wp\/v2\/product_cat?post=2071"},{"taxonomy":"product_tag","embeddable":true,"href":"https:\/\/www.closdecaille.com\/en\/wp-json\/wp\/v2\/product_tag?post=2071"}],"curies":[{"name":"wp","href":"https:\/\/api.w.org\/{rel}","templated":true}]}}