{"id":2062,"date":"2022-10-05T10:02:17","date_gmt":"2022-10-05T09:02:17","guid":{"rendered":"https:\/\/www.closdecaille.com\/?post_type=product&#038;p=2062"},"modified":"2026-04-28T09:56:10","modified_gmt":"2026-04-28T07:56:10","slug":"clarisse-rose","status":"publish","type":"product","link":"https:\/\/www.closdecaille.com\/en\/product\/clarisse-rose\/","title":{"rendered":"Clos de Caille \u00abClarisse\u00bb Ros\u00e9"},"content":{"rendered":"<p data-start=\"204\" data-end=\"709\"><strong data-start=\"204\" data-end=\"216\">Clarisse<\/strong>, daughter of <strong data-start=\"227\" data-end=\"242\">Jean-Pierre<\/strong> and <strong data-start=\"246\" data-end=\"265\">Simona Mariotti<\/strong>, embodies a woman <strong data-start=\"285\" data-end=\"296\">modern<\/strong>, <strong data-start=\"298\" data-end=\"310\">assertive<\/strong> and <strong data-start=\"314\" data-end=\"328\">ambitious<\/strong>, guided by her <strong data-start=\"344\" data-end=\"365\" data-is-only-node=\"\">freedom of thought<\/strong> and its <strong data-start=\"372\" data-end=\"396\">sunny personality<\/strong>. In his honour, the <strong data-start=\"417\" data-end=\"435\">Clos de Caille<\/strong> has created a <strong data-start=\"447\" data-end=\"476\">exceptional cuv\u00e9e<\/strong>, a veritable manifesto of <strong data-start=\"502\" data-end=\"524\">family values<\/strong> and <strong data-start=\"532\" data-end=\"558\">beauties of Provence<\/strong>. Coming from a <strong data-start=\"570\" data-end=\"591\">unique terroir<\/strong>, the T\u00eate de Cuv\u00e9e ros\u00e9 <strong data-start=\"615\" data-end=\"631\">\u00abClarisse\u00bb<\/strong> reveals aromas <strong data-start=\"651\" data-end=\"664\">powerful<\/strong>, <strong data-start=\"666\" data-end=\"678\">elegant<\/strong> and a <strong data-start=\"688\" data-end=\"708\">rare delicacy<\/strong>.<\/p>\n<p data-start=\"711\" data-end=\"987\"><strong data-start=\"711\" data-end=\"750\">When ros\u00e9 becomes a wine for ageing.<\/strong><br data-start=\"750\" data-end=\"753\" \/>Since the arrival of <strong data-start=\"773\" data-end=\"791\">Matthew Cosse<\/strong>, the <strong data-start=\"796\" data-end=\"808\">grenache<\/strong> has become the backbone of the vintage, accompanied by <strong data-start=\"869\" data-end=\"881\">Cinsault<\/strong> for a more vertical, tense and mouth-watering expression, supported by a delicately <strong data-start=\"976\" data-end=\"986\">saline<\/strong>.<\/p>\n<p data-start=\"989\" data-end=\"1340\">Its assertive notes bear witness to the <strong data-start=\"1023\" data-end=\"1039\">expertise<\/strong> and of the <strong data-start=\"1049\" data-end=\"1060\">passion<\/strong> of <strong data-start=\"1065\" data-end=\"1086\">master winemakers<\/strong> of the Estate. In search of the\u2019<strong data-start=\"1119\" data-end=\"1140\">perfect balance<\/strong>, the <strong data-start=\"1145\" data-end=\"1165\">Mariotti family<\/strong> sign here <strong data-start=\"1179\" data-end=\"1208\">C\u00f4tes de Provence Eminent<\/strong>, combining <strong data-start=\"1218\" data-end=\"1229\">finesse<\/strong> and <strong data-start=\"1233\" data-end=\"1248\">refinement<\/strong>, offering a new perspective on ros\u00e9: that of a wine capable of <strong data-start=\"1317\" data-end=\"1339\">travel through time<\/strong>.<\/p>\n<p>&nbsp;<\/p>\n<blockquote><p><em>\u00abBeing a winemaker means accepting the uniqueness of each vintage. We reject artificiality and standardisation so that, from one year to the next, our wines \u2014 in all three colours \u2014 express the same backbone, the same sincerity. This is how we build the identity of our wines.\u00bb <\/em><em><br \/>\n\u2014 Mathieu Mariotti<\/em><\/p><\/blockquote>","protected":false},"excerpt":{"rendered":"<p>Clarisse is an exceptional ros\u00e9 cuv\u00e9e of Clos de Caille, a tribute to Clarisse Mariotti, made from selected plots and vinified with precision to reveal a structured, elegant ros\u00e9 deeply rooted in the terroir of the C\u00f4tes de Provence.<\/p>","protected":false},"featured_media":6547,"template":"","meta":{"_acf_changed":false,"_mo_disable_npp":""},"product_brand":[326],"product_cat":[34,318,49],"product_tag":[321],"class_list":{"0":"post-2062","1":"product","2":"type-product","3":"status-publish","4":"has-post-thumbnail","6":"product_brand-clos-de-caille-tete-de-cuvee","7":"product_cat-vins","8":"product_cat-tetes-de-cuvee","9":"product_cat-vins-roses","10":"product_tag-aop-cotes-de-provence","12":"first","13":"instock","14":"shipping-taxable","15":"purchasable","16":"product-type-variable","17":"has-default-attributes"},"group_of_quantity":6,"min_quantity":6,"max_quantity":"","exclude_order_quantity_value_rules":"no","exclude_category_quantity_rules":"no","combine_variations":"no","acf":[],"yoast_head":"<!-- This site is optimized with the Yoast SEO plugin v27.0 - https:\/\/yoast.com\/product\/yoast-seo-wordpress\/ -->\n<title>Clos de Caille \u00ab Clarisse \u00bb Ros\u00e9 - Clos de Caille<\/title>\n<meta name=\"description\" content=\"\u00c9lu meilleur ros\u00e9 au Monde par Decanter, notre vin Clos de Caille &quot;Clarisse&quot; est un joyau viticole, produit dans le respect de notre terroir de Provence\" \/>\n<meta name=\"robots\" content=\"index, follow, max-snippet:-1, max-image-preview:large, max-video-preview:-1\" \/>\n<link rel=\"canonical\" href=\"https:\/\/www.closdecaille.com\/en\/product\/clarisse-rose\/\" \/>\n<meta property=\"og:locale\" content=\"en_GB\" \/>\n<meta property=\"og:type\" content=\"article\" \/>\n<meta property=\"og:title\" content=\"Clos de Caille \u00ab Clarisse \u00bb Ros\u00e9 - Clos de Caille\" \/>\n<meta property=\"og:description\" content=\"\u00c9lu meilleur ros\u00e9 au Monde par Decanter, notre vin Clos de Caille &quot;Clarisse&quot; est un joyau viticole, produit dans le respect de notre terroir de Provence\" \/>\n<meta property=\"og:url\" content=\"https:\/\/www.closdecaille.com\/en\/product\/clarisse-rose\/\" \/>\n<meta property=\"og:site_name\" content=\"Clos de Caille\" \/>\n<meta property=\"article:modified_time\" content=\"2026-04-28T07:56:10+00:00\" \/>\n<meta property=\"og:image\" content=\"https:\/\/www.closdecaille.com\/wp-content\/uploads\/2022\/10\/sans-titre-4.jpg\" \/>\n\t<meta property=\"og:image:width\" content=\"2560\" \/>\n\t<meta property=\"og:image:height\" content=\"2560\" \/>\n\t<meta property=\"og:image:type\" content=\"image\/jpeg\" \/>\n<meta name=\"twitter:label1\" content=\"Estimated reading time\" \/>\n\t<meta name=\"twitter:data1\" content=\"2 minutes\" \/>\n<script type=\"application\/ld+json\" class=\"yoast-schema-graph\">{\"@context\":\"https:\/\/schema.org\",\"@graph\":[{\"@type\":\"WebPage\",\"@id\":\"https:\/\/www.closdecaille.com\/produit\/clarisse-rose\/\",\"url\":\"https:\/\/www.closdecaille.com\/produit\/clarisse-rose\/\",\"name\":\"Clos de Caille \u00ab Clarisse \u00bb Ros\u00e9 - Clos de Caille\",\"isPartOf\":{\"@id\":\"https:\/\/www.closdecaille.com\/#website\"},\"primaryImageOfPage\":{\"@id\":\"https:\/\/www.closdecaille.com\/produit\/clarisse-rose\/#primaryimage\"},\"image\":{\"@id\":\"https:\/\/www.closdecaille.com\/produit\/clarisse-rose\/#primaryimage\"},\"thumbnailUrl\":\"https:\/\/www.closdecaille.com\/wp-content\/uploads\/2022\/10\/sans-titre-4.jpg\",\"datePublished\":\"2022-10-05T09:02:17+00:00\",\"dateModified\":\"2026-04-28T07:56:10+00:00\",\"description\":\"\u00c9lu meilleur ros\u00e9 au Monde par Decanter, notre vin Clos de Caille \\\"Clarisse\\\" est un joyau viticole, produit dans le respect de notre terroir de Provence\",\"breadcrumb\":{\"@id\":\"https:\/\/www.closdecaille.com\/produit\/clarisse-rose\/#breadcrumb\"},\"inLanguage\":\"en-GB\",\"potentialAction\":[{\"@type\":\"ReadAction\",\"target\":[\"https:\/\/www.closdecaille.com\/produit\/clarisse-rose\/\"]}]},{\"@type\":\"ImageObject\",\"inLanguage\":\"en-GB\",\"@id\":\"https:\/\/www.closdecaille.com\/produit\/clarisse-rose\/#primaryimage\",\"url\":\"https:\/\/www.closdecaille.com\/wp-content\/uploads\/2022\/10\/sans-titre-4.jpg\",\"contentUrl\":\"https:\/\/www.closdecaille.com\/wp-content\/uploads\/2022\/10\/sans-titre-4.jpg\",\"width\":2560,\"height\":2560,\"caption\":\"Clos de Caille - Packshot - Clarisse Ros\u00e9 - Carr\u00e9\"},{\"@type\":\"BreadcrumbList\",\"@id\":\"https:\/\/www.closdecaille.com\/produit\/clarisse-rose\/#breadcrumb\",\"itemListElement\":[{\"@type\":\"ListItem\",\"position\":1,\"name\":\"Nos Vins\",\"item\":\"https:\/\/www.closdecaille.com\/boutique\/\"},{\"@type\":\"ListItem\",\"position\":2,\"name\":\"Clos de Caille - T\u00eate de Cuv\u00e9e\",\"item\":\"https:\/\/www.closdecaille.com\/brand\/clos-de-caille-tete-de-cuvee\/\"},{\"@type\":\"ListItem\",\"position\":3,\"name\":\"Clos de Caille \u00ab Clarisse \u00bb Ros\u00e9\"}]},{\"@type\":\"WebSite\",\"@id\":\"https:\/\/www.closdecaille.com\/#website\",\"url\":\"https:\/\/www.closdecaille.com\/\",\"name\":\"Clos de Caille\",\"description\":\"Vins AOP C\u00f4tes de Provence\",\"publisher\":{\"@id\":\"https:\/\/www.closdecaille.com\/#organization\"},\"potentialAction\":[{\"@type\":\"SearchAction\",\"target\":{\"@type\":\"EntryPoint\",\"urlTemplate\":\"https:\/\/www.closdecaille.com\/?s={search_term_string}\"},\"query-input\":{\"@type\":\"PropertyValueSpecification\",\"valueRequired\":true,\"valueName\":\"search_term_string\"}}],\"inLanguage\":\"en-GB\"},{\"@type\":\"Organization\",\"@id\":\"https:\/\/www.closdecaille.com\/#organization\",\"name\":\"Clos de Caille\",\"url\":\"https:\/\/www.closdecaille.com\/\",\"logo\":{\"@type\":\"ImageObject\",\"inLanguage\":\"en-GB\",\"@id\":\"https:\/\/www.closdecaille.com\/#\/schema\/logo\/image\/\",\"url\":\"https:\/\/www.closdecaille.com\/wp-content\/uploads\/2023\/07\/favicon-2023.png\",\"contentUrl\":\"https:\/\/www.closdecaille.com\/wp-content\/uploads\/2023\/07\/favicon-2023.png\",\"width\":600,\"height\":600,\"caption\":\"Clos de Caille\"},\"image\":{\"@id\":\"https:\/\/www.closdecaille.com\/#\/schema\/logo\/image\/\"}}]}<\/script>\n<!-- \/ Yoast SEO plugin. -->","yoast_head_json":{"title":"Clos de Caille \u00abClarisse\u00bb Ros\u00e9 - Clos de Caille","description":"Voted the world's best ros\u00e9 by Decanter, our Clos de Caille \"Clarisse\" wine is a gem, produced with respect for our Provence terroir.","robots":{"index":"index","follow":"follow","max-snippet":"max-snippet:-1","max-image-preview":"max-image-preview:large","max-video-preview":"max-video-preview:-1"},"canonical":"https:\/\/www.closdecaille.com\/en\/product\/clarisse-rose\/","og_locale":"en_GB","og_type":"article","og_title":"Clos de Caille \u00ab Clarisse \u00bb Ros\u00e9 - Clos de Caille","og_description":"\u00c9lu meilleur ros\u00e9 au Monde par Decanter, notre vin Clos de Caille \"Clarisse\" est un joyau viticole, produit dans le respect de notre terroir de Provence","og_url":"https:\/\/www.closdecaille.com\/en\/product\/clarisse-rose\/","og_site_name":"Clos de Caille","article_modified_time":"2026-04-28T07:56:10+00:00","og_image":[{"width":2560,"height":2560,"url":"https:\/\/www.closdecaille.com\/wp-content\/uploads\/2022\/10\/sans-titre-4.jpg","type":"image\/jpeg"}],"twitter_misc":{"Estimated reading time":"2 minutes"},"schema":{"@context":"https:\/\/schema.org","@graph":[{"@type":"WebPage","@id":"https:\/\/www.closdecaille.com\/produit\/clarisse-rose\/","url":"https:\/\/www.closdecaille.com\/produit\/clarisse-rose\/","name":"Clos de Caille \u00abClarisse\u00bb Ros\u00e9 - Clos de Caille","isPartOf":{"@id":"https:\/\/www.closdecaille.com\/#website"},"primaryImageOfPage":{"@id":"https:\/\/www.closdecaille.com\/produit\/clarisse-rose\/#primaryimage"},"image":{"@id":"https:\/\/www.closdecaille.com\/produit\/clarisse-rose\/#primaryimage"},"thumbnailUrl":"https:\/\/www.closdecaille.com\/wp-content\/uploads\/2022\/10\/sans-titre-4.jpg","datePublished":"2022-10-05T09:02:17+00:00","dateModified":"2026-04-28T07:56:10+00:00","description":"Voted the world's best ros\u00e9 by Decanter, our Clos de Caille \"Clarisse\" wine is a gem, produced with respect for our Provence terroir.","breadcrumb":{"@id":"https:\/\/www.closdecaille.com\/produit\/clarisse-rose\/#breadcrumb"},"inLanguage":"en-GB","potentialAction":[{"@type":"ReadAction","target":["https:\/\/www.closdecaille.com\/produit\/clarisse-rose\/"]}]},{"@type":"ImageObject","inLanguage":"en-GB","@id":"https:\/\/www.closdecaille.com\/produit\/clarisse-rose\/#primaryimage","url":"https:\/\/www.closdecaille.com\/wp-content\/uploads\/2022\/10\/sans-titre-4.jpg","contentUrl":"https:\/\/www.closdecaille.com\/wp-content\/uploads\/2022\/10\/sans-titre-4.jpg","width":2560,"height":2560,"caption":"Clos de Caille - Packshot - Clarisse Ros\u00e9 - Carr\u00e9"},{"@type":"BreadcrumbList","@id":"https:\/\/www.closdecaille.com\/produit\/clarisse-rose\/#breadcrumb","itemListElement":[{"@type":"ListItem","position":1,"name":"Nos Vins","item":"https:\/\/www.closdecaille.com\/boutique\/"},{"@type":"ListItem","position":2,"name":"Clos de Caille - T\u00eate de Cuv\u00e9e","item":"https:\/\/www.closdecaille.com\/brand\/clos-de-caille-tete-de-cuvee\/"},{"@type":"ListItem","position":3,"name":"Clos de Caille \u00ab Clarisse \u00bb Ros\u00e9"}]},{"@type":"WebSite","@id":"https:\/\/www.closdecaille.com\/#website","url":"https:\/\/www.closdecaille.com\/","name":"Clos de Caille","description":"C\u00f4tes de Provence AOP wines","publisher":{"@id":"https:\/\/www.closdecaille.com\/#organization"},"potentialAction":[{"@type":"SearchAction","target":{"@type":"EntryPoint","urlTemplate":"https:\/\/www.closdecaille.com\/?s={search_term_string}"},"query-input":{"@type":"PropertyValueSpecification","valueRequired":true,"valueName":"search_term_string"}}],"inLanguage":"en-GB"},{"@type":"Organization","@id":"https:\/\/www.closdecaille.com\/#organization","name":"Clos de Caille","url":"https:\/\/www.closdecaille.com\/","logo":{"@type":"ImageObject","inLanguage":"en-GB","@id":"https:\/\/www.closdecaille.com\/#\/schema\/logo\/image\/","url":"https:\/\/www.closdecaille.com\/wp-content\/uploads\/2023\/07\/favicon-2023.png","contentUrl":"https:\/\/www.closdecaille.com\/wp-content\/uploads\/2023\/07\/favicon-2023.png","width":600,"height":600,"caption":"Clos de Caille"},"image":{"@id":"https:\/\/www.closdecaille.com\/#\/schema\/logo\/image\/"}}]}},"_links":{"self":[{"href":"https:\/\/www.closdecaille.com\/en\/wp-json\/wp\/v2\/product\/2062","targetHints":{"allow":["GET"]}}],"collection":[{"href":"https:\/\/www.closdecaille.com\/en\/wp-json\/wp\/v2\/product"}],"about":[{"href":"https:\/\/www.closdecaille.com\/en\/wp-json\/wp\/v2\/types\/product"}],"wp:featuredmedia":[{"embeddable":true,"href":"https:\/\/www.closdecaille.com\/en\/wp-json\/wp\/v2\/media\/6547"}],"wp:attachment":[{"href":"https:\/\/www.closdecaille.com\/en\/wp-json\/wp\/v2\/media?parent=2062"}],"wp:term":[{"taxonomy":"product_brand","embeddable":true,"href":"https:\/\/www.closdecaille.com\/en\/wp-json\/wp\/v2\/product_brand?post=2062"},{"taxonomy":"product_cat","embeddable":true,"href":"https:\/\/www.closdecaille.com\/en\/wp-json\/wp\/v2\/product_cat?post=2062"},{"taxonomy":"product_tag","embeddable":true,"href":"https:\/\/www.closdecaille.com\/en\/wp-json\/wp\/v2\/product_tag?post=2062"}],"curies":[{"name":"wp","href":"https:\/\/api.w.org\/{rel}","templated":true}]}}