{"id":6590,"date":"2025-12-12T15:59:47","date_gmt":"2025-12-12T14:59:47","guid":{"rendered":"https:\/\/www.closdecaille.com\/?page_id=6590"},"modified":"2025-12-12T16:15:35","modified_gmt":"2025-12-12T15:15:35","slug":"conditions-dutilisation-du-site","status":"publish","type":"page","link":"https:\/\/www.closdecaille.com\/en\/conditions-dutilisation-du-site\/","title":{"rendered":"Terms and conditions of use"},"content":{"rendered":"<div data-elementor-type=\"wp-page\" data-elementor-id=\"6590\" class=\"elementor elementor-6590\" data-elementor-post-type=\"page\">\n\t\t\t\t<section class=\"elementor-element elementor-element-f8d7687 e-con-full e-flex e-con e-parent\" data-id=\"f8d7687\" data-element_type=\"container\" data-e-type=\"container\">\n\t\t<div class=\"elementor-element elementor-element-8eb115b e-flex e-con-boxed e-con e-child\" data-id=\"8eb115b\" data-element_type=\"container\" data-e-type=\"container\">\n\t\t\t\t\t<div class=\"e-con-inner\">\n\t\t<div class=\"elementor-element elementor-element-eabb4d3 e-con-full e-flex e-con e-child\" data-id=\"eabb4d3\" data-element_type=\"container\" data-e-type=\"container\">\n\t\t\t\t<div class=\"elementor-element elementor-element-01936cc elementor-widget elementor-widget-heading\" data-id=\"01936cc\" data-element_type=\"widget\" data-e-type=\"widget\" data-widget_type=\"heading.default\">\n\t\t\t\t\t<h1 class=\"elementor-heading-title elementor-size-default\">Terms and conditions of use of the website<\/h1>\t\t\t\t<\/div>\n\t\t\t\t<\/div>\n\t\t\t\t\t<\/div>\n\t\t\t\t<\/div>\n\t\t\t\t<\/section>\n\t\t<div class=\"elementor-element elementor-element-786fffa e-flex e-con-boxed e-con e-parent\" data-id=\"786fffa\" data-element_type=\"container\" data-e-type=\"container\">\n\t\t\t\t\t<div class=\"e-con-inner\">\n\t\t\t\t<div class=\"elementor-element elementor-element-dc8562f elementor-widget elementor-widget-text-editor\" data-id=\"dc8562f\" data-element_type=\"widget\" data-e-type=\"widget\" data-widget_type=\"text-editor.default\">\n\t\t\t\t\t\t\t\t\t<h2>Definitions<\/h2><p><br \/>In these General Terms and Conditions of Use, the words or expressions mentioned below shall have the following meanings:<\/p><ul><li>\u00abTerms and Conditions of Use\u00bb or \u00abTerms of Use of the Website\u00bb: refers to these terms and conditions of use of the website www.closdecaille.com;<\/li><li>\u00abContent\u00bb: refers in particular to trademarks, logos, domain names, graphics, photographs, still or animated images, sounds, texts, data, product descriptions, whether visual and\/or audio.<\/li><li>\u00abSite\u00bb means the website www.closdecaille.com;<\/li><li>\u00abUser\u00bb: refers to any natural or legal person who visits one or more pages of the Website;<\/li><li>\u00abPublisher\u00bb: refers to SCEA DOMAINE DU CLOS DE CAILLE, Clos de Caille 83570 Entrecasteaux, France;<\/li><li>\u00abCookies\u00bb: refers to information stored on your hard drive by the server of the website you are visiting. These are trackers that are stored and read when you visit a website. They contain several pieces of data: the name of the server that stored them, an identifier in the form of a unique number, and possibly an expiry date.<\/li><\/ul>\t\t\t\t\t\t\t\t<\/div>\n\t\t\t\t<div class=\"elementor-element elementor-element-89d2a25 elementor-widget elementor-widget-text-editor\" data-id=\"89d2a25\" data-element_type=\"widget\" data-e-type=\"widget\" data-widget_type=\"text-editor.default\">\n\t\t\t\t\t\t\t\t\t<div><h2>Acceptance and modification of the General Terms and Conditions of Use<\/h2><\/div><p>Access to and use of the Website are subject to acceptance of and compliance with these General Terms and Conditions of Use.<\/p><p>By browsing the Website, regardless of the technical means of access and the terminals used, the User is deemed to be aware of these Terms of Use and to accept them without reservation.<\/p><p>These Terms of Use apply, as necessary, to any variation or extension of the Website on existing or future social networks and\/or community networks.<\/p><p>The Terms of Use may be modified at any time by the Publisher due to the evolving nature of the Website, which may be subject to changes, in particular through the provision of new features or the removal or modification of certain features.<\/p><p>Users are therefore advised to refer to the latest version of the website's Terms and Conditions of Use, which are available at any time on the Website, before browsing. In the event of disagreement with the website's Terms and Conditions of Use, the user may not use the Website.<\/p>\t\t\t\t\t\t\t\t<\/div>\n\t\t\t\t<div class=\"elementor-element elementor-element-1669968 elementor-widget elementor-widget-text-editor\" data-id=\"1669968\" data-element_type=\"widget\" data-e-type=\"widget\" data-widget_type=\"text-editor.default\">\n\t\t\t\t\t\t\t\t\t<h2>Access to the Website<\/h2><p>The Publisher endeavours to maintain access to the Website, without being under any obligation to do so. It is specified that for maintenance, updating, and any other reasons, particularly of a technical nature, access to the Website may be interrupted. The Publisher is not responsible for these interruptions and the consequences that may result for the User.<\/p><p>The Website is accessible free of charge to any User with Internet access. All costs associated with accessing the Website, whether hardware, software or Internet access costs, are the sole responsibility of the User.<\/p>\t\t\t\t\t\t\t\t<\/div>\n\t\t\t\t<div class=\"elementor-element elementor-element-0091d93 elementor-widget elementor-widget-text-editor\" data-id=\"0091d93\" data-element_type=\"widget\" data-e-type=\"widget\" data-widget_type=\"text-editor.default\">\n\t\t\t\t\t\t\t\t\t<h2>User Responsibility<\/h2><p>All hardware and software necessary to access and use the Website remain the sole responsibility of the User, who remains solely responsible for the proper functioning of their equipment and their Internet access. It is therefore their responsibility to take all appropriate measures to protect their own data, computer systems and\/or software from contamination by any viruses. The User is solely responsible for their use of the Website.<\/p>\t\t\t\t\t\t\t\t<\/div>\n\t\t\t\t<div class=\"elementor-element elementor-element-2e98d07 elementor-widget elementor-widget-text-editor\" data-id=\"2e98d07\" data-element_type=\"widget\" data-e-type=\"widget\" data-widget_type=\"text-editor.default\">\n\t\t\t\t\t\t\t\t\t<h2>Intellectual property rights<\/h2><p>The Website is an intellectual work protected by intellectual property law. The Website and all of its Content are the exclusive property of the Publisher or the Publisher holds the exclusive licence thereto. The Publisher is therefore solely authorised to use the intellectual property rights and personality rights relating thereto.<\/p><p>No licence or any other right other than that of consulting the site is granted to the User. The reproduction of any documents published on the website is authorised solely for information purposes for strictly personal and private use. Any reproduction or representation, in whole or in part, of the website or any of its components, on any medium whatsoever and in any form whatsoever, for other purposes, including commercial purposes, is expressly prohibited.<\/p><p>All requests for authorisation must be sent to the Publisher's address.<\/p><p>Any unauthorised use constitutes an infringement that may be subject to both criminal and civil penalties.<\/p>\t\t\t\t\t\t\t\t<\/div>\n\t\t\t\t<div class=\"elementor-element elementor-element-793ca2a elementor-widget elementor-widget-text-editor\" data-id=\"793ca2a\" data-element_type=\"widget\" data-e-type=\"widget\" data-widget_type=\"text-editor.default\">\n\t\t\t\t\t\t\t\t\t<h2>Personal data collected during browsing \u2013 Cookies<\/h2><p>When visiting the Website, personal data concerning the User may be collected.<\/p><p>Information regarding the collection and processing of this data, in addition to the functioning of cookies, is detailed in our Personal Data and Cookie Management Policy, which can be accessed via the following link: <a href=\"https:\/\/www.closdecaille.com\/en\/politique-de-confidentialite\/\">Privacy policy<\/a>.<\/p><p>All requests for authorisation must be sent to the Publisher's address.<\/p><p>Any unauthorised use constitutes an infringement that may be subject to both criminal and civil penalties.<\/p>\t\t\t\t\t\t\t\t<\/div>\n\t\t\t\t<div class=\"elementor-element elementor-element-fb9532f elementor-widget elementor-widget-text-editor\" data-id=\"fb9532f\" data-element_type=\"widget\" data-e-type=\"widget\" data-widget_type=\"text-editor.default\">\n\t\t\t\t\t\t\t\t\t<h2>Applicable law and competent court<\/h2><p>These Terms of Use are subject to French law. Any dispute relating to the interpretation, validity and consequences of these Terms of Use, and in the absence of a prior amicable solution, shall fall within the exclusive jurisdiction of the Courts of Draguignan.<\/p>\t\t\t\t\t\t\t\t<\/div>\n\t\t\t\t\t<\/div>\n\t\t\t\t<\/div>\n\t\t\t\t<\/div>","protected":false},"excerpt":{"rendered":"<p>Conditions d&rsquo;utilisation du site D\u00e9finitions Dans les pr\u00e9sentes Conditions G\u00e9n\u00e9rales d\u2019Utilisation, les mots ou expressions mentionn\u00e9s ci-dessous auront la signification suivante\u00a0: \u00ab Conditions G\u00e9n\u00e9rales d\u2019Utilisation \u00bb ou \u00ab CGU du site \u00bb : d\u00e9signent les pr\u00e9sentes conditions d\u2019utilisation du site web www.closdecaille.com\u00a0; \u00ab Contenus \u00bb : d\u00e9signe notamment les marques, logotypes, les noms de domaine, [&hellip;]<\/p>\n","protected":false},"author":20,"featured_media":0,"parent":0,"menu_order":63,"comment_status":"closed","ping_status":"closed","template":"","meta":{"_acf_changed":false,"_mo_disable_npp":"","footnotes":""},"class_list":["post-6590","page","type-page","status-publish","hentry"],"acf":[],"yoast_head":"<!-- This site is optimized with the Yoast SEO plugin v27.0 - https:\/\/yoast.com\/product\/yoast-seo-wordpress\/ -->\n<title>Conditions d&#039;Utilisation du site - Clos de Caille<\/title>\n<meta name=\"description\" content=\"Conditions d&#039;Utilisation du site - Clos de Caille, Provence.\" \/>\n<meta name=\"robots\" content=\"index, follow, max-snippet:-1, max-image-preview:large, max-video-preview:-1\" \/>\n<link rel=\"canonical\" href=\"https:\/\/www.closdecaille.com\/en\/conditions-dutilisation-du-site\/\" \/>\n<meta property=\"og:locale\" content=\"en_GB\" \/>\n<meta property=\"og:type\" content=\"article\" \/>\n<meta property=\"og:title\" content=\"Conditions d&#039;Utilisation du site - Clos de Caille\" \/>\n<meta property=\"og:description\" content=\"Conditions d&#039;Utilisation du site - Clos de Caille, Provence.\" \/>\n<meta property=\"og:url\" content=\"https:\/\/www.closdecaille.com\/en\/conditions-dutilisation-du-site\/\" \/>\n<meta property=\"og:site_name\" content=\"Clos de Caille\" \/>\n<meta property=\"article:modified_time\" content=\"2025-12-12T15:15:35+00:00\" \/>\n<meta name=\"twitter:label1\" content=\"Estimated reading time\" \/>\n\t<meta name=\"twitter:data1\" content=\"5 minutes\" \/>\n<script type=\"application\/ld+json\" class=\"yoast-schema-graph\">{\"@context\":\"https:\/\/schema.org\",\"@graph\":[{\"@type\":\"WebPage\",\"@id\":\"https:\/\/www.closdecaille.com\/conditions-dutilisation-du-site\/\",\"url\":\"https:\/\/www.closdecaille.com\/conditions-dutilisation-du-site\/\",\"name\":\"Conditions d'Utilisation du site - Clos de Caille\",\"isPartOf\":{\"@id\":\"https:\/\/www.closdecaille.com\/#website\"},\"datePublished\":\"2025-12-12T14:59:47+00:00\",\"dateModified\":\"2025-12-12T15:15:35+00:00\",\"description\":\"Conditions d'Utilisation du site - Clos de Caille, Provence.\",\"inLanguage\":\"en-GB\",\"potentialAction\":[{\"@type\":\"ReadAction\",\"target\":[\"https:\/\/www.closdecaille.com\/conditions-dutilisation-du-site\/\"]}]},{\"@type\":\"WebSite\",\"@id\":\"https:\/\/www.closdecaille.com\/#website\",\"url\":\"https:\/\/www.closdecaille.com\/\",\"name\":\"Clos de Caille\",\"description\":\"Vins AOP C\u00f4tes de Provence\",\"publisher\":{\"@id\":\"https:\/\/www.closdecaille.com\/#organization\"},\"potentialAction\":[{\"@type\":\"SearchAction\",\"target\":{\"@type\":\"EntryPoint\",\"urlTemplate\":\"https:\/\/www.closdecaille.com\/?s={search_term_string}\"},\"query-input\":{\"@type\":\"PropertyValueSpecification\",\"valueRequired\":true,\"valueName\":\"search_term_string\"}}],\"inLanguage\":\"en-GB\"},{\"@type\":\"Organization\",\"@id\":\"https:\/\/www.closdecaille.com\/#organization\",\"name\":\"Clos de Caille\",\"url\":\"https:\/\/www.closdecaille.com\/\",\"logo\":{\"@type\":\"ImageObject\",\"inLanguage\":\"en-GB\",\"@id\":\"https:\/\/www.closdecaille.com\/#\/schema\/logo\/image\/\",\"url\":\"https:\/\/www.closdecaille.com\/wp-content\/uploads\/2023\/07\/favicon-2023.png\",\"contentUrl\":\"https:\/\/www.closdecaille.com\/wp-content\/uploads\/2023\/07\/favicon-2023.png\",\"width\":600,\"height\":600,\"caption\":\"Clos de Caille\"},\"image\":{\"@id\":\"https:\/\/www.closdecaille.com\/#\/schema\/logo\/image\/\"}}]}<\/script>\n<!-- \/ Yoast SEO plugin. -->","yoast_head_json":{"title":"Terms and conditions of use - Clos de Caille","description":"Terms and conditions of use - Clos de Caille, Provence.","robots":{"index":"index","follow":"follow","max-snippet":"max-snippet:-1","max-image-preview":"max-image-preview:large","max-video-preview":"max-video-preview:-1"},"canonical":"https:\/\/www.closdecaille.com\/en\/conditions-dutilisation-du-site\/","og_locale":"en_GB","og_type":"article","og_title":"Conditions d'Utilisation du site - Clos de Caille","og_description":"Conditions d'Utilisation du site - Clos de Caille, Provence.","og_url":"https:\/\/www.closdecaille.com\/en\/conditions-dutilisation-du-site\/","og_site_name":"Clos de Caille","article_modified_time":"2025-12-12T15:15:35+00:00","twitter_misc":{"Estimated reading time":"5 minutes"},"schema":{"@context":"https:\/\/schema.org","@graph":[{"@type":"WebPage","@id":"https:\/\/www.closdecaille.com\/conditions-dutilisation-du-site\/","url":"https:\/\/www.closdecaille.com\/conditions-dutilisation-du-site\/","name":"Terms and conditions of use - Clos de Caille","isPartOf":{"@id":"https:\/\/www.closdecaille.com\/#website"},"datePublished":"2025-12-12T14:59:47+00:00","dateModified":"2025-12-12T15:15:35+00:00","description":"Terms and conditions of use - Clos de Caille, Provence.","inLanguage":"en-GB","potentialAction":[{"@type":"ReadAction","target":["https:\/\/www.closdecaille.com\/conditions-dutilisation-du-site\/"]}]},{"@type":"WebSite","@id":"https:\/\/www.closdecaille.com\/#website","url":"https:\/\/www.closdecaille.com\/","name":"Clos de Caille","description":"C\u00f4tes de Provence AOP wines","publisher":{"@id":"https:\/\/www.closdecaille.com\/#organization"},"potentialAction":[{"@type":"SearchAction","target":{"@type":"EntryPoint","urlTemplate":"https:\/\/www.closdecaille.com\/?s={search_term_string}"},"query-input":{"@type":"PropertyValueSpecification","valueRequired":true,"valueName":"search_term_string"}}],"inLanguage":"en-GB"},{"@type":"Organization","@id":"https:\/\/www.closdecaille.com\/#organization","name":"Clos de Caille","url":"https:\/\/www.closdecaille.com\/","logo":{"@type":"ImageObject","inLanguage":"en-GB","@id":"https:\/\/www.closdecaille.com\/#\/schema\/logo\/image\/","url":"https:\/\/www.closdecaille.com\/wp-content\/uploads\/2023\/07\/favicon-2023.png","contentUrl":"https:\/\/www.closdecaille.com\/wp-content\/uploads\/2023\/07\/favicon-2023.png","width":600,"height":600,"caption":"Clos de Caille"},"image":{"@id":"https:\/\/www.closdecaille.com\/#\/schema\/logo\/image\/"}}]}},"_links":{"self":[{"href":"https:\/\/www.closdecaille.com\/en\/wp-json\/wp\/v2\/pages\/6590","targetHints":{"allow":["GET"]}}],"collection":[{"href":"https:\/\/www.closdecaille.com\/en\/wp-json\/wp\/v2\/pages"}],"about":[{"href":"https:\/\/www.closdecaille.com\/en\/wp-json\/wp\/v2\/types\/page"}],"author":[{"embeddable":true,"href":"https:\/\/www.closdecaille.com\/en\/wp-json\/wp\/v2\/users\/20"}],"replies":[{"embeddable":true,"href":"https:\/\/www.closdecaille.com\/en\/wp-json\/wp\/v2\/comments?post=6590"}],"version-history":[{"count":7,"href":"https:\/\/www.closdecaille.com\/en\/wp-json\/wp\/v2\/pages\/6590\/revisions"}],"predecessor-version":[{"id":6618,"href":"https:\/\/www.closdecaille.com\/en\/wp-json\/wp\/v2\/pages\/6590\/revisions\/6618"}],"wp:attachment":[{"href":"https:\/\/www.closdecaille.com\/en\/wp-json\/wp\/v2\/media?parent=6590"}],"curies":[{"name":"wp","href":"https:\/\/api.w.org\/{rel}","templated":true}]}}