{"id":6082,"date":"2025-12-08T10:59:54","date_gmt":"2025-12-08T09:59:54","guid":{"rendered":"https:\/\/www.closdecaille.com\/?page_id=6082"},"modified":"2025-12-12T15:48:50","modified_gmt":"2025-12-12T14:48:50","slug":"mentions-legales","status":"publish","type":"page","link":"https:\/\/www.closdecaille.com\/en\/mentions-legales\/","title":{"rendered":"Legal Notice"},"content":{"rendered":"<div data-elementor-type=\"wp-page\" data-elementor-id=\"6082\" class=\"elementor elementor-6082\" data-elementor-post-type=\"page\">\n\t\t\t\t<section class=\"elementor-element elementor-element-c96c3bf e-con-full e-flex e-con e-parent\" data-id=\"c96c3bf\" data-element_type=\"container\" data-e-type=\"container\">\n\t\t<div class=\"elementor-element elementor-element-ce27c5e e-flex e-con-boxed e-con e-child\" data-id=\"ce27c5e\" data-element_type=\"container\" data-e-type=\"container\">\n\t\t\t\t\t<div class=\"e-con-inner\">\n\t\t<div class=\"elementor-element elementor-element-20b6284 e-con-full e-flex e-con e-child\" data-id=\"20b6284\" data-element_type=\"container\" data-e-type=\"container\">\n\t\t\t\t<div class=\"elementor-element elementor-element-1d6f6be elementor-widget elementor-widget-heading\" data-id=\"1d6f6be\" data-element_type=\"widget\" data-e-type=\"widget\" data-widget_type=\"heading.default\">\n\t\t\t\t\t<h1 class=\"elementor-heading-title elementor-size-default\">Legal Notice<\/h1>\t\t\t\t<\/div>\n\t\t\t\t<\/div>\n\t\t\t\t\t<\/div>\n\t\t\t\t<\/div>\n\t\t\t\t<\/section>\n\t\t<div class=\"elementor-element elementor-element-00c71f2 e-flex e-con-boxed e-con e-parent\" data-id=\"00c71f2\" data-element_type=\"container\" data-e-type=\"container\">\n\t\t\t\t\t<div class=\"e-con-inner\">\n\t\t\t\t<div class=\"elementor-element elementor-element-c42250e elementor-widget elementor-widget-text-editor\" data-id=\"c42250e\" data-element_type=\"widget\" data-e-type=\"widget\" data-widget_type=\"text-editor.default\">\n\t\t\t\t\t\t\t\t\t<h2>Publisher<\/h2><p><strong>SCEA DOMAINE DU CLOS DE CAILLE<\/strong><\/p><p>Clos de Caille<br \/>2861 Mousteirol Road<br \/>83570 Entrecasteaux, France<br \/>SIRET: 91861524600017<br \/>Tel. +44 (0)1444 82 38 44<br \/>email: info@closdecaile.com<\/p><h2>\u00a0<\/h2><h2>Host<\/h2><p>INFOMANIAK<\/p><p>Infomaniak Network Limited<br \/>25 Eug\u00e8ne Marziano Street<br \/>1227 Les Acacias, Geneva (GE), Switzerland<\/p><p>\u00a0<\/p><h2>Publishing Director<\/h2><p>Mr. Mathieu Mariotti<\/p><p>\u00a0<\/p><h2>Website design and development<\/h2><p>Maxime Cochini<br \/><a href=\"https:\/\/www.maximecochini.com\/\" target=\"_blank\" rel=\"noopener\">www.maximecochini.com<\/a><\/p><p>\u00a0<\/p><h2>Legal age for alcohol consumption<\/h2><p>To view this website, you must be of legal drinking age in your country of residence. If you are not, please leave this website. If you are of legal drinking age, we urge you to consume the products displayed on our website in moderation at all times.<\/p><p>\u00a0<\/p><h2>Restricted territories<\/h2><p>In some countries, it is prohibited to visit a website such as Clos de Caille because local legislation restricts the sale and\/or promotion of alcoholic beverages. If you are accessing this site from a country where such restrictions apply, you must log out immediately. If you are unsure of the legal provisions in your country of connection, we recommend that you leave this site and ascertain your rights before continuing.<\/p>\t\t\t\t\t\t\t\t<\/div>\n\t\t\t\t\t<\/div>\n\t\t\t\t<\/div>\n\t\t\t\t<\/div>","protected":false},"excerpt":{"rendered":"<p>Mentions L\u00e9gales Editeur SCEA DOMAINE DU CLOS DE CAILLE Clos de Caille2861 Chemin de Mousteirol83570 Entrecasteaux, FranceSIRET\u00a0: 91861524600017T\u00e9l. +33 (0)9 88 66 38 44email\u00a0: info@closdecaile.com \u00a0 H\u00e9bergeur INFOMANIAK Infomaniak Network SARue Eug\u00e8ne Marziano 251227 Les Acacias, Gen\u00e8ve (GE), Suisse \u00a0 Directeur de la Publication Monsieur Mathieu Mariotti \u00a0 Conception &amp; R\u00e9alisation du site Maxime Cochiniwww.maximecochini.com [&hellip;]<\/p>\n","protected":false},"author":20,"featured_media":0,"parent":0,"menu_order":0,"comment_status":"closed","ping_status":"closed","template":"","meta":{"_acf_changed":false,"_mo_disable_npp":"","footnotes":""},"class_list":["post-6082","page","type-page","status-publish","hentry"],"acf":[],"yoast_head":"<!-- This site is optimized with the Yoast SEO plugin v27.0 - https:\/\/yoast.com\/product\/yoast-seo-wordpress\/ -->\n<title>Mentions L\u00e9gales - Clos de Caille<\/title>\n<meta name=\"description\" content=\"Mentions L\u00e9gales - Clos de Caille, Provence.\" \/>\n<meta name=\"robots\" content=\"index, follow, max-snippet:-1, max-image-preview:large, max-video-preview:-1\" \/>\n<link rel=\"canonical\" href=\"https:\/\/www.closdecaille.com\/en\/mentions-legales\/\" \/>\n<meta property=\"og:locale\" content=\"en_GB\" \/>\n<meta property=\"og:type\" content=\"article\" \/>\n<meta property=\"og:title\" content=\"Mentions L\u00e9gales - Clos de Caille\" \/>\n<meta property=\"og:description\" content=\"Mentions L\u00e9gales - Clos de Caille, Provence.\" \/>\n<meta property=\"og:url\" content=\"https:\/\/www.closdecaille.com\/en\/mentions-legales\/\" \/>\n<meta property=\"og:site_name\" content=\"Clos de Caille\" \/>\n<meta property=\"article:modified_time\" content=\"2025-12-12T14:48:50+00:00\" \/>\n<meta name=\"twitter:label1\" content=\"Estimated reading time\" \/>\n\t<meta name=\"twitter:data1\" content=\"2 minutes\" \/>\n<script type=\"application\/ld+json\" class=\"yoast-schema-graph\">{\"@context\":\"https:\/\/schema.org\",\"@graph\":[{\"@type\":\"WebPage\",\"@id\":\"https:\/\/www.closdecaille.com\/mentions-legales\/\",\"url\":\"https:\/\/www.closdecaille.com\/mentions-legales\/\",\"name\":\"Mentions L\u00e9gales - Clos de Caille\",\"isPartOf\":{\"@id\":\"https:\/\/www.closdecaille.com\/#website\"},\"datePublished\":\"2025-12-08T09:59:54+00:00\",\"dateModified\":\"2025-12-12T14:48:50+00:00\",\"description\":\"Mentions L\u00e9gales - Clos de Caille, Provence.\",\"inLanguage\":\"en-GB\",\"potentialAction\":[{\"@type\":\"ReadAction\",\"target\":[\"https:\/\/www.closdecaille.com\/mentions-legales\/\"]}]},{\"@type\":\"WebSite\",\"@id\":\"https:\/\/www.closdecaille.com\/#website\",\"url\":\"https:\/\/www.closdecaille.com\/\",\"name\":\"Clos de Caille\",\"description\":\"Vins AOP C\u00f4tes de Provence\",\"publisher\":{\"@id\":\"https:\/\/www.closdecaille.com\/#organization\"},\"potentialAction\":[{\"@type\":\"SearchAction\",\"target\":{\"@type\":\"EntryPoint\",\"urlTemplate\":\"https:\/\/www.closdecaille.com\/?s={search_term_string}\"},\"query-input\":{\"@type\":\"PropertyValueSpecification\",\"valueRequired\":true,\"valueName\":\"search_term_string\"}}],\"inLanguage\":\"en-GB\"},{\"@type\":\"Organization\",\"@id\":\"https:\/\/www.closdecaille.com\/#organization\",\"name\":\"Clos de Caille\",\"url\":\"https:\/\/www.closdecaille.com\/\",\"logo\":{\"@type\":\"ImageObject\",\"inLanguage\":\"en-GB\",\"@id\":\"https:\/\/www.closdecaille.com\/#\/schema\/logo\/image\/\",\"url\":\"https:\/\/www.closdecaille.com\/wp-content\/uploads\/2023\/07\/favicon-2023.png\",\"contentUrl\":\"https:\/\/www.closdecaille.com\/wp-content\/uploads\/2023\/07\/favicon-2023.png\",\"width\":600,\"height\":600,\"caption\":\"Clos de Caille\"},\"image\":{\"@id\":\"https:\/\/www.closdecaille.com\/#\/schema\/logo\/image\/\"}}]}<\/script>\n<!-- \/ Yoast SEO plugin. -->","yoast_head_json":{"title":"Legal Notice - Clos de Caille","description":"Legal Notice - Clos de Caille, Provence.","robots":{"index":"index","follow":"follow","max-snippet":"max-snippet:-1","max-image-preview":"max-image-preview:large","max-video-preview":"max-video-preview:-1"},"canonical":"https:\/\/www.closdecaille.com\/en\/mentions-legales\/","og_locale":"en_GB","og_type":"article","og_title":"Mentions L\u00e9gales - Clos de Caille","og_description":"Mentions L\u00e9gales - Clos de Caille, Provence.","og_url":"https:\/\/www.closdecaille.com\/en\/mentions-legales\/","og_site_name":"Clos de Caille","article_modified_time":"2025-12-12T14:48:50+00:00","twitter_misc":{"Estimated reading time":"2 minutes"},"schema":{"@context":"https:\/\/schema.org","@graph":[{"@type":"WebPage","@id":"https:\/\/www.closdecaille.com\/mentions-legales\/","url":"https:\/\/www.closdecaille.com\/mentions-legales\/","name":"Legal Notice - Clos de Caille","isPartOf":{"@id":"https:\/\/www.closdecaille.com\/#website"},"datePublished":"2025-12-08T09:59:54+00:00","dateModified":"2025-12-12T14:48:50+00:00","description":"Legal Notice - Clos de Caille, Provence.","inLanguage":"en-GB","potentialAction":[{"@type":"ReadAction","target":["https:\/\/www.closdecaille.com\/mentions-legales\/"]}]},{"@type":"WebSite","@id":"https:\/\/www.closdecaille.com\/#website","url":"https:\/\/www.closdecaille.com\/","name":"Clos de Caille","description":"C\u00f4tes de Provence AOP wines","publisher":{"@id":"https:\/\/www.closdecaille.com\/#organization"},"potentialAction":[{"@type":"SearchAction","target":{"@type":"EntryPoint","urlTemplate":"https:\/\/www.closdecaille.com\/?s={search_term_string}"},"query-input":{"@type":"PropertyValueSpecification","valueRequired":true,"valueName":"search_term_string"}}],"inLanguage":"en-GB"},{"@type":"Organization","@id":"https:\/\/www.closdecaille.com\/#organization","name":"Clos de Caille","url":"https:\/\/www.closdecaille.com\/","logo":{"@type":"ImageObject","inLanguage":"en-GB","@id":"https:\/\/www.closdecaille.com\/#\/schema\/logo\/image\/","url":"https:\/\/www.closdecaille.com\/wp-content\/uploads\/2023\/07\/favicon-2023.png","contentUrl":"https:\/\/www.closdecaille.com\/wp-content\/uploads\/2023\/07\/favicon-2023.png","width":600,"height":600,"caption":"Clos de Caille"},"image":{"@id":"https:\/\/www.closdecaille.com\/#\/schema\/logo\/image\/"}}]}},"_links":{"self":[{"href":"https:\/\/www.closdecaille.com\/en\/wp-json\/wp\/v2\/pages\/6082","targetHints":{"allow":["GET"]}}],"collection":[{"href":"https:\/\/www.closdecaille.com\/en\/wp-json\/wp\/v2\/pages"}],"about":[{"href":"https:\/\/www.closdecaille.com\/en\/wp-json\/wp\/v2\/types\/page"}],"author":[{"embeddable":true,"href":"https:\/\/www.closdecaille.com\/en\/wp-json\/wp\/v2\/users\/20"}],"replies":[{"embeddable":true,"href":"https:\/\/www.closdecaille.com\/en\/wp-json\/wp\/v2\/comments?post=6082"}],"version-history":[{"count":16,"href":"https:\/\/www.closdecaille.com\/en\/wp-json\/wp\/v2\/pages\/6082\/revisions"}],"predecessor-version":[{"id":6586,"href":"https:\/\/www.closdecaille.com\/en\/wp-json\/wp\/v2\/pages\/6082\/revisions\/6586"}],"wp:attachment":[{"href":"https:\/\/www.closdecaille.com\/en\/wp-json\/wp\/v2\/media?parent=6082"}],"curies":[{"name":"wp","href":"https:\/\/api.w.org\/{rel}","templated":true}]}}